{"id":1688,"date":"2025-09-16T13:31:54","date_gmt":"2025-09-16T13:31:54","guid":{"rendered":"https:\/\/previntegral.com\/?page_id=1688"},"modified":"2026-04-08T14:39:49","modified_gmt":"2026-04-08T14:39:49","slug":"prueba","status":"publish","type":"page","link":"https:\/\/previntegral.com\/es\/test\/","title":{"rendered":"Prueba"},"content":{"rendered":"<div data-elementor-type=\"wp-page\" data-elementor-id=\"1688\" class=\"elementor elementor-1688\" data-elementor-post-type=\"page\">\n\t\t\t\t<div class=\"elementor-element elementor-element-706fbf9 e-flex e-con-boxed e-con e-parent\" data-id=\"706fbf9\" data-element_type=\"container\" data-e-type=\"container\">\n\t\t\t\t\t<div class=\"e-con-inner\">\n\t\t\t\t<div class=\"elementor-element elementor-element-151772c elementor-widget elementor-widget-html\" data-id=\"151772c\" data-element_type=\"widget\" data-e-type=\"widget\" data-widget_type=\"html.default\">\n\t\t\t\t\t<table\r\n  role=\"presentation\"\r\n  cellpadding=\"0\"\r\n  cellspacing=\"0\"\r\n  border=\"0\"\r\n  style=\"    width:100%;    max-width:500px;    border-collapse:collapse;    border-spacing:0;    border:0;    margin:0;    padding:0;    background:transparent;    font-family:Arial, Helvetica, sans-serif;    mso-table-lspace:0pt;    mso-table-rspace:0pt;  \"\r\n>\r\n  <tr style=\"border:0; margin:0; padding:0; background:transparent;\">\r\n    <td\r\n      style=\"        border:0;        margin:0;        padding:0;        background:transparent;        vertical-align:top;      \"\r\n    >\r\n\r\n      <!-- CABECERA -->\r\n      <table\r\n        role=\"presentation\"\r\n        cellpadding=\"0\"\r\n        cellspacing=\"0\"\r\n        border=\"0\"\r\n        style=\"          width:100%;          border-collapse:collapse;          border-spacing:0;          border:0;          margin:0;          padding:0;          background:transparent;          mso-table-lspace:0pt;          mso-table-rspace:0pt;        \"\r\n      >\r\n        <tr style=\"border:0; margin:0; padding:0; background:transparent;\">\r\n\r\n          <!-- LOGO -->\r\n          <td\r\n            width=\"120\"\r\n            valign=\"top\"\r\n            style=\"              width:120px;              border:0;              margin:0;              padding:0 18px 0 0;              background:transparent;              vertical-align:top;            \"\r\n          >\r\n            <img decoding=\"async\"\r\n              src=\"https:\/\/previntegral.com\/wp-content\/uploads\/2026\/04\/logo-firma.jpg\"\r\n              alt=\"Logotipo del Grupo Previntegral\"\r\n              width=\"150\"\r\n              style=\"                display:block;                width:120px;                height:auto;                border:0;                outline:none;                text-decoration:none;                margin:0;                padding:0;              \"\r\n            >\r\n          <\/td>\r\n\r\n          <!-- TEXTO -->\r\n          <td\r\n            width=\"240\"\r\n            valign=\"top\"\r\n            style=\"              border:0;              margin:0;              padding:0 10px 0 0;              background:transparent;              vertical-align:top;              color:#111111;            \"\r\n          >\r\n            <div style=\"margin:0; padding:0; font-size:21px; line-height:32px; font-weight:700; color:#111111;\">\r\n              Ferran Roig\r\n            <\/div>\r\n\r\n            <div style=\"margin:px 0 10px 0; padding:0; font-size:16px; line-height:22px; font-weight:700; color:#111111;\">\r\n              Grupo Previntegral\r\n            <\/div>\r\n\r\n            <div style=\"margin:0; padding:0; font-size:14px; line-height:24px; font-weight:400; color:#111111;\">\r\n              Departamento de Marketing<br>\r\n              Delegaci\u00f3n Central\r\n            <\/div>\r\n          <\/td>\r\n\r\n          <!-- SEPARADOR -->\r\n          <td\r\n            width=\"3\"\r\n            valign=\"top\"\r\n            style=\"              width:5px;              border:0;              margin:0;              padding:0 0px 0 0;              background:transparent;              vertical-align:top;            \"\r\n          >\r\n            <div\r\n              style=\"                width:3px;                height:120px;                background-color:#2b84a3;                margin:0;                padding:0;                font-size:0;                line-height:0;              \"\r\n            >&nbsp;<\/div>\r\n          <\/td>\r\n\r\n          <!-- CONTACTO -->\r\n          <td\r\n            width=\"235\"\r\n            valign=\"top\"\r\n            style=\"              width:235px;              border:0;              margin:0;              padding:0px 0px 0px 20px;              background:transparent;              vertical-align:top;            \"\r\n          >\r\n            <table\r\n              role=\"presentation\"\r\n              cellpadding=\"0\"\r\n              cellspacing=\"0\"\r\n              border=\"0\"\r\n              style=\"                width:100%;                border-collapse:collapse;                border-spacing:0;                border:0;                margin:0;                padding:0;                background:transparent;                mso-table-lspace:0pt;                mso-table-rspace:0pt;              \"\r\n            >\r\n              <tr style=\"border:0; margin:0; padding:0; background:transparent;\">\r\n                <td\r\n                  width=\"34\"\r\n                  valign=\"middle\"\r\n                  style=\"                    width:34px;                    border:0;                    margin:0;                    padding:0 10px 10px 0;                    background:transparent;                    vertical-align:middle;                  \"\r\n                >\r\n                  <img decoding=\"async\"\r\n                    src=\"https:\/\/previntegral.com\/wp-content\/uploads\/2026\/04\/sector4.jpg\"\r\n                    alt=\"Correo electr\u00f3nico\"\r\n                    width=\"18\"\r\n                    style=\"display:block; width:18px; height:auto; border:0; outline:none; text-decoration:none; margin:0; padding:0;\"\r\n                  >\r\n                <\/td>\r\n                <td\r\n                  valign=\"middle\"\r\n                  style=\"                    border:0;                    margin:0;                    padding:0 0 10px 0;                    background:transparent;                    vertical-align:middle;                    font-size:14px;                    line-height:20px;                    color:#111111;                  \"\r\n                >\r\n                  <a href=\"mailto:froig@formintegral.com\" style=\"color:#111111; text-decoration:none; border:0; outline:none;\">\r\n                    froig@formintegral.com\r\n                  <\/a>\r\n                <\/td>\r\n              <\/tr>\r\n\r\n              <tr style=\"border:0; margin:0; padding:0; background:transparent;\">\r\n                <td\r\n                  width=\"18\"\r\n                  valign=\"middle\"\r\n                  style=\"                    width:18px;                    border:0;                    margin:0;                    padding:0 10px 10px 0;                    background:transparent;                    vertical-align:middle;                  \"\r\n                >\r\n                  <img decoding=\"async\"\r\n                    src=\"https:\/\/previntegral.com\/wp-content\/uploads\/2026\/04\/sector1.jpg\"\r\n                    alt=\"Tel\u00e9fono\"\r\n                    width=\"18\"\r\n                    style=\"display:block; width:18px; height:auto; border:0; outline:none; text-decoration:none; margin:0; padding:0;\"\r\n                  >\r\n                <\/td>\r\n                <td\r\n                  valign=\"middle\"\r\n                  style=\"                    border:0;                    margin:0;                    padding:0 0 10px 0;                    background:transparent;                    vertical-align:middle;                    font-size:14px;                    line-height:20px;                    color:#111111;                  \"\r\n                >\r\n                  <a href=\"tel:+34973123123\" style=\"color:#111111; text-decoration:none; border:0; outline:none;\">\r\n                    +34 973 123 123\r\n                  <\/a>\r\n                <\/td>\r\n              <\/tr>\r\n\r\n              <tr style=\"border:0; margin:0; padding:0; background:transparent;\">\r\n                <td\r\n                  width=\"34\"\r\n                  valign=\"middle\"\r\n                  style=\"                    width:34px;                    border:0;                    margin:0;                    padding:0 10px 10px 0;                    background:transparent;                    vertical-align:middle;                  \"\r\n                >\r\n                  <img decoding=\"async\"\r\n                    src=\"https:\/\/previntegral.com\/wp-content\/uploads\/2026\/04\/sector3.jpg\"\r\n                    alt=\"Web\"\r\n                    width=\"18\"\r\n                    style=\"display:block; width:18px; height:auto; border:0; outline:none; text-decoration:none; margin:0; padding:0;\"\r\n                  >\r\n                <\/td>\r\n                <td\r\n                  valign=\"middle\"\r\n                  style=\"                    border:0;                    margin:0;                    padding:0 0 10px 0;                    background:transparent;                    vertical-align:middle;                    font-size:14px;                    line-height:20px;                    color:#111111;                  \"\r\n                >\r\n                  <a href=\"https:\/\/formintegral.com\" target=\"_blank\" style=\"color:#111111; text-decoration:none; border:0; outline:none;\" rel=\"noopener\">\r\n                    formintegral.com\r\n                  <\/a>\r\n                <\/td>\r\n              <\/tr>\r\n\r\n              <tr style=\"border:0; margin:0; padding:0; background:transparent;\">\r\n                <td\r\n                  width=\"34\"\r\n                  valign=\"middle\"\r\n                  style=\"                    width:34px;                    border:0;                    margin:0;                    padding:0 10px 0 0;                    background:transparent;                    vertical-align:middle;                  \"\r\n                >\r\n                  <img decoding=\"async\"\r\n                    src=\"https:\/\/previntegral.com\/wp-content\/uploads\/2026\/04\/sector2.jpg\"\r\n                    alt=\"LinkedIn\"\r\n                    width=\"18\"\r\n                    style=\"display:block; width:18px; height:auto; border:0; outline:none; text-decoration:none; margin:0; padding:0;\"\r\n                  >\r\n                <\/td>\r\n                <td\r\n                  valign=\"middle\"\r\n                  style=\"                    border:0;                    margin:0;                    padding:0;                    background:transparent;                    vertical-align:middle;                    font-size:14px;                    line-height:20px;                    color:#111111;                  \"\r\n                >\r\n                  <a href=\"https:\/\/www.linkedin.com\/company\/formintegral\" target=\"_blank\" style=\"color:#111111; text-decoration:none; border:0; outline:none;\" rel=\"noopener\">\r\n                    @formintegral\r\n                  <\/a>\r\n                <\/td>\r\n              <\/tr>\r\n            <\/table>\r\n          <\/td>\r\n        <\/tr>\r\n\r\n        <!-- CLAIM -->\r\n        <tr style=\"border:0; margin:0; padding:0; background:transparent;\">\r\n          <td\r\n            colspan=\"4\"\r\n            align=\"center\"\r\n            style=\"              border:0;              margin:0;              padding:20px 0 10px 0;              background:transparent;              font-size:16px;              line-height:22px;              font-weight:700;              color:#2b84a3;            \"\r\n          >\r\n            <a style=\"color:#237E99\" href=\"https:\/\/previntegral.com\/es\/prevencion-de-riesgos\/\">Prevenci\u00f3n de riesgos<\/a>\r\n            <span style=\"color:#d19a17;\">&nbsp;&nbsp;\u2022&nbsp;&nbsp;<\/span>\r\n            <a style=\"color:#237E99\" href=\"https:\/\/previntegral.com\/es\/salud-laboral\/\">Salud laboral<\/a>\r\n            <span style=\"color:#d19a17;\">&nbsp;&nbsp;\u2022&nbsp;&nbsp;<\/span>\r\n            <a style=\"color:#237E99\" href=\"https:\/\/previntegral.com\/es\/formacion\/\">Formaci\u00f3n<\/a>\r\n          <\/td>\r\n        <\/tr>\r\n\r\n        <!-- BANNER -->\r\n        <tr style=\"border:0; margin:0; padding:0; background:transparent;\">\r\n          <td\r\n            colspan=\"4\"\r\n            style=\"              border:0;              margin:0;              padding:0;              background:transparent;            \"\r\n          >\r\n            <a href=\"https:\/\/previntegral.com\/es\/\" target=\"_blank\" style=\"display:block; border:0; outline:none; text-decoration:none; margin:0; padding:0;\">\r\n              <img decoding=\"async\"\r\n                src=\"https:\/\/previntegral.com\/wp-content\/uploads\/2026\/04\/banner-firma.jpg\"\r\n                alt=\"Descubre la nueva aplicaci\u00f3n Previntegral\"\r\n                width=\"1120\"\r\n                style=\"                  display:block;                  width:100%;                  max-width:1120px;                  height:auto;                  border:0;                  outline:none;                  text-decoration:none;                  margin:0;                  padding:0;                \"\r\n              >\r\n            <\/a>\r\n          <\/td>\r\n        <\/tr>\r\n      <\/table>\r\n\r\n    <\/td>\r\n  <\/tr>\r\n<\/table>\t\t\t\t<\/div>\n\t\t\t\t\t<\/div>\n\t\t\t\t<\/div>\n\t\t\t\t<\/div>","protected":false},"excerpt":{"rendered":"<p>Ferran Roig Previntegral Group Departament de M\u00e0rqueting Delegaci\u00f3 Central &nbsp; froig@formintegral.com +34 973 123 123 formintegral.com @formintegral Prevenci\u00f3 de riscos &nbsp;&nbsp;\u2022&nbsp;&nbsp; Salut laboral &nbsp;&nbsp;\u2022&nbsp;&nbsp; Formaci\u00f3<\/p>","protected":false},"author":1,"featured_media":0,"parent":0,"menu_order":0,"comment_status":"closed","ping_status":"closed","template":"","meta":{"_acf_changed":false,"footnotes":""},"class_list":["post-1688","page","type-page","status-publish","hentry"],"acf":[],"_links":{"self":[{"href":"https:\/\/previntegral.com\/es\/wp-json\/wp\/v2\/pages\/1688","targetHints":{"allow":["GET"]}}],"collection":[{"href":"https:\/\/previntegral.com\/es\/wp-json\/wp\/v2\/pages"}],"about":[{"href":"https:\/\/previntegral.com\/es\/wp-json\/wp\/v2\/types\/page"}],"author":[{"embeddable":true,"href":"https:\/\/previntegral.com\/es\/wp-json\/wp\/v2\/users\/1"}],"replies":[{"embeddable":true,"href":"https:\/\/previntegral.com\/es\/wp-json\/wp\/v2\/comments?post=1688"}],"version-history":[{"count":44,"href":"https:\/\/previntegral.com\/es\/wp-json\/wp\/v2\/pages\/1688\/revisions"}],"predecessor-version":[{"id":8425,"href":"https:\/\/previntegral.com\/es\/wp-json\/wp\/v2\/pages\/1688\/revisions\/8425"}],"wp:attachment":[{"href":"https:\/\/previntegral.com\/es\/wp-json\/wp\/v2\/media?parent=1688"}],"curies":[{"name":"WordPress","href":"https:\/\/api.w.org\/{rel}","templated":true}]}}