{"id":292,"date":"2025-07-14T11:05:53","date_gmt":"2025-07-14T11:05:53","guid":{"rendered":"https:\/\/previntegral.com\/?page_id=292"},"modified":"2025-12-23T15:22:51","modified_gmt":"2025-12-23T15:22:51","slug":"campanas-de-salud","status":"publish","type":"page","link":"https:\/\/previntegral.com\/es\/salut-laboral\/campanyes-de-salut\/","title":{"rendered":"Campa\u00f1as de salud"},"content":{"rendered":"\t\t<div data-elementor-type=\"wp-page\" data-elementor-id=\"292\" class=\"elementor elementor-292\" data-elementor-post-type=\"page\">\n\t\t\t\t<div class=\"elementor-element elementor-element-defea31 e-flex e-con-boxed e-con e-parent\" data-id=\"defea31\" data-element_type=\"container\" data-e-type=\"container\" data-settings=\"{&quot;background_background&quot;:&quot;classic&quot;}\">\n\t\t\t\t\t<div class=\"e-con-inner\">\n\t\t<div class=\"elementor-element elementor-element-7e8edce e-con-full e-flex e-con e-child\" data-id=\"7e8edce\" data-element_type=\"container\" data-e-type=\"container\">\n\t\t\t\t<div class=\"elementor-element elementor-element-3726594 elementor-widget elementor-widget-heading\" data-id=\"3726594\" data-element_type=\"widget\" data-e-type=\"widget\" data-widget_type=\"heading.default\">\n\t\t\t\t\t<h2 class=\"elementor-heading-title elementor-size-default\">Campanyes de salut<\/h2>\t\t\t\t<\/div>\n\t\t\t\t<div class=\"elementor-element elementor-element-d7691bd btn-cta-icon elementor-widget elementor-widget-button\" data-id=\"d7691bd\" data-element_type=\"widget\" data-e-type=\"widget\" data-widget_type=\"button.default\">\n\t\t\t\t\t\t\t\t\t\t<a class=\"elementor-button elementor-button-link elementor-size-sm\" href=\"https:\/\/previntegral.com\/es\/pressupost\/\">\n\t\t\t\t\t\t<span class=\"elementor-button-content-wrapper\">\n\t\t\t\t\t\t<span class=\"elementor-button-icon\">\n\t\t\t\t<svg xmlns=\"http:\/\/www.w3.org\/2000\/svg\" width=\"47\" height=\"47\" viewBox=\"0 0 47 47\" fill=\"none\"><path d=\"M6.87401 39.916C10.1613 43.1861 14.3495 45.413 18.9091 46.3152C23.4687 47.2175 28.1948 46.7544 32.4898 44.9847C36.7848 43.2149 40.4559 40.2179 43.0387 36.3728C45.6214 32.5276 47 28.0068 47 23.3823C47 18.7577 45.6214 14.237 43.0387 10.3918C40.4559 6.54659 36.7848 3.54963 32.4898 1.77988C28.1948 0.0101316 23.4687 -0.452916 18.9091 0.449294C14.3495 1.3515 10.1613 3.57845 6.87401 6.84851C2.47214 11.2368 1.88171e-07 17.183 0 23.3823C-1.88171e-07 29.5816 2.47214 35.5277 6.87401 39.916ZM37.3453 9.60414C40.0847 12.3292 41.9503 15.8011 42.7061 19.5809C43.4619 23.3607 43.074 27.2785 41.5914 30.8389C40.1089 34.3994 37.5983 37.4426 34.3771 39.5836C31.1559 41.7247 27.3688 42.8675 23.4947 42.8675C19.6207 42.8675 15.8336 41.7247 12.6124 39.5836C9.3912 37.4426 6.88059 34.3994 5.39804 30.8389C3.91549 27.2785 3.52759 23.3607 4.28339 19.5809C5.03919 15.8011 6.90474 12.3292 9.64413 9.60414C13.3203 5.9552 18.3015 3.90591 23.4947 3.90591C28.688 3.90591 33.6691 5.9552 37.3453 9.60414ZM17.1428 13.9746C17.1429 14.4912 17.3493 14.9867 17.7166 15.3521C18.0838 15.7174 18.5819 15.9227 19.1013 15.9228L28.222 15.9242L13.809 30.281C13.4417 30.6464 13.2353 31.142 13.2353 31.6588C13.2353 32.1756 13.4417 32.6712 13.809 33.0366C14.1763 33.402 14.6746 33.6073 15.1941 33.6073C15.7136 33.6073 16.2118 33.402 16.5791 33.0366L30.9935 18.6784V27.7527C30.982 28.0127 31.0229 28.2723 31.114 28.5163C31.205 28.7603 31.3443 28.9837 31.5235 29.1733C31.7027 29.3628 31.9183 29.5148 32.1576 29.6201C32.3968 29.7254 32.6548 29.782 32.9164 29.7865C33.178 29.7911 33.4378 29.7434 33.6806 29.6464C33.9233 29.5493 34.1441 29.4049 34.3298 29.2216C34.5156 29.0384 34.6625 28.8199 34.762 28.5792C34.8615 28.3385 34.9115 28.0804 34.909 27.8202L34.9104 27.7527L34.9118 17.8724C34.9119 17.1047 34.7599 16.3444 34.4646 15.6351C34.1693 14.9258 33.7364 14.2813 33.1907 13.7385C32.6449 13.1956 31.9971 12.765 31.284 12.4712C30.571 12.1774 29.8068 12.0263 29.035 12.0263L19.1013 12.0263C18.5819 12.0264 18.0838 12.2317 17.7166 12.597C17.3493 12.9624 17.1429 13.4579 17.1428 13.9746Z\" fill=\"white\"><\/path><\/svg>\t\t\t<\/span>\n\t\t\t\t\t\t\t\t\t<span class=\"elementor-button-text\">Sol\u00b7licita pressupost<\/span>\n\t\t\t\t\t<\/span>\n\t\t\t\t\t<\/a>\n\t\t\t\t\t\t\t\t<\/div>\n\t\t\t\t<\/div>\n\t\t<div class=\"elementor-element elementor-element-83ee8b3 e-con-full e-flex e-con e-child\" data-id=\"83ee8b3\" data-element_type=\"container\" data-e-type=\"container\">\n\t\t\t\t<\/div>\n\t\t\t\t\t<\/div>\n\t\t\t\t<\/div>\n\t\t<div class=\"elementor-element elementor-element-a2e3e78 e-flex e-con-boxed e-con e-parent\" data-id=\"a2e3e78\" data-element_type=\"container\" data-e-type=\"container\">\n\t\t\t\t\t<div class=\"e-con-inner\">\n\t\t\t\t<div class=\"elementor-element elementor-element-83360cf elementor-grid-2 elementor-grid-tablet-2 elementor-grid-mobile-1 elementor-widget elementor-widget-loop-grid\" data-id=\"83360cf\" data-element_type=\"widget\" data-e-type=\"widget\" data-settings=\"{&quot;template_id&quot;:3482,&quot;columns&quot;:2,&quot;_skin&quot;:&quot;post&quot;,&quot;columns_tablet&quot;:&quot;2&quot;,&quot;columns_mobile&quot;:&quot;1&quot;,&quot;edit_handle_selector&quot;:&quot;[data-elementor-type=\\&quot;loop-item\\&quot;]&quot;,&quot;row_gap&quot;:{&quot;unit&quot;:&quot;px&quot;,&quot;size&quot;:&quot;&quot;,&quot;sizes&quot;:[]},&quot;row_gap_tablet&quot;:{&quot;unit&quot;:&quot;px&quot;,&quot;size&quot;:&quot;&quot;,&quot;sizes&quot;:[]},&quot;row_gap_mobile&quot;:{&quot;unit&quot;:&quot;px&quot;,&quot;size&quot;:&quot;&quot;,&quot;sizes&quot;:[]}}\" data-widget_type=\"loop-grid.post\">\n\t\t\t\t<div class=\"elementor-widget-container\">\n\t\t\t\t\t\t\t<div class=\"elementor-loop-container elementor-grid\" role=\"list\">\n\t\t<style id=\"loop-dynamic-3482\">.e-loop-item-3577 .elementor-element.elementor-element-78534ea:not(.elementor-motion-effects-element-type-background), .e-loop-item-3577 .elementor-element.elementor-element-78534ea > .elementor-motion-effects-container > .elementor-motion-effects-layer{background-image:url(\"https:\/\/previntegral.com\/wp-content\/uploads\/2025\/12\/572.jpg\");}<\/style><style id=\"loop-3482\">.elementor-3482 .elementor-element.elementor-element-63ca6b9{--display:flex;--overlay-opacity:0.5;border-style:solid;--border-style:solid;border-width:0px 0px 0px 0px;--border-top-width:0px;--border-right-width:0px;--border-bottom-width:0px;--border-left-width:0px;--border-radius:20px 20px 20px 20px;--padding-top:0px;--padding-bottom:0px;--padding-left:0px;--padding-right:0px;}.elementor-3482 .elementor-element.elementor-element-63ca6b9::before, .elementor-3482 .elementor-element.elementor-element-63ca6b9 > .elementor-background-video-container::before, .elementor-3482 .elementor-element.elementor-element-63ca6b9 > .e-con-inner > .elementor-background-video-container::before, .elementor-3482 .elementor-element.elementor-element-63ca6b9 > .elementor-background-slideshow::before, .elementor-3482 .elementor-element.elementor-element-63ca6b9 > .e-con-inner > .elementor-background-slideshow::before, .elementor-3482 .elementor-element.elementor-element-63ca6b9 > .elementor-motion-effects-container > .elementor-motion-effects-layer::before{--background-overlay:'';}.elementor-3482 .elementor-element.elementor-element-78534ea{--display:flex;--min-height:300px;--justify-content:flex-end;--overlay-opacity:1;--border-radius:20px 20px 20px 20px;--padding-top:30px;--padding-bottom:30px;--padding-left:30px;--padding-right:30px;}.elementor-3482 .elementor-element.elementor-element-78534ea:not(.elementor-motion-effects-element-type-background), .elementor-3482 .elementor-element.elementor-element-78534ea > .elementor-motion-effects-container > .elementor-motion-effects-layer{background-position:center center;background-repeat:no-repeat;background-size:contain;}.elementor-3482 .elementor-element.elementor-element-78534ea::before, .elementor-3482 .elementor-element.elementor-element-78534ea > .elementor-background-video-container::before, .elementor-3482 .elementor-element.elementor-element-78534ea > .e-con-inner > .elementor-background-video-container::before, .elementor-3482 .elementor-element.elementor-element-78534ea > .elementor-background-slideshow::before, .elementor-3482 .elementor-element.elementor-element-78534ea > .e-con-inner > .elementor-background-slideshow::before, .elementor-3482 .elementor-element.elementor-element-78534ea > .elementor-motion-effects-container > .elementor-motion-effects-layer::before{--background-overlay:'';background-color:#113343B3;}.elementor-3482 .elementor-element.elementor-element-78534ea:hover::before, .elementor-3482 .elementor-element.elementor-element-78534ea:hover > .elementor-background-video-container::before, .elementor-3482 .elementor-element.elementor-element-78534ea:hover > .e-con-inner > .elementor-background-video-container::before, .elementor-3482 .elementor-element.elementor-element-78534ea > .elementor-background-slideshow:hover::before, .elementor-3482 .elementor-element.elementor-element-78534ea > .e-con-inner > .elementor-background-slideshow:hover::before{--background-overlay:'';background-color:#113343D4;}.elementor-3482 .elementor-element.elementor-element-78534ea:hover{--overlay-opacity:1;}.elementor-widget-theme-post-title .elementor-heading-title{font-family:var( --e-global-typography-primary-font-family ), Sans-serif;font-weight:var( --e-global-typography-primary-font-weight );color:var( --e-global-color-primary );}.elementor-3482 .elementor-element.elementor-element-936d5c6 .elementor-heading-title{color:var( --e-global-color-be0a921 );}.elementor-widget-text-editor{font-family:var( --e-global-typography-text-font-family ), Sans-serif;font-weight:var( --e-global-typography-text-font-weight );color:var( --e-global-color-text );}.elementor-widget-text-editor.elementor-drop-cap-view-stacked .elementor-drop-cap{background-color:var( --e-global-color-primary );}.elementor-widget-text-editor.elementor-drop-cap-view-framed .elementor-drop-cap, .elementor-widget-text-editor.elementor-drop-cap-view-default .elementor-drop-cap{color:var( --e-global-color-primary );border-color:var( --e-global-color-primary );}.elementor-3482 .elementor-element.elementor-element-054d8d5{color:var( --e-global-color-be0a921 );}\/* Start custom CSS for container, class: .elementor-element-78534ea *\/.csal-element {\r\n    background-size: cover !important;\r\n}\/* End custom CSS *\/<\/style>\t\t<div data-elementor-type=\"loop-item\" data-elementor-id=\"3482\" class=\"elementor elementor-3482 e-loop-item e-loop-item-3577 post-3577 campanyes_de_salut type-campanyes_de_salut status-publish hentry\" data-elementor-post-type=\"elementor_library\" data-custom-edit-handle=\"1\">\n\t\t\t<a class=\"elementor-element elementor-element-63ca6b9 e-flex e-con-boxed e-con e-parent\" data-id=\"63ca6b9\" data-element_type=\"container\" data-e-type=\"container\" data-settings=\"{&quot;background_background&quot;:&quot;classic&quot;}\" href=\"https:\/\/previntegral.com\/es\/campanyes_de_salut\/deshabituacio-tabaquica\/\">\n\t\t\t\t\t<div class=\"e-con-inner\">\n\t\t<div class=\"elementor-element elementor-element-78534ea e-con-full csal-element e-flex e-con e-child\" data-id=\"78534ea\" data-element_type=\"container\" data-e-type=\"container\" data-settings=\"{&quot;background_background&quot;:&quot;classic&quot;}\">\n\t\t\t\t<div class=\"elementor-element elementor-element-936d5c6 elementor-widget elementor-widget-theme-post-title elementor-page-title elementor-widget-heading\" data-id=\"936d5c6\" data-element_type=\"widget\" data-e-type=\"widget\" data-widget_type=\"theme-post-title.default\">\n\t\t\t\t\t<h1 class=\"elementor-heading-title elementor-size-default\">Deshabituaci\u00f3 tab\u00e0quica<\/h1>\t\t\t\t<\/div>\n\t\t\t\t<div class=\"elementor-element elementor-element-054d8d5 elementor-widget elementor-widget-text-editor\" data-id=\"054d8d5\" data-element_type=\"widget\" data-e-type=\"widget\" data-widget_type=\"text-editor.default\">\n\t\t\t\t\t\t\t\t\t<p>Programa de suport per ajudar-te a deixar de fumar de manera segura, progressiva i amb acompanyament professional.<\/p>\n\t\t\t\t\t\t\t\t<\/div>\n\t\t\t\t<\/div>\n\t\t\t\t\t<\/div>\n\t\t\t\t<\/a>\n\t\t\t\t<\/div>\n\t\t<style id=\"loop-dynamic-3482\">.e-loop-item-3559 .elementor-element.elementor-element-78534ea:not(.elementor-motion-effects-element-type-background), .e-loop-item-3559 .elementor-element.elementor-element-78534ea > .elementor-motion-effects-container > .elementor-motion-effects-layer{background-image:url(\"https:\/\/previntegral.com\/wp-content\/uploads\/2025\/12\/2148860298.jpg\");}<\/style>\t\t<div data-elementor-type=\"loop-item\" data-elementor-id=\"3482\" class=\"elementor elementor-3482 e-loop-item e-loop-item-3559 post-3559 campanyes_de_salut type-campanyes_de_salut status-publish hentry\" data-elementor-post-type=\"elementor_library\" data-custom-edit-handle=\"1\">\n\t\t\t<a class=\"elementor-element elementor-element-63ca6b9 e-flex e-con-boxed e-con e-parent\" data-id=\"63ca6b9\" data-element_type=\"container\" data-e-type=\"container\" data-settings=\"{&quot;background_background&quot;:&quot;classic&quot;}\" href=\"https:\/\/previntegral.com\/es\/campanyes_de_salut\/benestar-emocional\/\">\n\t\t\t\t\t<div class=\"e-con-inner\">\n\t\t<div class=\"elementor-element elementor-element-78534ea e-con-full csal-element e-flex e-con e-child\" data-id=\"78534ea\" data-element_type=\"container\" data-e-type=\"container\" data-settings=\"{&quot;background_background&quot;:&quot;classic&quot;}\">\n\t\t\t\t<div class=\"elementor-element elementor-element-936d5c6 elementor-widget elementor-widget-theme-post-title elementor-page-title elementor-widget-heading\" data-id=\"936d5c6\" data-element_type=\"widget\" data-e-type=\"widget\" data-widget_type=\"theme-post-title.default\">\n\t\t\t\t\t<h1 class=\"elementor-heading-title elementor-size-default\">Benestar emocional<\/h1>\t\t\t\t<\/div>\n\t\t\t\t<div class=\"elementor-element elementor-element-054d8d5 elementor-widget elementor-widget-text-editor\" data-id=\"054d8d5\" data-element_type=\"widget\" data-e-type=\"widget\" data-widget_type=\"text-editor.default\">\n\t\t\t\t\t\t\t\t\t<p>El benestar emocional \u00e9s cuidar com et sents per dins per viure i treballar millor. A Previntegral t\u2019acompanyem a gestionar l\u2019estr\u00e8s, les emocions i el dia a dia per cuidar la teva salut.<\/p>\n\t\t\t\t\t\t\t\t<\/div>\n\t\t\t\t<\/div>\n\t\t\t\t\t<\/div>\n\t\t\t\t<\/a>\n\t\t\t\t<\/div>\n\t\t<style id=\"loop-dynamic-3482\">.e-loop-item-3557 .elementor-element.elementor-element-78534ea:not(.elementor-motion-effects-element-type-background), .e-loop-item-3557 .elementor-element.elementor-element-78534ea > .elementor-motion-effects-container > .elementor-motion-effects-layer{background-image:url(\"https:\/\/previntegral.com\/wp-content\/uploads\/2025\/12\/102741.jpg\");}<\/style>\t\t<div data-elementor-type=\"loop-item\" data-elementor-id=\"3482\" class=\"elementor elementor-3482 e-loop-item e-loop-item-3557 post-3557 campanyes_de_salut type-campanyes_de_salut status-publish hentry\" data-elementor-post-type=\"elementor_library\" data-custom-edit-handle=\"1\">\n\t\t\t<a class=\"elementor-element elementor-element-63ca6b9 e-flex e-con-boxed e-con e-parent\" data-id=\"63ca6b9\" data-element_type=\"container\" data-e-type=\"container\" data-settings=\"{&quot;background_background&quot;:&quot;classic&quot;}\" href=\"https:\/\/previntegral.com\/es\/campanyes_de_salut\/prevencio-osteoarticular\/\">\n\t\t\t\t\t<div class=\"e-con-inner\">\n\t\t<div class=\"elementor-element elementor-element-78534ea e-con-full csal-element e-flex e-con e-child\" data-id=\"78534ea\" data-element_type=\"container\" data-e-type=\"container\" data-settings=\"{&quot;background_background&quot;:&quot;classic&quot;}\">\n\t\t\t\t<div class=\"elementor-element elementor-element-936d5c6 elementor-widget elementor-widget-theme-post-title elementor-page-title elementor-widget-heading\" data-id=\"936d5c6\" data-element_type=\"widget\" data-e-type=\"widget\" data-widget_type=\"theme-post-title.default\">\n\t\t\t\t\t<h1 class=\"elementor-heading-title elementor-size-default\">Prevenci\u00f3 osteoarticular<\/h1>\t\t\t\t<\/div>\n\t\t\t\t<div class=\"elementor-element elementor-element-054d8d5 elementor-widget elementor-widget-text-editor\" data-id=\"054d8d5\" data-element_type=\"widget\" data-e-type=\"widget\" data-widget_type=\"text-editor.default\">\n\t\t\t\t\t\t\t\t\t<p>La prevenci\u00f3 osteoarticular ajuda a evitar dolor d\u2019esquena i d\u2019articulacions mitjan\u00e7ant una bona ergonomia, exercici adequat i h\u00e0bits posturals sans, tant a la feina com a casa.<\/p>\n\t\t\t\t\t\t\t\t<\/div>\n\t\t\t\t<\/div>\n\t\t\t\t\t<\/div>\n\t\t\t\t<\/a>\n\t\t\t\t<\/div>\n\t\t<style id=\"loop-dynamic-3482\">.e-loop-item-3555 .elementor-element.elementor-element-78534ea:not(.elementor-motion-effects-element-type-background), .e-loop-item-3555 .elementor-element.elementor-element-78534ea > .elementor-motion-effects-container > .elementor-motion-effects-layer{background-image:url(\"https:\/\/previntegral.com\/wp-content\/uploads\/2025\/12\/pierna-femenina-pisando-basculas-con-cinta-metrica-scaled.jpg\");}<\/style>\t\t<div data-elementor-type=\"loop-item\" data-elementor-id=\"3482\" class=\"elementor elementor-3482 e-loop-item e-loop-item-3555 post-3555 campanyes_de_salut type-campanyes_de_salut status-publish hentry\" data-elementor-post-type=\"elementor_library\" data-custom-edit-handle=\"1\">\n\t\t\t<a class=\"elementor-element elementor-element-63ca6b9 e-flex e-con-boxed e-con e-parent\" data-id=\"63ca6b9\" data-element_type=\"container\" data-e-type=\"container\" data-settings=\"{&quot;background_background&quot;:&quot;classic&quot;}\" href=\"https:\/\/previntegral.com\/es\/campanyes_de_salut\/sobrepes-i-obesitat\/\">\n\t\t\t\t\t<div class=\"e-con-inner\">\n\t\t<div class=\"elementor-element elementor-element-78534ea e-con-full csal-element e-flex e-con e-child\" data-id=\"78534ea\" data-element_type=\"container\" data-e-type=\"container\" data-settings=\"{&quot;background_background&quot;:&quot;classic&quot;}\">\n\t\t\t\t<div class=\"elementor-element elementor-element-936d5c6 elementor-widget elementor-widget-theme-post-title elementor-page-title elementor-widget-heading\" data-id=\"936d5c6\" data-element_type=\"widget\" data-e-type=\"widget\" data-widget_type=\"theme-post-title.default\">\n\t\t\t\t\t<h1 class=\"elementor-heading-title elementor-size-default\">Sobrep\u00e8s i obesitat<\/h1>\t\t\t\t<\/div>\n\t\t\t\t<div class=\"elementor-element elementor-element-054d8d5 elementor-widget elementor-widget-text-editor\" data-id=\"054d8d5\" data-element_type=\"widget\" data-e-type=\"widget\" data-widget_type=\"text-editor.default\">\n\t\t\t\t\t\t\t\t\t<p>El sobrep\u00e8s i l\u2019obesitat augmenten el risc de nombroses malalties i afecten la qualitat de vida. La prevenci\u00f3 es basa en una alimentaci\u00f3 equilibrada, activitat f\u00edsica i h\u00e0bits saludables des de ben prompte.<\/p>\n\t\t\t\t\t\t\t\t<\/div>\n\t\t\t\t<\/div>\n\t\t\t\t\t<\/div>\n\t\t\t\t<\/a>\n\t\t\t\t<\/div>\n\t\t<style id=\"loop-dynamic-3482\">.e-loop-item-3551 .elementor-element.elementor-element-78534ea:not(.elementor-motion-effects-element-type-background), .e-loop-item-3551 .elementor-element.elementor-element-78534ea > .elementor-motion-effects-container > .elementor-motion-effects-layer{background-image:url(\"https:\/\/previntegral.com\/wp-content\/uploads\/2025\/12\/135809.jpg\");}<\/style>\t\t<div data-elementor-type=\"loop-item\" data-elementor-id=\"3482\" class=\"elementor elementor-3482 e-loop-item e-loop-item-3551 post-3551 campanyes_de_salut type-campanyes_de_salut status-publish hentry\" data-elementor-post-type=\"elementor_library\" data-custom-edit-handle=\"1\">\n\t\t\t<a class=\"elementor-element elementor-element-63ca6b9 e-flex e-con-boxed e-con e-parent\" data-id=\"63ca6b9\" data-element_type=\"container\" data-e-type=\"container\" data-settings=\"{&quot;background_background&quot;:&quot;classic&quot;}\" href=\"https:\/\/previntegral.com\/es\/campanyes_de_salut\/prevencio-del-glaucoma\/\">\n\t\t\t\t\t<div class=\"e-con-inner\">\n\t\t<div class=\"elementor-element elementor-element-78534ea e-con-full csal-element e-flex e-con e-child\" data-id=\"78534ea\" data-element_type=\"container\" data-e-type=\"container\" data-settings=\"{&quot;background_background&quot;:&quot;classic&quot;}\">\n\t\t\t\t<div class=\"elementor-element elementor-element-936d5c6 elementor-widget elementor-widget-theme-post-title elementor-page-title elementor-widget-heading\" data-id=\"936d5c6\" data-element_type=\"widget\" data-e-type=\"widget\" data-widget_type=\"theme-post-title.default\">\n\t\t\t\t\t<h1 class=\"elementor-heading-title elementor-size-default\">Prevenci\u00f3 del glaucoma<\/h1>\t\t\t\t<\/div>\n\t\t\t\t<div class=\"elementor-element elementor-element-054d8d5 elementor-widget elementor-widget-text-editor\" data-id=\"054d8d5\" data-element_type=\"widget\" data-e-type=\"widget\" data-widget_type=\"text-editor.default\">\n\t\t\t\t\t\t\t\t\t<p>Prevenir el glaucoma \u00e9s clau per cuidar la vista: \u00e9s una malaltia silenciosa i nom\u00e9s les revisions oculars peri\u00f2diques permeten detectar-la a temps i protegir la visi\u00f3.<\/p>\n\t\t\t\t\t\t\t\t<\/div>\n\t\t\t\t<\/div>\n\t\t\t\t\t<\/div>\n\t\t\t\t<\/a>\n\t\t\t\t<\/div>\n\t\t<style id=\"loop-dynamic-3482\">.e-loop-item-3520 .elementor-element.elementor-element-78534ea:not(.elementor-motion-effects-element-type-background), .e-loop-item-3520 .elementor-element.elementor-element-78534ea > .elementor-motion-effects-container > .elementor-motion-effects-layer{background-image:url(\"https:\/\/previntegral.com\/wp-content\/uploads\/2025\/12\/plato-de-tazon-de-fuente-de-buda-con-verduras-y-legumbres-vista-superior-scaled.jpg\");}<\/style>\t\t<div data-elementor-type=\"loop-item\" data-elementor-id=\"3482\" class=\"elementor elementor-3482 e-loop-item e-loop-item-3520 post-3520 campanyes_de_salut type-campanyes_de_salut status-publish hentry\" data-elementor-post-type=\"elementor_library\" data-custom-edit-handle=\"1\">\n\t\t\t<a class=\"elementor-element elementor-element-63ca6b9 e-flex e-con-boxed e-con e-parent\" data-id=\"63ca6b9\" data-element_type=\"container\" data-e-type=\"container\" data-settings=\"{&quot;background_background&quot;:&quot;classic&quot;}\" href=\"https:\/\/previntegral.com\/es\/campanyes_de_salut\/alimentacio-saludable\/\">\n\t\t\t\t\t<div class=\"e-con-inner\">\n\t\t<div class=\"elementor-element elementor-element-78534ea e-con-full csal-element e-flex e-con e-child\" data-id=\"78534ea\" data-element_type=\"container\" data-e-type=\"container\" data-settings=\"{&quot;background_background&quot;:&quot;classic&quot;}\">\n\t\t\t\t<div class=\"elementor-element elementor-element-936d5c6 elementor-widget elementor-widget-theme-post-title elementor-page-title elementor-widget-heading\" data-id=\"936d5c6\" data-element_type=\"widget\" data-e-type=\"widget\" data-widget_type=\"theme-post-title.default\">\n\t\t\t\t\t<h1 class=\"elementor-heading-title elementor-size-default\">Alimentaci\u00f3 Saludable<\/h1>\t\t\t\t<\/div>\n\t\t\t\t<div class=\"elementor-element elementor-element-054d8d5 elementor-widget elementor-widget-text-editor\" data-id=\"054d8d5\" data-element_type=\"widget\" data-e-type=\"widget\" data-widget_type=\"text-editor.default\">\n\t\t\t\t\t\t\t\t\t<p>Una alimentaci\u00f3 saludable ens ajuda a tenir m\u00e9s energia, prevenir malalties i sentir-nos millor cada dia. Petits canvis al plat poden marcar una gran difer\u00e8ncia en la nostra salut.<\/p>\n\t\t\t\t\t\t\t\t<\/div>\n\t\t\t\t<\/div>\n\t\t\t\t\t<\/div>\n\t\t\t\t<\/a>\n\t\t\t\t<\/div>\n\t\t<style id=\"loop-dynamic-3482\">.e-loop-item-3382 .elementor-element.elementor-element-78534ea:not(.elementor-motion-effects-element-type-background), .e-loop-item-3382 .elementor-element.elementor-element-78534ea > .elementor-motion-effects-container > .elementor-motion-effects-layer{background-image:url(\"https:\/\/previntegral.com\/wp-content\/uploads\/2025\/12\/barbudo-medico-examinando-los-pulmones-del-paciente-scaled.jpg\");}<\/style>\t\t<div data-elementor-type=\"loop-item\" data-elementor-id=\"3482\" class=\"elementor elementor-3482 e-loop-item e-loop-item-3382 post-3382 campanyes_de_salut type-campanyes_de_salut status-publish hentry\" data-elementor-post-type=\"elementor_library\" data-custom-edit-handle=\"1\">\n\t\t\t<a class=\"elementor-element elementor-element-63ca6b9 e-flex e-con-boxed e-con e-parent\" data-id=\"63ca6b9\" data-element_type=\"container\" data-e-type=\"container\" data-settings=\"{&quot;background_background&quot;:&quot;classic&quot;}\" href=\"https:\/\/previntegral.com\/es\/campanyes_de_salut\/risc-cardiovascular\/\">\n\t\t\t\t\t<div class=\"e-con-inner\">\n\t\t<div class=\"elementor-element elementor-element-78534ea e-con-full csal-element e-flex e-con e-child\" data-id=\"78534ea\" data-element_type=\"container\" data-e-type=\"container\" data-settings=\"{&quot;background_background&quot;:&quot;classic&quot;}\">\n\t\t\t\t<div class=\"elementor-element elementor-element-936d5c6 elementor-widget elementor-widget-theme-post-title elementor-page-title elementor-widget-heading\" data-id=\"936d5c6\" data-element_type=\"widget\" data-e-type=\"widget\" data-widget_type=\"theme-post-title.default\">\n\t\t\t\t\t<h1 class=\"elementor-heading-title elementor-size-default\">Risc cardiovascular<\/h1>\t\t\t\t<\/div>\n\t\t\t\t<div class=\"elementor-element elementor-element-054d8d5 elementor-widget elementor-widget-text-editor\" data-id=\"054d8d5\" data-element_type=\"widget\" data-e-type=\"widget\" data-widget_type=\"text-editor.default\">\n\t\t\t\t\t\t\t\t\t<p>Els riscos cardiovasculars poden apar\u00e8ixer de manera silenciosa, per\u00f2 tenen un impacte molt greu en la salut. Detectar-los i prevenir-los a temps \u00e9s clau per cuidar el cor i evitar malalties futures.<\/p>\n\t\t\t\t\t\t\t\t<\/div>\n\t\t\t\t<\/div>\n\t\t\t\t\t<\/div>\n\t\t\t\t<\/a>\n\t\t\t\t<\/div>\n\t\t\t\t<\/div>\n\t\t\n\t\t\t\t\t\t<\/div>\n\t\t\t\t<\/div>\n\t\t\t\t\t<\/div>\n\t\t\t\t<\/div>\n\t\t\t\t<\/div>\n\t\t","protected":false},"excerpt":{"rendered":"<p>Campa\u00f1as de salud Solicitar presupuesto<\/p>","protected":false},"author":1,"featured_media":0,"parent":176,"menu_order":0,"comment_status":"closed","ping_status":"closed","template":"","meta":{"_acf_changed":false,"footnotes":""},"class_list":["post-292","page","type-page","status-publish","hentry"],"acf":[],"_links":{"self":[{"href":"https:\/\/previntegral.com\/es\/wp-json\/wp\/v2\/pages\/292","targetHints":{"allow":["GET"]}}],"collection":[{"href":"https:\/\/previntegral.com\/es\/wp-json\/wp\/v2\/pages"}],"about":[{"href":"https:\/\/previntegral.com\/es\/wp-json\/wp\/v2\/types\/page"}],"author":[{"embeddable":true,"href":"https:\/\/previntegral.com\/es\/wp-json\/wp\/v2\/users\/1"}],"replies":[{"embeddable":true,"href":"https:\/\/previntegral.com\/es\/wp-json\/wp\/v2\/comments?post=292"}],"version-history":[{"count":43,"href":"https:\/\/previntegral.com\/es\/wp-json\/wp\/v2\/pages\/292\/revisions"}],"predecessor-version":[{"id":6658,"href":"https:\/\/previntegral.com\/es\/wp-json\/wp\/v2\/pages\/292\/revisions\/6658"}],"up":[{"embeddable":true,"href":"https:\/\/previntegral.com\/es\/wp-json\/wp\/v2\/pages\/176"}],"wp:attachment":[{"href":"https:\/\/previntegral.com\/es\/wp-json\/wp\/v2\/media?parent=292"}],"curies":[{"name":"WordPress","href":"https:\/\/api.w.org\/{rel}","templated":true}]}}