{"id":5766,"date":"2025-12-10T14:41:21","date_gmt":"2025-12-10T14:41:21","guid":{"rendered":"https:\/\/previntegral.com\/?page_id=5766"},"modified":"2025-12-10T15:31:41","modified_gmt":"2025-12-10T15:31:41","slug":"politica-de-privacidad","status":"publish","type":"page","link":"https:\/\/previntegral.com\/es\/legal\/politica-de-privacitat\/","title":{"rendered":"Pol\u00edtica de privacidad"},"content":{"rendered":"<div data-elementor-type=\"wp-page\" data-elementor-id=\"5766\" class=\"elementor elementor-5766\" data-elementor-post-type=\"page\">\n\t\t\t\t<div class=\"elementor-element elementor-element-ccff56b e-flex e-con-boxed e-con e-parent\" data-id=\"ccff56b\" data-element_type=\"container\" data-e-type=\"container\" data-settings=\"{&quot;background_background&quot;:&quot;classic&quot;}\">\n\t\t\t\t\t<div class=\"e-con-inner\">\n\t\t\t\t<div class=\"elementor-element elementor-element-4f80d11 elementor-widget elementor-widget-heading\" data-id=\"4f80d11\" data-element_type=\"widget\" data-e-type=\"widget\" data-widget_type=\"heading.default\">\n\t\t\t\t\t<h1 class=\"elementor-heading-title elementor-size-default\">Pol\u00edtica de privacidad<\/h1>\t\t\t\t<\/div>\n\t\t\t\t\t<\/div>\n\t\t\t\t<\/div>\n\t\t<div class=\"elementor-element elementor-element-a05e214 e-flex e-con-boxed e-con e-parent\" data-id=\"a05e214\" data-element_type=\"container\" data-e-type=\"container\">\n\t\t\t\t\t<div class=\"e-con-inner\">\n\t\t\t\t<div class=\"elementor-element elementor-element-4f81624 elementor-widget elementor-widget-text-editor\" data-id=\"4f81624\" data-element_type=\"widget\" data-e-type=\"widget\" data-widget_type=\"text-editor.default\">\n\t\t\t\t\t\t\t\t\t<p>El uso de este sitio web y sus formularios implica la aceptaci\u00f3n del tratamiento de los datos del usuario de acuerdo con la presente pol\u00edtica de privacidad, incluida la recogida de datos de acceso y el env\u00edo de informaci\u00f3n comercial por medios electr\u00f3nicos.<\/p><p>\u00a0<\/p><h2>Responsable del tratamiento y datos de contacto<\/h2><p>El responsable del tratamiento es: PREVINTEGRAL, S.L.<\/p><p>Direcci\u00f3n: Av. Canal, 11 25230 Mollerusa<\/p><p>Datos de contacto del responsable del tratamiento: 973 712 204\u00a0<a href=\"mailto:rgpd@previntegral.com\">rgpd@previntegral.com<\/a><\/p><p>\u00a0<\/p><h2>Finalidad del tratamiento de datos<\/h2><p>Los datos se tratan con la finalidad de facilitar el acceso al contenido online del sitio web, as\u00ed como para responder a las solicitudes de los usuarios, mantener un registro de visitas (direcciones IP, datos del navegador, pa\u00eds, p\u00e1ginas visitadas, etc.) con fines estad\u00edsticos, aplicar medidas destinadas a la seguridad del sitio web y, en su caso, enviar informaci\u00f3n comercial sobre nuestros productos y servicios por medios electr\u00f3nicos.<\/p><p>Si rellena alguno de los formularios, deber\u00e1 proporcionar determinados datos personales, que ser\u00e1n tratados para los fines para los que se solicitan.<\/p><p>Los datos recopilados a trav\u00e9s de los formularios de contacto y presupuesto se utilizan para tramitar la solicitud y realizar su seguimiento y, con su autorizaci\u00f3n, para enviarle informaci\u00f3n comercial de nuestro grupo empresarial por correo postal o electr\u00f3nico.<\/p><p>Puede utilizar este formulario para enviar su CV para las vacantes disponibles en nuestro grupo de empresas.<\/p><p>En las p\u00e1ginas con acceso restringido para usuarios registrados (como entornos de formaci\u00f3n y \u00e1reas de descarga privadas), los datos personales (como el ID de usuario, la direcci\u00f3n de correo electr\u00f3nico, la contrase\u00f1a y la actividad en la plataforma) son necesarios para proporcionar la funcionalidad, por motivos de seguridad y para ofrecer asistencia.<\/p><p>Entre los m\u00e9todos de contacto, tienes la opci\u00f3n de ponerte en contacto a trav\u00e9s de WhatsApp. El uso de este servicio implica la transferencia internacional de datos y su tratamiento por parte de WhatsApp Inc. y WhatsApp LLC de acuerdo con sus pol\u00edticas de privacidad, https:\/\/www.whatsapp.com\/legal\/privacy-policy-eea.<\/p><p>\u00a0<\/p><h2>Legitimidad<\/h2><p>Los datos se tratan sobre la base del consentimiento del usuario, el cumplimiento de obligaciones legales y, en su caso, la ejecuci\u00f3n de un contrato o precontrato.<\/p><p>\u00a0<\/p><h2>Destinatarios y transferencias<\/h2><p>Destinatarios: GRUPO PREVINTEGRAL: PREVINTEGRAL, S.L., CMPUSALUS (servicio de vigilancia de la salud) y FORMINTEGRAL SL.<\/p><p>En los servicios de formaci\u00f3n, las calificaciones de los cursos y la actividad en la plataforma se comunican a la Empresa y, en el caso de la formaci\u00f3n subvencionada, a las autoridades competentes en materia de formaci\u00f3n subvencionada, de conformidad con nuestras obligaciones legales y contractuales. Del mismo modo, el usuario de los servicios de formaci\u00f3n dispone de un perfil de estudiante accesible para otros miembros de la plataforma, lo que les permite intercambiar informaci\u00f3n utilizando las herramientas colaborativas y de mensajer\u00eda incluidas.<\/p><p>No se prev\u00e9n transferencias internacionales (fuera del Espacio Econ\u00f3mico Europeo), salvo con fines de almacenamiento y, en cualquier caso, sobre la base de la existencia de una decisi\u00f3n de adecuaci\u00f3n o de conformidad con la existencia de garant\u00edas adecuadas en virtud del RGPD.<\/p><p>\u00a0<\/p><h2>Periodo de conservaci\u00f3n de datos<\/h2><p>Al menos durante los periodos establecidos por la legislaci\u00f3n aplicable y, en cualquier caso, mientras el consentimiento siga siendo v\u00e1lido.<\/p><p>\u00a0<\/p><h2>Derechos humanos<\/h2><p>Los interesados tienen derecho a: acceder, rectificar y suprimir sus datos; solicitar la portabilidad de sus datos; oponerse al tratamiento o solicitar su limitaci\u00f3n; retirar cualquier consentimiento prestado, cuando proceda.<\/p><p>Para ello, pueden enviar su solicitud por escrito o por correo electr\u00f3nico a la direcci\u00f3n del responsable del tratamiento, incluyendo la referencia \u201cProtecci\u00f3n de datos\u201d.<\/p><p>Para facilitar la identificaci\u00f3n, recomendamos que el interesado adjunte una copia de su documento de identidad o pasaporte a la solicitud.<\/p><p>Los interesados tambi\u00e9n pueden presentar una reclamaci\u00f3n ante la Autoridad de Control de Protecci\u00f3n de Datos.<\/p><p>\u00a0<\/p><h2>Exactitud y actualidad de los datos<\/h2><p>El usuario deber\u00e1 cumplimentar los formularios con datos reales, veraces, completos y actualizados. El usuario no deber\u00e1 introducir datos pertenecientes a otra persona; PREVINTEGRAL asumir\u00e1 que los datos han sido facilitados por sus titulares. El usuario ser\u00e1 el \u00fanico responsable de los da\u00f1os y perjuicios, directos o indirectos, que se puedan causar a cualquier persona como consecuencia de rellenar el formulario con datos falsos, inexactos, incompletos, desactualizados o pertenecientes a otra persona.<\/p><p>El usuario deber\u00e1 notificar cualquier cambio en los datos facilitados con el fin de mantener su informaci\u00f3n debidamente actualizada.<\/p><p>\u00a0<\/p><h2>Seguridad de la informaci\u00f3n<\/h2><p>PREVINTEGRAL ha adoptado todas las medidas legalmente requeridas para proteger los datos personales; tambi\u00e9n ha adoptado todas las medidas t\u00e9cnicas a su alcance para evitar la p\u00e9rdida, mal uso, alteraci\u00f3n, acceso o robo de los datos personales facilitados por los usuarios del sitio web. No obstante, el usuario debe tener en cuenta que las medidas de seguridad en Internet no son absolutamente inviolables.<\/p><p>\u00a0<\/p><h2>Menores de edad<\/h2><p>PREVINTEGRAL proh\u00edbe a los usuarios menores de 18 a\u00f1os utilizar sus servicios web, salvo que cuenten con el consentimiento expreso de sus padres o tutores.<\/p><p>\u00a0<\/p><h2>An\u00e1lisis web<\/h2><p>Este sitio web utiliza diversas herramientas de an\u00e1lisis para comprender c\u00f3mo lo busca, accede y utiliza el p\u00fablico. Estas herramientas de an\u00e1lisis pueden implicar la recopilaci\u00f3n de datos personales, como la direcci\u00f3n IP, la ubicaci\u00f3n de la conexi\u00f3n e informaci\u00f3n sobre el software o hardware de navegaci\u00f3n. Esta informaci\u00f3n no est\u00e1 asociada a los usuarios y se utiliza \u00fanicamente con el fin de obtener datos estad\u00edsticos sobre el uso del sitio web de la empresa.<\/p><p>\u00a0<\/p><h2>Uso de funciones y complementos de terceros<\/h2><p>Este sitio web puede incorporar funciones y complementos proporcionados por terceros con diversos fines, tales como an\u00e1lisis web de terceros, mapas de terceros, v\u00eddeos de terceros, intercambio en redes sociales, etc.<\/p><p>Una funci\u00f3n o complemento de terceros establece una conexi\u00f3n directa entre el navegador del usuario y los dominios de Internet controlados por el tercero, lo que permite descargar y ejecutar la funci\u00f3n.<\/p><p>Por lo tanto, la mayor\u00eda de los complementos de terceros recopilan informaci\u00f3n sobre las p\u00e1ginas que visitan los usuarios para conocer sus intereses y, posteriormente, ofrecerles publicidad personalizada.<\/p><p>\u00a0<\/p><h2>Uso de las funciones proporcionadas por Google, Inc.<\/h2><p>Este sitio web integra funciones de Google Inc (1600 Amphitheatre Parkway, Mountain View, California, EE. UU.), como v\u00eddeos de YouTube, mapas y botones \u201c+1\u201d. Por este motivo, al utilizar el sitio web, el navegador del usuario establece una conexi\u00f3n directa con los servidores del dominio de Internet google.com y otros dominios de Google. Esto permite a Google saber que el usuario ha visitado el sitio web desde su direcci\u00f3n IP. Google utiliza cookies persistentes, almacenamiento local y almacenamiento local Flash en el dispositivo del usuario para diversos fines, entre ellos recopilar la actividad de Internet del usuario para ofrecerle publicidad adaptada a sus intereses, de conformidad con sus pol\u00edticas de privacidad:\u00a0<a href=\"http:\/\/www.google.es\/intl\/es\/policies\/privacy\/\" target=\"_blank\" rel=\"noopener\">http:\/\/www.google.es\/intl\/es\/policies\/privacy\/<\/a>. Al utilizar este sitio web, el usuario consiente que Google procese sus datos para los fines indicados.<\/p>\t\t\t\t\t\t\t\t<\/div>\n\t\t\t\t\t<\/div>\n\t\t\t\t<\/div>\n\t\t\t\t<\/div>","protected":false},"excerpt":{"rendered":"<p>Pol\u00edtica de privacitat La utilitzaci\u00f3 d&#8217;aquesta web i dels seus formularis requereix l&#8217;acceptaci\u00f3 del tractament de les dades de l&#8217;usuari d&#8217;acord amb aquesta pol\u00edtica de privacitat, incloent la recopilaci\u00f3 de dades d&#8217;acc\u00e9s i l&#8217;enviament d&#8217;informaci\u00f3 comercial per via electr\u00f2nica. \u00a0 Responsable del tractament de les dades i informaci\u00f3 de contacte El responsable \u00e9s: PREVINTEGRAL, S.L. [&hellip;]<\/p>\n","protected":false},"author":1,"featured_media":0,"parent":5764,"menu_order":0,"comment_status":"closed","ping_status":"closed","template":"","meta":{"_acf_changed":false,"footnotes":""},"class_list":["post-5766","page","type-page","status-publish","hentry"],"acf":[],"_links":{"self":[{"href":"https:\/\/previntegral.com\/es\/wp-json\/wp\/v2\/pages\/5766","targetHints":{"allow":["GET"]}}],"collection":[{"href":"https:\/\/previntegral.com\/es\/wp-json\/wp\/v2\/pages"}],"about":[{"href":"https:\/\/previntegral.com\/es\/wp-json\/wp\/v2\/types\/page"}],"author":[{"embeddable":true,"href":"https:\/\/previntegral.com\/es\/wp-json\/wp\/v2\/users\/1"}],"replies":[{"embeddable":true,"href":"https:\/\/previntegral.com\/es\/wp-json\/wp\/v2\/comments?post=5766"}],"version-history":[{"count":13,"href":"https:\/\/previntegral.com\/es\/wp-json\/wp\/v2\/pages\/5766\/revisions"}],"predecessor-version":[{"id":5883,"href":"https:\/\/previntegral.com\/es\/wp-json\/wp\/v2\/pages\/5766\/revisions\/5883"}],"up":[{"embeddable":true,"href":"https:\/\/previntegral.com\/es\/wp-json\/wp\/v2\/pages\/5764"}],"wp:attachment":[{"href":"https:\/\/previntegral.com\/es\/wp-json\/wp\/v2\/media?parent=5766"}],"curies":[{"name":"WordPress","href":"https:\/\/api.w.org\/{rel}","templated":true}]}}