{"id":5774,"date":"2025-12-10T14:46:35","date_gmt":"2025-12-10T14:46:35","guid":{"rendered":"https:\/\/previntegral.com\/?page_id=5774"},"modified":"2025-12-10T15:30:21","modified_gmt":"2025-12-10T15:30:21","slug":"politica-de-cookies","status":"publish","type":"page","link":"https:\/\/previntegral.com\/es\/legal\/politica-de-cookies\/","title":{"rendered":"Pol\u00edtica de cookies"},"content":{"rendered":"<div data-elementor-type=\"wp-page\" data-elementor-id=\"5774\" class=\"elementor elementor-5774\" data-elementor-post-type=\"page\">\n\t\t\t\t<div class=\"elementor-element elementor-element-f38f8d6 e-flex e-con-boxed e-con e-parent\" data-id=\"f38f8d6\" data-element_type=\"container\" data-e-type=\"container\" data-settings=\"{&quot;background_background&quot;:&quot;classic&quot;}\">\n\t\t\t\t\t<div class=\"e-con-inner\">\n\t\t\t\t<div class=\"elementor-element elementor-element-68da531 elementor-widget elementor-widget-heading\" data-id=\"68da531\" data-element_type=\"widget\" data-e-type=\"widget\" data-widget_type=\"heading.default\">\n\t\t\t\t\t<h1 class=\"elementor-heading-title elementor-size-default\">Pol\u00edtica de cookies<\/h1>\t\t\t\t<\/div>\n\t\t\t\t\t<\/div>\n\t\t\t\t<\/div>\n\t\t<div class=\"elementor-element elementor-element-7513586 e-flex e-con-boxed e-con e-parent\" data-id=\"7513586\" data-element_type=\"container\" data-e-type=\"container\">\n\t\t\t\t\t<div class=\"e-con-inner\">\n\t\t\t\t<div class=\"elementor-element elementor-element-1e94af5 elementor-widget elementor-widget-text-editor\" data-id=\"1e94af5\" data-element_type=\"widget\" data-e-type=\"widget\" data-widget_type=\"text-editor.default\">\n\t\t\t\t\t\t\t\t\t<h2>Pol\u00edtica de cookies y almacenamiento local<\/h2><p>Este sitio web utiliza cookies y tecnolog\u00edas similares para prestar el servicio y mejorarlo mediante la recopilaci\u00f3n de estad\u00edsticas sobre su uso, entre otros fines.<\/p><p>La navegaci\u00f3n por este sitio web implica necesariamente el uso de cookies y tecnolog\u00edas similares siempre que sea necesario para su funcionamiento. Asimismo, para determinados fines, el uso de cookies y almacenamiento local estar\u00e1 sujeto a tu consentimiento previo. Puedes aceptar o rechazar las cookies a trav\u00e9s del sistema de configuraci\u00f3n facilitado, y tambi\u00e9n puedes configurar tu navegador para impedir su uso.<\/p><p>Esta pol\u00edtica forma parte de nuestra pol\u00edtica de privacidad e incluye lo siguiente:<\/p><ul><li>\u00bfQu\u00e9 son las cookies?<\/li><li>\u00bfPara qu\u00e9 se utilizan las cookies?<\/li><li>\u00bfA qu\u00e9 nos referimos con \u00abtecnolog\u00edas similares a las cookies\u00bb?<\/li><li>\u00bfQu\u00e9 son las cookies de terceros? \u00bfQui\u00e9nes son los destinatarios de la informaci\u00f3n?<\/li><li>\u00bfQu\u00e9 funciones y caracter\u00edsticas de terceros utilizamos en nuestro sitio web?<\/li><li>\u00bfCu\u00e1nto tiempo permanecen activas las cookies o tecnolog\u00edas similares?<\/li><li>Uso de navegadores con modo de navegaci\u00f3n privada<\/li><li>\u00bfC\u00f3mo evitar el uso de cookies y c\u00f3mo eliminarlas?<\/li><li>Informaci\u00f3n detallada sobre las cookies que se utilizan en nuestro sitio web<\/li><\/ul><p><br \/><br \/><\/p><h2>\u00bfQu\u00e9 son las cookies?<\/h2><p>Las cookies son peque\u00f1os archivos temporales que se crean en el dispositivo del usuario (ordenador, tel\u00e9fono, tableta, etc.) cuando visita un sitio web, y que permiten a este almacenar o recuperar informaci\u00f3n mientras navega, por ejemplo, para guardar sus preferencias de uso o reconocerlo en visitas posteriores, as\u00ed como para obtener informaci\u00f3n sobre sus h\u00e1bitos de navegaci\u00f3n.<\/p><p>Cuando un sitio web crea una cookie en el dispositivo del usuario, almacena la direcci\u00f3n o el dominio del sitio web que la ha creado, la duraci\u00f3n de la cookie \u2014que puede oscilar entre unos minutos y varios a\u00f1os\u2014 y el contenido de la misma. El usuario puede desactivar las cookies en cualquier momento a trav\u00e9s del sistema de configuraci\u00f3n de este sitio web, as\u00ed como configurar su navegador para impedir (bloquear) el uso de cookies por parte de determinados sitios web y eliminar las cookies almacenadas anteriormente.<\/p><p><br \/><br \/><\/p><h2>\u00bfPara qu\u00e9 se utilizan las cookies?<\/h2><p>Los usos o fines m\u00e1s comunes son:<\/p><ul><li>Cookies t\u00e9cnicas esenciales. Se utilizan para gestionar la navegaci\u00f3n por el sitio web o para mantener la sesi\u00f3n del usuario activa. Si las desactivas, es posible que algunas partes del sitio web no funcionen correctamente.<\/li><li>Cookies de personalizaci\u00f3n. Son necesarias para recordar ciertas preferencias del usuario.<\/li><li>Cookies anal\u00edticas. Nos ayudan a nosotros y a terceros a recopilar informaci\u00f3n sobre el origen de los usuarios y su navegaci\u00f3n por el sitio web, con el fin de realizar an\u00e1lisis estad\u00edsticos para mejorar su estructura y contenido.<\/li><li>Cookies publicitarias. Se utilizan para gestionar los anuncios que aparecen en el sitio web, determinando el contenido o la frecuencia de los mismos.<\/li><li>Cookies de publicidad basada en el comportamiento. Ayudan a recopilar los h\u00e1bitos de navegaci\u00f3n del usuario para crear un perfil de sus intereses y mostrarle anuncios adaptados a dichos intereses.<\/li><li>Cookies de redes sociales. Son necesarias para identificar al usuario en sus redes sociales y permitirle as\u00ed compartir contenidos.<\/li><\/ul><p><br \/><br \/><\/p><h2>\u00bfA qu\u00e9 nos referimos con \u00abtecnolog\u00edas similares a las cookies\u00bb?<\/h2><p>Se entiende por \u00abtecnolog\u00edas similares\u00bb cualquier tipo de mecanismo de almacenamiento y recuperaci\u00f3n de datos utilizado en el dispositivo del usuario para obtener informaci\u00f3n. Entre ellas se incluyen el almacenamiento local \u2014entendido como cualquier archivo creado por la web en el dispositivo de navegaci\u00f3n\u2014 y otros. Las cookies son una forma de almacenamiento local, pero existen otras, por ejemplo.<\/p><ul><li>El almacenamiento local del navegador. Algunos sitios web utilizan mecanismos de almacenamiento local denominados \u201csessionStorage\u201d y \u201clocalStorage\u201d, as\u00ed como la base de datos indexada del navegador, para almacenar informaci\u00f3n;<\/li><li>Almacenamiento local de complementos del navegador, como los objetos compartidos locales de Flash o los objetos aislados de Silverlight.<\/li><li>Una \u201cbaliza web\u201d es una t\u00e9cnica de seguimiento que consiste en incrustar en una p\u00e1gina web (o en un correo electr\u00f3nico) una imagen alojada en un servidor de Internet, de modo que, cuando el navegador o el cliente de correo electr\u00f3nico se conecta a ese servidor para descargar y mostrar la imagen, se registra la conexi\u00f3n. Esto permite determinar que el usuario ha visto la p\u00e1gina web o el correo electr\u00f3nico. A veces, esta imagen es muy peque\u00f1a o transparente, de modo que el usuario no se da cuenta de su existencia.<\/li><li>T\u00e9cnicas de identificaci\u00f3n que combinan la informaci\u00f3n obtenida del navegador o del dispositivo de navegaci\u00f3n para distinguir a un usuario en sus visitas sucesivas a diferentes sitios web.<\/li><\/ul><p><br \/><br \/><\/p><h2>\u00bfQu\u00e9 son las cookies de terceros? \u00bfQui\u00e9nes son los destinatarios de la informaci\u00f3n?<\/h2><p>En cuanto a los tipos de cookies que utilizamos en nuestros servicios, podemos clasificarlas seg\u00fan qui\u00e9n las gestiona:<\/p><ul><li>Cookies propias: se env\u00edan al navegador desde nuestros sitios web y dominios, y la informaci\u00f3n obtenida es gestionada directa o indirectamente por nosotros para nuestros propios fines.<\/li><li>Cookies de terceros: son cookies creadas y gestionadas por otros sitios web que, aunque no est\u00e1n totalmente bajo nuestro control, proporcionan funciones y caracter\u00edsticas que hemos decidido incluir en nuestro sitio web, como mapas interactivos, v\u00eddeos y elementos multimedia, botones para compartir en redes sociales, anuncios, etc. Estas cookies est\u00e1n bajo el control del tercero que proporciona la funci\u00f3n correspondiente.<\/li><\/ul><p>La gran mayor\u00eda de las funciones de terceros implican el acceso o la recopilaci\u00f3n de informaci\u00f3n (y el uso de cookies) por parte del tercero que proporciona la funci\u00f3n, seg\u00fan sus propios criterios y fines, incluida la recopilaci\u00f3n de h\u00e1bitos de navegaci\u00f3n para mostrar publicidad personalizada. En la siguiente secci\u00f3n se enumeran las funciones y caracter\u00edsticas de terceros utilizadas en este sitio web.<\/p><p><br \/><br \/><\/p><h2>\u00bfQu\u00e9 funciones y caracter\u00edsticas de terceros utilizamos en nuestro sitio web?<\/h2><p>A continuaci\u00f3n se incluye una tabla resumen de las funciones y caracter\u00edsticas que ofrecen terceros en nuestro sitio web y que implican el uso de cookies.<\/p><table border=\"1\" cellspacing=\"0\" cellpadding=\"0\"><tbody><tr><td valign=\"top\"><p><strong>Funci\u00f3n o caracter\u00edstica<\/strong><\/p><\/td><td valign=\"top\"><p><strong>Proveedor externo de la funci\u00f3n o caracter\u00edstica<\/strong><\/p><\/td><td valign=\"top\"><p><strong>Implica la transferencia internacional de datos.<\/strong><\/p><\/td><td valign=\"top\"><p><strong>Pol\u00edtica de privacidad y garant\u00edas de terceros<\/strong><\/p><\/td><\/tr><tr><td valign=\"top\"><p>Google Analytics<\/p><\/td><td valign=\"top\"><p>Google, Inc.<\/p><\/td><td valign=\"top\"><p>Google, Inc.<\/p><\/td><td valign=\"top\"><p>https:\/\/www.google.com\/analytics\/learn\/privacy.html?hl=es<\/p><\/td><\/tr><tr><td valign=\"top\"><p>Google Maps, YouTube<\/p><\/td><td valign=\"top\"><p>Google, Inc.<\/p><\/td><td valign=\"top\"><p>S\u00ed<\/p><\/td><td valign=\"top\"><p>http:\/\/www.google.com\/intl\/es_es\/policies\/privacy\/<\/p><\/td><\/tr><\/tbody><\/table><p><br \/><br \/><\/p><h2>\u00bfCu\u00e1nto tiempo permanecen activas las cookies o tecnolog\u00edas similares?<\/h2><p>En funci\u00f3n de su duraci\u00f3n o del momento en que se desarrollan, podemos distinguir entre:<\/p><ul><li>Cookies de sesi\u00f3n temporales; permanecen almacenadas en el dispositivo de navegaci\u00f3n hasta que el usuario abandona el sitio web; el navegador las borra al finalizar la sesi\u00f3n de navegaci\u00f3n.<\/li><li>Las cookies persistentes permanecen en el dispositivo de navegaci\u00f3n y el sitio web las lee cada vez que el usuario realiza una nueva visita. Estas cookies se eliminan autom\u00e1ticamente tras un determinado periodo de tiempo, que puede ser corto o muy largo.<\/li><\/ul><p>Esta pol\u00edtica incluye informaci\u00f3n sobre la duraci\u00f3n de las cookies; para obtener m\u00e1s informaci\u00f3n, consulte nuestra pol\u00edtica de privacidad, as\u00ed como la informaci\u00f3n facilitada en las pol\u00edticas de privacidad de los proveedores externos de funciones web.<\/p><p><br \/><br \/><\/p><h2>Uso de navegadores con modo de navegaci\u00f3n privada<\/h2><p>Si desea utilizar este sitio web con mayor privacidad y evitar que las cookies se almacenen durante largos periodos de tiempo, le recomendamos que utilice un navegador web que ofrezca la opci\u00f3n de navegaci\u00f3n \u201cprivada\u201d. Puede encontrar informaci\u00f3n sobre esta funci\u00f3n en las p\u00e1ginas de ayuda de los navegadores m\u00e1s habituales:<\/p><table border=\"1\" cellspacing=\"0\" cellpadding=\"0\"><tbody><tr><td valign=\"top\"><p><strong>Navegador<\/strong><\/p><\/td><td valign=\"top\"><p><strong>Nombre de la funci\u00f3n de navegaci\u00f3n privada<\/strong><\/p><\/td><td valign=\"top\"><p><strong>M\u00e1s informaci\u00f3n<\/strong><\/p><\/td><\/tr><tr><td valign=\"top\"><p>Internet Explorer 8 y versiones posteriores \/ Microsoft Edge<\/p><\/td><td valign=\"top\"><p>InPrivate<\/p><\/td><td valign=\"top\"><p>https:\/\/support.microsoft.com\/es-es\/products\/internet-explorer (Explorer)<br \/>https:\/\/support.microsoft.com\/es-es\/instantanswers\/34b9a3a6-68bc-510b-2a9e-833107495ee5\/browse-inprivate-in-microsoft-edge (Microsoft Edge)<\/p><\/td><\/tr><tr><td valign=\"top\"><p>Safari 2 y versiones posteriores<\/p><\/td><td valign=\"top\"><p>Navegaci\u00f3n privada<\/p><\/td><td valign=\"top\"><p>https:\/\/support.apple.com\/es-es\/HT203036<\/p><\/td><\/tr><tr><td valign=\"top\"><p>Opera 10.5 y versiones posteriores<\/p><\/td><td valign=\"top\"><p>Navegaci\u00f3n privada<\/p><\/td><td valign=\"top\"><p>http:\/\/help.opera.com\/Windows\/12.00\/es-ES\/private.html<\/p><\/td><\/tr><tr><td valign=\"top\"><p>Firefox 3.5 y versiones posteriores<\/p><\/td><td valign=\"top\"><p>Navegaci\u00f3n privada<\/p><\/td><td valign=\"top\"><p>https:\/\/support.mozilla.org\/es\/kb\/navegacion-privada-Firefox-no-guardar-historial-navegacion<\/p><\/td><\/tr><tr><td valign=\"top\"><p>Google Chrome 10 y versiones posteriores<\/p><\/td><td valign=\"top\"><p>Modo inc\u00f3gnito<\/p><\/td><td valign=\"top\"><p>https:\/\/support.google.com\/chrome\/answer\/7005900?rd=1<\/p><\/td><\/tr><\/tbody><\/table><p><br \/><br \/><\/p><h2>\u00bfC\u00f3mo evitar el uso de cookies y c\u00f3mo eliminarlas?<\/h2><p>Puedes configurar tus preferencias en cualquier momento mediante el sistema de configuraci\u00f3n de cookies integrado en este sitio web; puedes activar o desactivar el uso de cookies en funci\u00f3n de su finalidad.<\/p><p>Puedes acceder al sistema de configuraci\u00f3n a trav\u00e9s del enlace que aparece en el pie de p\u00e1gina de la p\u00e1gina de inicio.<\/p><p>La mayor\u00eda de los navegadores permiten desactivar las cookies de forma general. Muchos navegadores tambi\u00e9n permiten eliminar las cookies asociadas a sitios web o dominios concretos. Para ello, el usuario debe consultar la ayuda de su navegador. A continuaci\u00f3n se incluyen enlaces a las p\u00e1ginas de ayuda de los navegadores m\u00e1s habituales para saber c\u00f3mo configurar las cookies en cada uno de ellos:<\/p><ul><li>Chrome: https:\/\/support.google.com\/chrome\/answer\/95647?hl=es<\/li><li>Explorer: https:\/\/support.microsoft.com\/es-es\/help\/17442\/windows-internet-explorer-delete-manage-cookies<\/li><li>Microsoft Edge: https:\/\/privacy.microsoft.com\/es-ES\/windows-10-microsoft-edge-and-privacy<\/li><li>Firefox: https:\/\/support.mozilla.org\/es\/kb\/habilitar-y-deshabilitar-cookies-sitios-web-rastrear-preferencias<\/li><li>Safari: https:\/\/support.apple.com\/kb\/PH17191?viewlocale=es_ES&amp;locale=es_ES<\/li><li>Safari para iOS: https:\/\/support.apple.com\/es-es\/HT201265<\/li><li>\u00d3pera: http:\/\/www.opera.com\/es\/help<\/li><\/ul><p>Para eliminar los datos almacenados en la memoria local del navegador, el usuario puede borrar su historial de navegaci\u00f3n.<\/p><p>Si utilizas otro navegador, o si necesitas alguna aclaraci\u00f3n o tienes alguna pregunta sobre las cookies de este sitio web, puedes ponerte en contacto con nosotros por correo electr\u00f3nico en info@previntegral.com<\/p><p>Aviso importante: si bloqueas las cookies, es posible que algunos servicios o funciones del sitio web no funcionen correctamente.<\/p><p><br \/><br \/><\/p><h2>Informaci\u00f3n detallada sobre las cookies que utiliza este sitio web<\/h2><p>Informaci\u00f3n sobre nuestras propias cookies:<\/p><table border=\"1\" cellspacing=\"0\" cellpadding=\"0\"><tbody><tr><td valign=\"top\"><p><strong>Funci\u00f3n o caracter\u00edstica<\/strong><\/p><\/td><td valign=\"top\"><p><strong>Cookies y tecnolog\u00edas utilizadas<\/strong><\/p><\/td><td valign=\"top\"><p><strong>Dominio web<\/strong><\/p><\/td><td valign=\"top\"><p><strong>Periodo de conservaci\u00f3n de la informaci\u00f3n almacenada<\/strong><\/p><\/td><td valign=\"top\"><p><strong>Tipo de finalidad<\/strong><\/p><\/td><\/tr><tr><td valign=\"top\"><p>Mantener la sesi\u00f3n del usuario y el flujo de navegaci\u00f3n.<\/p><\/td><td valign=\"top\"><p>Cookies temporales<\/p><\/td><td valign=\"top\"><p>www.previntegral.com y otros dominios del Grupo Previntegral<\/p><\/td><td valign=\"top\"><p>Mientras dure la navegaci\u00f3n<\/p><\/td><td valign=\"top\"><p>Cookies t\u00e9cnicas esenciales<\/p><\/td><\/tr><tr><td valign=\"top\"><p>Cookies necesarias para recordar determinadas preferencias del usuario.<\/p><\/td><td valign=\"top\"><p>Cookies persistentes y\/o almacenamiento local<\/p><\/td><td valign=\"top\"><p>www.previntegral.com y otros dominios del Grupo Previntegral<\/p><\/td><td valign=\"top\"><p>Meses<\/p><\/td><td valign=\"top\"><p>Cookies t\u00e9cnicas esenciales y cookies de personalizaci\u00f3n<\/p><\/td><\/tr><tr><td valign=\"top\"><p>Cookies para mantener la sesi\u00f3n del usuario activa.<\/p><\/td><td valign=\"top\"><p>Cookies persistentes y\/o almacenamiento local<\/p><\/td><td valign=\"top\"><p>www.previntegral.com y otros dominios del Grupo Previntegral<\/p><\/td><td valign=\"top\"><p>Meses<\/p><\/td><td valign=\"top\"><p>Cookies t\u00e9cnicas esenciales y cookies de personalizaci\u00f3n<\/p><\/td><\/tr><\/tbody><\/table><p>\u00a0<\/p><p>Informaci\u00f3n sobre las cookies de terceros:<\/p><table border=\"1\" cellspacing=\"0\" cellpadding=\"0\"><tbody><tr><td valign=\"top\"><p><strong>Funci\u00f3n o caracter\u00edstica<\/strong><\/p><\/td><td valign=\"top\"><p><strong>Cookies y tecnolog\u00edas utilizadas<\/strong><\/p><\/td><td valign=\"top\"><p><strong>Dominio web<\/strong><\/p><\/td><td valign=\"top\"><p><strong>Periodo de conservaci\u00f3n de la informaci\u00f3n almacenada<\/strong><\/p><\/td><td valign=\"top\"><p><strong>Tipo de finalidad<\/strong><\/p><\/td><\/tr><tr><td valign=\"top\"><p>Google Analytics (Google, Inc.)<\/p><\/td><td valign=\"top\"><p>Cookies de sesi\u00f3n y persistentes (__utma, __utmb, __utmc, __utmz, __utmv, _ga)<br \/>Almacenamiento local del navegador<\/p><\/td><td valign=\"top\"><p>www.previntegral.com y otros dominios del Grupo Previntegral<\/p><\/td><td valign=\"top\"><p>A\u00f1os<\/p><\/td><td valign=\"top\"><p>An\u00e1lisis<\/p><\/td><\/tr><tr><td valign=\"top\"><p>Servicios de Google (Google Maps, YouTube, +1, Google Remarketing, Google Translate, etc.) (Google, Inc.)<\/p><\/td><td valign=\"top\"><p>Cookies de sesi\u00f3n y persistentes (VISITOR_INFO1_LIVE, PREF, YSC, etc.).<br \/>Almacenamiento local del navegador<\/p><\/td><td valign=\"top\"><p>googleusercontent.com, google.es, google.com, doubleclick.net, invitemedia.com, admeld.com, googlesyndication.com, googleadservices.com, youtube.com, youtube.es, ytimg.com, etc.<\/p><\/td><td valign=\"top\"><p>A\u00f1os<\/p><\/td><td valign=\"top\"><p>Trazado<br \/>Publicidad basada en el comportamiento<br \/>Ubicaci\u00f3n<br \/>Compartido en las redes sociales<\/p><\/td><\/tr><\/tbody><\/table><p><br \/><br \/><\/p><h2>Personalizar las cookies:<\/h2><ul class=\"ul-cookies\"><li><label class=\"disabled\" for=\"cookie_fN\">Acepto las cookies necesarias y funcionales.<\/label><\/li><li><label for=\"cookie_aN\">Acepto las cookies de estad\u00edsticas.<\/label><\/li><li><label for=\"cookie_pN\">Acepto las cookies de preferencias<\/label><\/li><li><label for=\"cookie_mN\">Acepto las cookies de marketing<\/label><\/li><\/ul>\t\t\t\t\t\t\t\t<\/div>\n\t\t\t\t\t<\/div>\n\t\t\t\t<\/div>\n\t\t\t\t<\/div>","protected":false},"excerpt":{"rendered":"<p>Pol\u00edtica de cookies Pol\u00edtica de cookies i emmagatzematge local Aquest lloc web fa servir cookies i tecnologies similars per proporcionar el servei, aix\u00ed com permetre millorar-lo, a trav\u00e9s de l&#8217;obtenci\u00f3 d&#8217;estad\u00edstiques sobre el seu \u00fas, i altres finalitats. Navegar per aquesta web implica necess\u00e0riament la utilitzaci\u00f3 de cookies i tecnologies similars sempre que sigui necessari [&hellip;]<\/p>\n","protected":false},"author":1,"featured_media":0,"parent":5764,"menu_order":0,"comment_status":"closed","ping_status":"closed","template":"","meta":{"_acf_changed":false,"footnotes":""},"class_list":["post-5774","page","type-page","status-publish","hentry"],"acf":[],"_links":{"self":[{"href":"https:\/\/previntegral.com\/es\/wp-json\/wp\/v2\/pages\/5774","targetHints":{"allow":["GET"]}}],"collection":[{"href":"https:\/\/previntegral.com\/es\/wp-json\/wp\/v2\/pages"}],"about":[{"href":"https:\/\/previntegral.com\/es\/wp-json\/wp\/v2\/types\/page"}],"author":[{"embeddable":true,"href":"https:\/\/previntegral.com\/es\/wp-json\/wp\/v2\/users\/1"}],"replies":[{"embeddable":true,"href":"https:\/\/previntegral.com\/es\/wp-json\/wp\/v2\/comments?post=5774"}],"version-history":[{"count":10,"href":"https:\/\/previntegral.com\/es\/wp-json\/wp\/v2\/pages\/5774\/revisions"}],"predecessor-version":[{"id":5877,"href":"https:\/\/previntegral.com\/es\/wp-json\/wp\/v2\/pages\/5774\/revisions\/5877"}],"up":[{"embeddable":true,"href":"https:\/\/previntegral.com\/es\/wp-json\/wp\/v2\/pages\/5764"}],"wp:attachment":[{"href":"https:\/\/previntegral.com\/es\/wp-json\/wp\/v2\/media?parent=5774"}],"curies":[{"name":"WordPress","href":"https:\/\/api.w.org\/{rel}","templated":true}]}}