{"id":5811,"date":"2025-12-10T14:54:55","date_gmt":"2025-12-10T14:54:55","guid":{"rendered":"https:\/\/previntegral.com\/?page_id=5811"},"modified":"2025-12-10T15:29:52","modified_gmt":"2025-12-10T15:29:52","slug":"aviso-legal","status":"publish","type":"page","link":"https:\/\/previntegral.com\/es\/legal\/avis-legal\/","title":{"rendered":"Aviso legal"},"content":{"rendered":"<div data-elementor-type=\"wp-page\" data-elementor-id=\"5811\" class=\"elementor elementor-5811\" data-elementor-post-type=\"page\">\n\t\t\t\t<div class=\"elementor-element elementor-element-76a0ec8 e-flex e-con-boxed e-con e-parent\" data-id=\"76a0ec8\" data-element_type=\"container\" data-e-type=\"container\" data-settings=\"{&quot;background_background&quot;:&quot;classic&quot;}\">\n\t\t\t\t\t<div class=\"e-con-inner\">\n\t\t\t\t<div class=\"elementor-element elementor-element-c92dfca elementor-widget elementor-widget-heading\" data-id=\"c92dfca\" data-element_type=\"widget\" data-e-type=\"widget\" data-widget_type=\"heading.default\">\n\t\t\t\t\t<h1 class=\"elementor-heading-title elementor-size-default\">Aviso legal<\/h1>\t\t\t\t<\/div>\n\t\t\t\t\t<\/div>\n\t\t\t\t<\/div>\n\t\t<div class=\"elementor-element elementor-element-8bdb575 e-flex e-con-boxed e-con e-parent\" data-id=\"8bdb575\" data-element_type=\"container\" data-e-type=\"container\">\n\t\t\t\t\t<div class=\"e-con-inner\">\n\t\t\t\t<div class=\"elementor-element elementor-element-05bcfda elementor-widget elementor-widget-text-editor\" data-id=\"05bcfda\" data-element_type=\"widget\" data-e-type=\"widget\" data-widget_type=\"text-editor.default\">\n\t\t\t\t\t\t\t\t\t<h2>Titularidad del sitio web y datos de contacto<\/h2><p>Previntegral.com es un dominio de Internet propiedad de PREVINTEGRAL SL, con CIF\/NIF B25511601 y domicilio social en Av. del Canal, 11, 25230 Mollerussa (Lleida). Registro Mercantil de Lleida, T 787, F 144, S 8, H L14781.<\/p><p>Puede ponerse en contacto con PREVINTEGRAL:<\/p><p>\u2013 Por tel\u00e9fono: 902 101 151 o 973 712 204<\/p><p>\u2013 Por correo electr\u00f3nico: electr\u00f2nic:info@previntegral.com<\/p><p>\u2013 Por correo postal: PREVINTEGRAL. Avenida del Canal, 11 \/ 25230 MOLLERUSSA (LLEIDA)<\/p><p>Si tiene alguna duda, no dude en ponerse en contacto con PREVINTEGRAL.<\/p><p><i>PREVINTEGRAL SL cuenta con la autorizaci\u00f3n administrativa para actuar como servicio externo de prevenci\u00f3n en el \u00e1mbito territorial en el que presta sus servicios.<\/i><\/p><p><br \/><br \/><\/p><h2>Condiciones de uso del sitio web<\/h2><p>Las presentes condiciones de uso regulan el acceso a este sitio web por parte de los clientes de PREVINTEGRAL y del resto de usuarios de Internet. Al navegar por este sitio web, el usuario manifiesta su aceptaci\u00f3n incondicional de estas condiciones de uso.<\/p><p>PREVINTEGRAL se reserva el derecho unilateral de modificar las presentes condiciones de acceso al sitio web, as\u00ed como los contenidos incluidos en el mismo.<\/p><p><br \/><br \/><\/p><h2>Limitaci\u00f3n y exclusi\u00f3n de responsabilidad<\/h2><p>El contenido de este sitio web es de car\u00e1cter general y tiene \u00fanicamente fines informativos. PREVINTEGRAL no asume ninguna responsabilidad por la informaci\u00f3n que no haya sido elaborada por ella o publicada en su nombre sin su autorizaci\u00f3n, ni por cualquier responsabilidad derivada del uso indebido del contenido por parte de terceros.<\/p><p>Por la presente, el usuario exime a PREVINTEGRAL de cualquier responsabilidad que pudiera derivarse de interrupciones en la disponibilidad del sitio web, ya sea por un mal funcionamiento del servidor web o de las aplicaciones, de la infraestructura de comunicaciones o del software y hardware utilizados para la navegaci\u00f3n.<\/p><p>En caso de que se incluyan enlaces a otros sitios web, PREVINTEGRAL declina toda responsabilidad relacionada con el acceso a los mismos.<\/p><p><br \/><br \/><\/p><h2>Propiedad intelectual e industrial<\/h2><p>Todo el contenido de este sitio web est\u00e1 protegido por las leyes de propiedad intelectual e industrial. Salvo que se indique lo contrario, los derechos de propiedad intelectual sobre los contenidos son propiedad exclusiva de PREVINTEGRAL. El usuario reconoce que el uso de los contenidos se limitar\u00e1 estrictamente a sus propios fines personales y que cualquier reproducci\u00f3n, distribuci\u00f3n, comunicaci\u00f3n p\u00fablica o transformaci\u00f3n no expresamente autorizada de los citados contenidos constituir\u00eda una infracci\u00f3n de los derechos de propiedad intelectual.<\/p><p>Del mismo modo, el usuario se abstendr\u00e1 de utilizar los contenidos, y en particular cualquier informaci\u00f3n de cualquier tipo obtenida a trav\u00e9s de este sitio web, para enviar publicidad o comunicaciones con fines de venta directa o comerciales; mensajes no solicitados dirigidos a un grupo de personas, independientemente de su finalidad. El usuario tambi\u00e9n deber\u00e1 abstenerse de divulgar esta informaci\u00f3n de cualquier forma.<\/p><p>previntegral.com es un dominio propiedad de PREVINTEGRAL. No podr\u00e1 utilizarse, sin autorizaci\u00f3n previa y expresa, en relaci\u00f3n con ning\u00fan producto o servicio que no sea propiedad de PREVINTEGRAL, de ninguna forma que pueda causar confusi\u00f3n entre nuestros clientes o perjudicar la reputaci\u00f3n de PREVINTEGRAL.<\/p><p><br \/><br \/><\/p><h2>Pol\u00edtica sobre enlaces a este sitio web<\/h2><p>Si alg\u00fan usuario, entidad o sitio web desea establecer cualquier tipo de enlace a este sitio web, deber\u00e1 solicitar autorizaci\u00f3n previa por escrito antes de hacerlo.<\/p><p>Adem\u00e1s, solo se permite enlazar a la p\u00e1gina de inicio del sitio web. El enlace debe ser directo y completo, es decir, debe dirigir al usuario a la propia direcci\u00f3n de PREVINTEGRAL, ocupando todo el ancho de la pantalla de la p\u00e1gina en la que aparece el enlace. En ning\u00fan caso, salvo autorizaci\u00f3n expresa y por escrito de PREVINTEGRAL, la p\u00e1gina enlazante podr\u00e1 reproducir el sitio web de PREVINTEGRAL, ni incluirlo como parte de su propio sitio, ni enmarcarlo dentro de ninguna de las p\u00e1ginas o contenidos de este sitio web.<\/p><p>No se incluir\u00e1n declaraciones falsas, inexactas o incorrectas en las p\u00e1ginas de este sitio web ni en relaci\u00f3n con los servicios que en \u00e9l se ofrecen.<\/p><p>El enlace no deber\u00e1 contener ninguna marca comercial, nombre comercial, r\u00f3tulo, denominaci\u00f3n, logotipo, eslogan u otro signo distintivo perteneciente a PREVINTEGRAL.<\/p><p>En ning\u00fan caso PREVINTEGRAL se har\u00e1 responsable del contenido o de los servicios puestos a disposici\u00f3n del p\u00fablico en el sitio web desde el que se realiza el enlace, ni de la informaci\u00f3n o las declaraciones que en \u00e9l figuren.<\/p><p><br \/><br \/><\/p><h2>Protecci\u00f3n de datos personales<\/h2><p>El uso de este sitio web y de sus formularios implica la aceptaci\u00f3n del tratamiento de los datos del usuario de conformidad con nuestra pol\u00edtica de privacidad, lo que incluye la recopilaci\u00f3n de datos de acceso y el env\u00edo de informaci\u00f3n comercial por medios electr\u00f3nicos.<\/p><p>Le rogamos que lea atentamente nuestra pol\u00edtica de privacidad para saber c\u00f3mo utiliza el responsable de este sitio web los datos de los usuarios y c\u00f3mo ejercer sus derechos de acceso, rectificaci\u00f3n, cancelaci\u00f3n y oposici\u00f3n.<\/p><p><br \/><br \/><\/p><h2>Cookies<\/h2><p>Este sitio web utiliza cookies propias y de terceros con diversos fines, entre ellos el an\u00e1lisis de datos y la publicidad adaptada a los intereses del usuario. El hecho de navegar por este sitio web con las cookies activadas en su navegador implica la aceptaci\u00f3n de su tratamiento de conformidad con nuestra pol\u00edtica de cookies.<\/p><p>Le rogamos que lea atentamente nuestra pol\u00edtica de cookies para conocer los tipos de cookies que utilizamos y c\u00f3mo bloquearlas o eliminarlas en su navegador.<\/p><p><br \/><br \/><\/p><h2>Prevalencia de la versi\u00f3n en espa\u00f1ol<\/h2><p>En caso de que este aviso legal se traduzca a otros idiomas, cualquier discrepancia se resolver\u00e1 a favor de la versi\u00f3n en espa\u00f1ol.<\/p><p><br \/><br \/><\/p><h2>Legislaci\u00f3n aplicable y jurisdicci\u00f3n<\/h2><p>El presente Aviso Legal, as\u00ed como la relaci\u00f3n entre PREVINTEGRAL y los usuarios, se regir\u00e1n por la legislaci\u00f3n espa\u00f1ola vigente, y cualquier controversia se someter\u00e1 a los Juzgados y Tribunales de Lleida, salvo en el caso de los consumidores y usuarios, en cuyo caso se aplicar\u00e1 la jurisdicci\u00f3n obligatoria de los tribunales correspondientes a su lugar de residencia. \u00a9 2016 PREVINTEGRAL<\/p>\t\t\t\t\t\t\t\t<\/div>\n\t\t\t\t\t<\/div>\n\t\t\t\t<\/div>\n\t\t\t\t<\/div>","protected":false},"excerpt":{"rendered":"<p>Av\u00eds legal Titularitat de la web i les dades de contacte Previntegral.com \u00e9s un domini d&#8217;internet que t\u00e9 com a propietari PREVINTEGRAL SL amb CIF\/NIF B25511601 i domiciliada a AV. DEL CANAL 11 25230 MOLLERUSSA (LLEIDA). Registre Mercantil de LLEIDA T 787 , F 144, S 8, H L14781. Pot contactar amb PREVINTEGRAL: &#8211; Telef\u00f2nicament: [&hellip;]<\/p>\n","protected":false},"author":1,"featured_media":0,"parent":5764,"menu_order":0,"comment_status":"closed","ping_status":"closed","template":"","meta":{"_acf_changed":false,"footnotes":""},"class_list":["post-5811","page","type-page","status-publish","hentry"],"acf":[],"_links":{"self":[{"href":"https:\/\/previntegral.com\/es\/wp-json\/wp\/v2\/pages\/5811","targetHints":{"allow":["GET"]}}],"collection":[{"href":"https:\/\/previntegral.com\/es\/wp-json\/wp\/v2\/pages"}],"about":[{"href":"https:\/\/previntegral.com\/es\/wp-json\/wp\/v2\/types\/page"}],"author":[{"embeddable":true,"href":"https:\/\/previntegral.com\/es\/wp-json\/wp\/v2\/users\/1"}],"replies":[{"embeddable":true,"href":"https:\/\/previntegral.com\/es\/wp-json\/wp\/v2\/comments?post=5811"}],"version-history":[{"count":7,"href":"https:\/\/previntegral.com\/es\/wp-json\/wp\/v2\/pages\/5811\/revisions"}],"predecessor-version":[{"id":5871,"href":"https:\/\/previntegral.com\/es\/wp-json\/wp\/v2\/pages\/5811\/revisions\/5871"}],"up":[{"embeddable":true,"href":"https:\/\/previntegral.com\/es\/wp-json\/wp\/v2\/pages\/5764"}],"wp:attachment":[{"href":"https:\/\/previntegral.com\/es\/wp-json\/wp\/v2\/media?parent=5811"}],"curies":[{"name":"WordPress","href":"https:\/\/api.w.org\/{rel}","templated":true}]}}