{"id":5825,"date":"2025-12-10T15:01:11","date_gmt":"2025-12-10T15:01:11","guid":{"rendered":"https:\/\/previntegral.com\/?page_id=5825"},"modified":"2025-12-10T15:24:35","modified_gmt":"2025-12-10T15:24:35","slug":"politica-de-seguridad-de-la-informacion","status":"publish","type":"page","link":"https:\/\/previntegral.com\/es\/legal\/politica-de-seguretat-de-la-informacio\/","title":{"rendered":"Pol\u00edtica de seguridad de la informaci\u00f3n"},"content":{"rendered":"<div data-elementor-type=\"wp-page\" data-elementor-id=\"5825\" class=\"elementor elementor-5825\" data-elementor-post-type=\"page\">\n\t\t\t\t<div class=\"elementor-element elementor-element-c2a43c2 e-flex e-con-boxed e-con e-parent\" data-id=\"c2a43c2\" data-element_type=\"container\" data-e-type=\"container\" data-settings=\"{&quot;background_background&quot;:&quot;classic&quot;}\">\n\t\t\t\t\t<div class=\"e-con-inner\">\n\t\t\t\t<div class=\"elementor-element elementor-element-92477af elementor-widget elementor-widget-heading\" data-id=\"92477af\" data-element_type=\"widget\" data-e-type=\"widget\" data-widget_type=\"heading.default\">\n\t\t\t\t\t<h1 class=\"elementor-heading-title elementor-size-default\">Pol\u00edtica de seguridad de la informaci\u00f3n<\/h1>\t\t\t\t<\/div>\n\t\t\t\t\t<\/div>\n\t\t\t\t<\/div>\n\t\t<div class=\"elementor-element elementor-element-b4d8c41 e-flex e-con-boxed e-con e-parent\" data-id=\"b4d8c41\" data-element_type=\"container\" data-e-type=\"container\">\n\t\t\t\t\t<div class=\"e-con-inner\">\n\t\t\t\t<div class=\"elementor-element elementor-element-be4708b elementor-widget elementor-widget-text-editor\" data-id=\"be4708b\" data-element_type=\"widget\" data-e-type=\"widget\" data-widget_type=\"text-editor.default\">\n\t\t\t\t\t\t\t\t\t<p>La Organizaci\u00f3n ha decidido gestionar sus sistemas de informaci\u00f3n utilizando las mejores pr\u00e1cticas internacionales, de conformidad con la norma ISO\/IEC 27001:2013. Dada la importancia de los sistemas de informaci\u00f3n, la organizaci\u00f3n, a trav\u00e9s de su direcci\u00f3n, establece los siguientes principios fundamentales de seguridad de la informaci\u00f3n:<\/p><ol start=\"1\" type=\"1\"><li><strong>Cumplimiento normativo:<\/strong>\u00a0Todos los sistemas de informaci\u00f3n deben cumplir con la normativa legal y sectorial aplicable en materia de seguridad de la informaci\u00f3n, en particular la relativa a la protecci\u00f3n de datos personales, la seguridad de los sistemas, los datos, las comunicaciones y los servicios electr\u00f3nicos.<\/li><\/ol><ol start=\"2\" type=\"1\"><li><strong>Gesti\u00f3n de riesgos<\/strong>Los riesgos deben minimizarse hasta niveles aceptables y debe buscarse un equilibrio entre los controles de seguridad y la naturaleza de la informaci\u00f3n. Deben establecerse y revisarse los objetivos de seguridad, que deben ser coherentes con los aspectos relacionados con la seguridad de la informaci\u00f3n.<\/li><\/ol><ol start=\"3\" type=\"1\"><li><strong>Formaci\u00f3n y sensibilizaci\u00f3n:<\/strong>\u00a0Se organizar\u00e1n programas de formaci\u00f3n, sensibilizaci\u00f3n y campa\u00f1as de concienciaci\u00f3n para todos los usuarios con acceso a informaci\u00f3n sobre seguridad de la informaci\u00f3n.<\/li><\/ol><ol start=\"4\" type=\"1\"><li><strong>Disponibilidad, integridad y confidencialidad:<\/strong><\/li><\/ol><ul><li>Se debe garantizar la disponibilidad de la informaci\u00f3n, asegurando la continuidad del negocio respaldado por los servicios de informaci\u00f3n a trav\u00e9s de planes de contingencia.<\/li><li>Se debe garantizar la integridad de la informaci\u00f3n con la que se trabaja, de modo que sea concisa y precisa, haciendo hincapi\u00e9 en la exactitud tanto de su contenido como de los procesos implicados.<\/li><li>Se debe garantizar la confidencialidad de la informaci\u00f3n para que solo las personas autorizadas tengan acceso a ella.<\/li><\/ul><ol start=\"5\" type=\"1\"><li><strong>Proporcionalidad:<\/strong>\u00a0La implementaci\u00f3n de controles para mitigar los riesgos de seguridad de los activos debe llevarse a cabo buscando un equilibrio entre las medidas de seguridad, la naturaleza de la informaci\u00f3n y el riesgo.<\/li><\/ol><ol start=\"6\" type=\"1\"><li><strong>Responsabilidad:<\/strong>\u00a0Todos los miembros de la organizaci\u00f3n deben comportarse de manera responsable con respecto a la seguridad de la informaci\u00f3n, cumpliendo con las normas y controles establecidos.<\/li><\/ol><ol start=\"7\" type=\"1\"><li><strong>Mejora continua:<\/strong>\u00a0La eficacia de los controles de seguridad implementados en la organizaci\u00f3n se revisar\u00e1 peri\u00f3dicamente para mejorar su capacidad de adaptaci\u00f3n a la constante evoluci\u00f3n de los riesgos y del entorno tecnol\u00f3gico.<\/li><\/ol><p>En consonancia con la responsabilidad asumida y convencida de que la gesti\u00f3n de la seguridad es esencial para el futuro y la excelencia de la empresa, la direcci\u00f3n de la organizaci\u00f3n se compromete a proporcionar los recursos necesarios para cumplir con esta Pol\u00edtica.<\/p><p>De acuerdo con esta Pol\u00edtica, se establecen Objetivos de Seguridad en todos los niveles, y se supervisan los niveles de cumplimiento para poder medir nuestra mejora.<\/p><p>La direcci\u00f3n de la organizaci\u00f3n revisa peri\u00f3dicamente el Sistema de Gesti\u00f3n de Seguridad de la Informaci\u00f3n (SGSI), con el compromiso de garantizar su correcta y eficaz implementaci\u00f3n, su mejora continua y su cumplimiento con los nuevos requisitos legales aplicables.<\/p><p>Lleida, 16 de julio de 2019<\/p><p>La direcci\u00f3n<\/p>\t\t\t\t\t\t\t\t<\/div>\n\t\t\t\t\t<\/div>\n\t\t\t\t<\/div>\n\t\t\t\t<\/div>","protected":false},"excerpt":{"rendered":"<p>Pol\u00edtica de seguretat de la informaci\u00f3 L&#8217;Organitzaci\u00f3 ha pres la decisi\u00f3 de gestionar els sistemes de la informaci\u00f3 utilitzant les millors pr\u00e0ctiques internacionals, conforme a l&#8217;est\u00e0ndard ISO \/ IEC 27001: 2013. Donada la import\u00e0ncia que tenen els sistemes d&#8217;informaci\u00f3, l&#8217;organitzaci\u00f3 s&#8217;estableix a trav\u00e9s de la seva direcci\u00f3 els seg\u00fcents principis fonamentals de seguretat de la [&hellip;]<\/p>\n","protected":false},"author":1,"featured_media":0,"parent":5764,"menu_order":0,"comment_status":"closed","ping_status":"closed","template":"","meta":{"_acf_changed":false,"footnotes":""},"class_list":["post-5825","page","type-page","status-publish","hentry"],"acf":[],"_links":{"self":[{"href":"https:\/\/previntegral.com\/es\/wp-json\/wp\/v2\/pages\/5825","targetHints":{"allow":["GET"]}}],"collection":[{"href":"https:\/\/previntegral.com\/es\/wp-json\/wp\/v2\/pages"}],"about":[{"href":"https:\/\/previntegral.com\/es\/wp-json\/wp\/v2\/types\/page"}],"author":[{"embeddable":true,"href":"https:\/\/previntegral.com\/es\/wp-json\/wp\/v2\/users\/1"}],"replies":[{"embeddable":true,"href":"https:\/\/previntegral.com\/es\/wp-json\/wp\/v2\/comments?post=5825"}],"version-history":[{"count":7,"href":"https:\/\/previntegral.com\/es\/wp-json\/wp\/v2\/pages\/5825\/revisions"}],"predecessor-version":[{"id":5865,"href":"https:\/\/previntegral.com\/es\/wp-json\/wp\/v2\/pages\/5825\/revisions\/5865"}],"up":[{"embeddable":true,"href":"https:\/\/previntegral.com\/es\/wp-json\/wp\/v2\/pages\/5764"}],"wp:attachment":[{"href":"https:\/\/previntegral.com\/es\/wp-json\/wp\/v2\/media?parent=5825"}],"curies":[{"name":"WordPress","href":"https:\/\/api.w.org\/{rel}","templated":true}]}}