{"id":5836,"date":"2025-12-10T15:07:28","date_gmt":"2025-12-10T15:07:28","guid":{"rendered":"https:\/\/previntegral.com\/?page_id=5836"},"modified":"2025-12-10T15:29:59","modified_gmt":"2025-12-10T15:29:59","slug":"canal-etico","status":"publish","type":"page","link":"https:\/\/previntegral.com\/es\/legal\/canal-etic\/","title":{"rendered":"Canal \u00e9tico"},"content":{"rendered":"<div data-elementor-type=\"wp-page\" data-elementor-id=\"5836\" class=\"elementor elementor-5836\" data-elementor-post-type=\"page\">\n\t\t\t\t<div class=\"elementor-element elementor-element-61e75da e-flex e-con-boxed e-con e-parent\" data-id=\"61e75da\" data-element_type=\"container\" data-e-type=\"container\" data-settings=\"{&quot;background_background&quot;:&quot;classic&quot;}\">\n\t\t\t\t\t<div class=\"e-con-inner\">\n\t\t\t\t<div class=\"elementor-element elementor-element-4587337 elementor-widget elementor-widget-heading\" data-id=\"4587337\" data-element_type=\"widget\" data-e-type=\"widget\" data-widget_type=\"heading.default\">\n\t\t\t\t\t<h1 class=\"elementor-heading-title elementor-size-default\">Canal \u00e9tico<\/h1>\t\t\t\t<\/div>\n\t\t\t\t\t<\/div>\n\t\t\t\t<\/div>\n\t\t<div class=\"elementor-element elementor-element-f19ec45 e-flex e-con-boxed e-con e-parent\" data-id=\"f19ec45\" data-element_type=\"container\" data-e-type=\"container\">\n\t\t\t\t\t<div class=\"e-con-inner\">\n\t\t\t\t<div class=\"elementor-element elementor-element-67107c3 elementor-widget elementor-widget-text-editor\" data-id=\"67107c3\" data-element_type=\"widget\" data-e-type=\"widget\" data-widget_type=\"text-editor.default\">\n\t\t\t\t\t\t\t\t\t<p>En Previntegral Group, ponemos a disposici\u00f3n de todos nuestros grupos de inter\u00e9s (clientes, contratistas, proveedores y otros terceros con los que mantenemos una relaci\u00f3n comercial) este canal de denuncia interna, a trav\u00e9s del cual pueden comunicar, de forma CONFIDENCIAL y directa, cualquier infracci\u00f3n de la ley, cualquier incumplimiento de las normas internas de la que tengan sospecha o conocimiento y que pueda implicar no solo la comisi\u00f3n de un delito, sino tambi\u00e9n una conducta irregular, poco \u00e9tica o inapropiada.<\/p><p>En Previntegral Group estamos firmemente comprometidos con el cumplimiento normativo y contamos con una s\u00f3lida cultura \u00e9tica que gu\u00eda todas nuestras actividades y decisiones. Por ello, promovemos una pol\u00edtica de tolerancia cero y un rechazo absoluto a cualquier pr\u00e1ctica il\u00edcita o delictiva dentro de nuestra organizaci\u00f3n.<\/p><p>El funcionamiento del Canal \u00c9tico se rige por el Reglamento del Canal \u00c9tico, que garantiza la m\u00e1xima seguridad y confidencialidad en cuanto a la identidad del denunciante y toda la informaci\u00f3n obtenida en la tramitaci\u00f3n de las denuncias, as\u00ed como el cumplimiento en todo momento de la normativa de protecci\u00f3n de datos personales. Asimismo, garantiza la indemnizaci\u00f3n y protecci\u00f3n del denunciante frente a cualquier tipo de represalia como consecuencia de la presentaci\u00f3n de una denuncia de buena fe.<\/p><p>\u00a0<\/p><h2>C\u00f3mo presentar una queja<\/h2><p>Puede hacer clic en el bot\u00f3n \u201dInformar\u201d y enviar su informe a trav\u00e9s de nuestro formulario de informes.<\/p>\t\t\t\t\t\t\t\t<\/div>\n\t\t\t\t<div class=\"elementor-element elementor-element-acce01f elementor-widget elementor-widget-button\" data-id=\"acce01f\" data-element_type=\"widget\" data-e-type=\"widget\" data-widget_type=\"button.default\">\n\t\t\t\t\t\t\t\t\t\t<a class=\"elementor-button elementor-button-link elementor-size-sm\" href=\"https:\/\/docs.google.com\/forms\/d\/e\/1FAIpQLSeiA9revypSMavlCZFp4DGXg_NpkXvLKAwtp8CYhl7DL7EjLw\/viewform\" target=\"_blank\" rel=\"noopener\">\n\t\t\t\t\t\t<span class=\"elementor-button-content-wrapper\">\n\t\t\t\t\t\t\t\t\t<span class=\"elementor-button-text\">Queja<\/span>\n\t\t\t\t\t<\/span>\n\t\t\t\t\t<\/a>\n\t\t\t\t\t\t\t\t<\/div>\n\t\t\t\t<div class=\"elementor-element elementor-element-1f08add elementor-widget elementor-widget-text-editor\" data-id=\"1f08add\" data-element_type=\"widget\" data-e-type=\"widget\" data-widget_type=\"text-editor.default\">\n\t\t\t\t\t\t\t\t\t<p>Si desea concertar una reuni\u00f3n presencial, env\u00edenos un correo electr\u00f3nico a canaletic@previntegral.com y le daremos una cita.<\/p><p>Para analizar la situaci\u00f3n objeto de la reclamaci\u00f3n y gestionarla correctamente, necesitaremos que nos facilite, como m\u00ednimo, la siguiente informaci\u00f3n:<\/p><ul><li>Una explicaci\u00f3n espec\u00edfica y detallada de los hechos, identificando a la persona o personas involucradas.<\/li><li>Fecha en la que ocurri\u00f3 o ha estado ocurriendo el evento.<\/li><li>Opcionalmente, documentos, archivos u otra informaci\u00f3n que se considere relevante para la evaluaci\u00f3n y resoluci\u00f3n del caso.<\/li><li>Datos de contacto para cualquier informaci\u00f3n adicional.<\/li><\/ul><p>La informaci\u00f3n proporcionada debe ser espec\u00edfica y lo m\u00e1s completa posible para una gesti\u00f3n eficaz de los casos.<\/p>\t\t\t\t\t\t\t\t<\/div>\n\t\t\t\t\t<\/div>\n\t\t\t\t<\/div>\n\t\t\t\t<\/div>","protected":false},"excerpt":{"rendered":"<p>Canal \u00e8tic Des de Previntegral Group posem a disposici\u00f3 de tots els nostres grups d&#8217;inter\u00e8s (clients, contractistes, prove\u00efdors i altres tercers amb els quals mantinguem una relaci\u00f3 de negoci) aquest canal intern d&#8217;informaci\u00f3, a trav\u00e9s del qual poden comunicar, de manera CONFIDENCIAL i directa, qualsevol incompliment de la legalitat, qualsevol incompliment de la legalitat de [&hellip;]<\/p>\n","protected":false},"author":1,"featured_media":0,"parent":5764,"menu_order":0,"comment_status":"closed","ping_status":"closed","template":"","meta":{"_acf_changed":false,"footnotes":""},"class_list":["post-5836","page","type-page","status-publish","hentry"],"acf":[],"_links":{"self":[{"href":"https:\/\/previntegral.com\/es\/wp-json\/wp\/v2\/pages\/5836","targetHints":{"allow":["GET"]}}],"collection":[{"href":"https:\/\/previntegral.com\/es\/wp-json\/wp\/v2\/pages"}],"about":[{"href":"https:\/\/previntegral.com\/es\/wp-json\/wp\/v2\/types\/page"}],"author":[{"embeddable":true,"href":"https:\/\/previntegral.com\/es\/wp-json\/wp\/v2\/users\/1"}],"replies":[{"embeddable":true,"href":"https:\/\/previntegral.com\/es\/wp-json\/wp\/v2\/comments?post=5836"}],"version-history":[{"count":13,"href":"https:\/\/previntegral.com\/es\/wp-json\/wp\/v2\/pages\/5836\/revisions"}],"predecessor-version":[{"id":5874,"href":"https:\/\/previntegral.com\/es\/wp-json\/wp\/v2\/pages\/5836\/revisions\/5874"}],"up":[{"embeddable":true,"href":"https:\/\/previntegral.com\/es\/wp-json\/wp\/v2\/pages\/5764"}],"wp:attachment":[{"href":"https:\/\/previntegral.com\/es\/wp-json\/wp\/v2\/media?parent=5836"}],"curies":[{"name":"WordPress","href":"https:\/\/api.w.org\/{rel}","templated":true}]}}