{"id":814,"date":"2025-08-26T08:40:10","date_gmt":"2025-08-26T08:40:10","guid":{"rendered":"https:\/\/previntegral.com\/carrito\/"},"modified":"2025-08-29T06:30:41","modified_gmt":"2025-08-29T06:30:41","slug":"carrito","status":"publish","type":"page","link":"https:\/\/previntegral.com\/es\/carrito\/","title":{"rendered":"Carro"},"content":{"rendered":"<div data-block-name=\"woocommerce\/cart\" class=\"wp-block-woocommerce-cart alignwide is-loading\">\n<div data-block-name=\"woocommerce\/filled-cart-block\" class=\"wp-block-woocommerce-filled-cart-block\">\n<div data-block-name=\"woocommerce\/cart-items-block\" class=\"wp-block-woocommerce-cart-items-block\">\n<div data-block-name=\"woocommerce\/cart-line-items-block\" class=\"wp-block-woocommerce-cart-line-items-block\"><\/div>\n\n\n\n<div data-block-name=\"woocommerce\/cart-cross-sells-block\" class=\"wp-block-woocommerce-cart-cross-sells-block\">\n<h2 class=\"wp-block-heading has-large-font-size\">Quiz\u00e1s te interese...<\/h2>\n\n\n\n<div data-block-name=\"woocommerce\/cart-cross-sells-products-block\" class=\"wp-block-woocommerce-cart-cross-sells-products-block\"><\/div>\n<\/div>\n<\/div>\n\n\n\n<div data-block-name=\"woocommerce\/cart-totals-block\" class=\"wp-block-woocommerce-cart-totals-block\">\n<div data-block-name=\"woocommerce\/cart-order-summary-block\" class=\"wp-block-woocommerce-cart-order-summary-block\">\n<div data-block-name=\"woocommerce\/cart-order-summary-heading-block\" class=\"wp-block-woocommerce-cart-order-summary-heading-block\"><\/div><div data-block-name=\"woocommerce\/cart-order-summary-coupon-form-block\" class=\"wp-block-woocommerce-cart-order-summary-coupon-form-block\"><\/div><div data-block-name=\"woocommerce\/cart-order-summary-totals-block\" class=\"wp-block-woocommerce-cart-order-summary-totals-block\">\n<div data-block-name=\"woocommerce\/cart-order-summary-subtotal-block\" class=\"wp-block-woocommerce-cart-order-summary-subtotal-block\"><\/div>\n<div data-block-name=\"woocommerce\/cart-order-summary-discount-block\" class=\"wp-block-woocommerce-cart-order-summary-discount-block\"><\/div>\n<div data-block-name=\"woocommerce\/cart-order-summary-fee-block\" class=\"wp-block-woocommerce-cart-order-summary-fee-block\"><\/div>\n<div data-block-name=\"woocommerce\/cart-order-summary-shipping-block\" class=\"wp-block-woocommerce-cart-order-summary-shipping-block\"><\/div>\n<div data-block-name=\"woocommerce\/cart-order-summary-taxes-block\" class=\"wp-block-woocommerce-cart-order-summary-taxes-block\"><\/div><\/div>\n<\/div>\n\n\n\n<div data-block-name=\"woocommerce\/cart-express-payment-block\" class=\"wp-block-woocommerce-cart-express-payment-block\"><\/div>\n\n\n\n<div data-block-name=\"woocommerce\/proceed-to-checkout-block\" class=\"wp-block-woocommerce-proceed-to-checkout-block\"><\/div>\n\n\n\n<div data-block-name=\"woocommerce\/cart-accepted-payment-methods-block\" class=\"wp-block-woocommerce-cart-accepted-payment-methods-block\"><\/div>\n<\/div>\n<\/div>\n\n\n\n<div data-block-name=\"woocommerce\/empty-cart-block\" class=\"wp-block-woocommerce-empty-cart-block\">\n<h2 class=\"wp-block-heading has-text-align-center with-empty-cart-icon wc-block-cart__empty-cart__title\">\u00a1Tu cesta est\u00e1 vac\u00eda!<\/h2>\n\n\n\n<hr class=\"wp-block-separator has-alpha-channel-opacity is-style-dots\"\/>\n\n\n\n<h2 class=\"wp-block-heading has-text-align-center\">Novedades en la tienda<\/h2>\n\n\n<div data-block-name=\"woocommerce\/product-new\" data-columns=\"4\" data-rows=\"1\" class=\"wc-block-grid wp-block-product-new wp-block-woocommerce-product-new wc-block-product-new has-4-columns\"><ul class=\"wc-block-grid__products\"><li class=\"wc-block-grid__product\">\n\t\t\t\t<a href=\"https:\/\/previntegral.com\/es\/producto\/especialidat-instal-lador-de-fusta-i-moble\/\" class=\"wc-block-grid__product-link\">\n\t\t\t\t\t\n\t\t\t\t\t<div class=\"wc-block-grid__product-image\"><img fetchpriority=\"high\" decoding=\"async\" width=\"300\" height=\"300\" src=\"https:\/\/previntegral.com\/wp-content\/uploads\/2026\/02\/cover-image-159-1-300x300.jpeg\" class=\"attachment-woocommerce_thumbnail size-woocommerce_thumbnail\" alt=\"Montador de estructuras de madera 6h\" srcset=\"https:\/\/previntegral.com\/wp-content\/uploads\/2026\/02\/cover-image-159-1-300x300.jpeg 300w, https:\/\/previntegral.com\/wp-content\/uploads\/2026\/02\/cover-image-159-1-150x150.jpeg 150w, https:\/\/previntegral.com\/wp-content\/uploads\/2026\/02\/cover-image-159-1-100x100.jpeg 100w\" sizes=\"(max-width: 300px) 100vw, 300px\" \/><\/div>\n\t\t\t\t\t<div class=\"wc-block-grid__product-title\">Especialista en carpinter\u00eda y montaje de muebles<\/div>\n\t\t\t\t<\/a>\n\t\t\t\t<div class=\"wc-block-grid__product-price price\"><\/div>\n\t\t\t\t\n\t\t\t\t<div class=\"wp-block-button wc-block-grid__product-add-to-cart\"><a href=\"https:\/\/previntegral.com\/es\/producto\/especialidat-instal-lador-de-fusta-i-moble\/\" aria-label=\"Lee m\u00e1s sobre \u201cEspecialidat instal.lador de fusta i moble\u201d\" data-quantity=\"1\" data-product_id=\"8510\" data-product_sku=\"\" data-price=\"0\" rel=\"nofollow\" class=\"wp-block-button__link  add_to_cart_button\" data-no-translation-aria-label=\"\">Inscribirme<\/a><\/div>\n\t\t\t<\/li><li class=\"wc-block-grid__product\">\n\t\t\t\t<a href=\"https:\/\/previntegral.com\/es\/producto\/et-num-2004-01-10-llocs-de-treball-enquadrats-en-els-grups-s-5-4-lletres-a-b-c-d-e-f-g-h-j-k-l-m-i-5-5-lletres-a-b-i-d\/\" class=\"wc-block-grid__product-link\">\n\t\t\t\t\t\n\t\t\t\t\t<div class=\"wc-block-grid__product-image\"><img decoding=\"async\" width=\"300\" height=\"300\" src=\"https:\/\/previntegral.com\/wp-content\/uploads\/2025\/12\/cover-image-239-1-300x300.jpeg\" class=\"attachment-woocommerce_thumbnail size-woocommerce_thumbnail\" alt=\"EPT 10.01.2003 - Formaci\u00f3n preventiva para el desempe\u00f1o de los trabajos clasificados en los grupos 5.1 letras a), b), c) y 5.2 letras a), b), d), f) y h) de la instrucci\u00f3n t\u00e9cnica complementaria 02.1.02, \u00abFormaci\u00f3n preventiva para el desempe\u00f1o del trabajo\u00bb. B\u00fasqueda y diversas actividades al aire libre 5 h\" srcset=\"https:\/\/previntegral.com\/wp-content\/uploads\/2025\/12\/cover-image-239-1-300x300.jpeg 300w, https:\/\/previntegral.com\/wp-content\/uploads\/2025\/12\/cover-image-239-1-150x150.jpeg 150w, https:\/\/previntegral.com\/wp-content\/uploads\/2025\/12\/cover-image-239-1-100x100.jpeg 100w\" sizes=\"(max-width: 300px) 100vw, 300px\" \/><\/div>\n\t\t\t\t\t<div class=\"wc-block-grid__product-title\">RECICLAJE \u2013 N.\u00ba ET 2004.01.10 \u2013 Lugares de trabajo clasificados en los grupos S 5.4, letras a), b), c), d), e), f), g), h), j), k), l) y m), y S 5.5, letras a), b) y d)<\/div>\n\t\t\t\t<\/a>\n\t\t\t\t<div class=\"wc-block-grid__product-price price\"><\/div>\n\t\t\t\t\n\t\t\t\t<div class=\"wp-block-button wc-block-grid__product-add-to-cart\"><a href=\"https:\/\/previntegral.com\/es\/producto\/et-num-2004-01-10-llocs-de-treball-enquadrats-en-els-grups-s-5-4-lletres-a-b-c-d-e-f-g-h-j-k-l-m-i-5-5-lletres-a-b-i-d\/\" aria-label=\"Lee m\u00e1s sobre \u201cRECICLATGE - ET num 2004.01.10 - Llocs de treball enquadrats en els grups s 5.4 lletres a), b), c), d), e), f), g), h), j), k), l), m), i 5.5 lletres a), b) i d)\u201d\" data-quantity=\"1\" data-product_id=\"8139\" data-product_sku=\"\" data-price=\"0\" rel=\"nofollow\" class=\"wp-block-button__link  add_to_cart_button\" data-no-translation-aria-label=\"\">Inscribirme<\/a><\/div>\n\t\t\t<\/li><li class=\"wc-block-grid__product\">\n\t\t\t\t<a href=\"https:\/\/previntegral.com\/es\/producto\/et-num-2003-01-10-operadors-de-manteniment-mecanic-i-o-electric\/\" class=\"wc-block-grid__product-link\">\n\t\t\t\t\t\n\t\t\t\t\t<div class=\"wc-block-grid__product-image\"><img decoding=\"async\" width=\"300\" height=\"300\" src=\"https:\/\/previntegral.com\/wp-content\/uploads\/2025\/12\/cover-image-239-1-300x300.jpeg\" class=\"attachment-woocommerce_thumbnail size-woocommerce_thumbnail\" alt=\"EPT 10.01.2003 - Formaci\u00f3n preventiva para el desempe\u00f1o de los trabajos clasificados en los grupos 5.1 letras a), b), c) y 5.2 letras a), b), d), f) y h) de la instrucci\u00f3n t\u00e9cnica complementaria 02.1.02, \u00abFormaci\u00f3n preventiva para el desempe\u00f1o del trabajo\u00bb. B\u00fasqueda y diversas actividades al aire libre 5 h\" srcset=\"https:\/\/previntegral.com\/wp-content\/uploads\/2025\/12\/cover-image-239-1-300x300.jpeg 300w, https:\/\/previntegral.com\/wp-content\/uploads\/2025\/12\/cover-image-239-1-150x150.jpeg 150w, https:\/\/previntegral.com\/wp-content\/uploads\/2025\/12\/cover-image-239-1-100x100.jpeg 100w\" sizes=\"(max-width: 300px) 100vw, 300px\" \/><\/div>\n\t\t\t\t\t<div class=\"wc-block-grid__product-title\">RECICLAJE \u2013 N.\u00ba ET 2003.01.10 \u2013 Operadores de mantenimiento mec\u00e1nico y\/o el\u00e9ctrico<\/div>\n\t\t\t\t<\/a>\n\t\t\t\t<div class=\"wc-block-grid__product-price price\"><\/div>\n\t\t\t\t\n\t\t\t\t<div class=\"wp-block-button wc-block-grid__product-add-to-cart\"><a href=\"https:\/\/previntegral.com\/es\/producto\/et-num-2003-01-10-operadors-de-manteniment-mecanic-i-o-electric\/\" aria-label=\"Lee m\u00e1s sobre \u201cRECICLATGE - ET num 2003.01.10 - Operadors de manteniment mec\u00e0nic i\/o el\u00e8ctric\u201d\" data-quantity=\"1\" data-product_id=\"8138\" data-product_sku=\"\" data-price=\"0\" rel=\"nofollow\" class=\"wp-block-button__link  add_to_cart_button\" data-no-translation-aria-label=\"\">Inscribirme<\/a><\/div>\n\t\t\t<\/li><li class=\"wc-block-grid__product\">\n\t\t\t\t<a href=\"https:\/\/previntegral.com\/es\/producto\/manipulacio-daliments\/\" class=\"wc-block-grid__product-link\">\n\t\t\t\t\t\n\t\t\t\t\t<div class=\"wc-block-grid__product-image\"><img decoding=\"async\" width=\"300\" height=\"300\" src=\"https:\/\/previntegral.com\/wp-content\/uploads\/2026\/03\/aliments-300x300.jpg\" class=\"attachment-woocommerce_thumbnail size-woocommerce_thumbnail\" alt=\"Manipulaci\u00f3n de alimentos\" srcset=\"https:\/\/previntegral.com\/wp-content\/uploads\/2026\/03\/aliments-300x300.jpg 300w, https:\/\/previntegral.com\/wp-content\/uploads\/2026\/03\/aliments-150x150.jpg 150w, https:\/\/previntegral.com\/wp-content\/uploads\/2026\/03\/aliments-100x100.jpg 100w\" sizes=\"(max-width: 300px) 100vw, 300px\" \/><\/div>\n\t\t\t\t\t<div class=\"wc-block-grid__product-title\">Manipulaci\u00f3n de alimentos<\/div>\n\t\t\t\t<\/a>\n\t\t\t\t<div class=\"wc-block-grid__product-price price\"><\/div>\n\t\t\t\t\n\t\t\t\t<div class=\"wp-block-button wc-block-grid__product-add-to-cart\"><a href=\"https:\/\/previntegral.com\/es\/producto\/manipulacio-daliments\/\" aria-label=\"Lee m\u00e1s sobre \u201cManipulaci\u00f3 d&#039;aliments\u201d\" data-quantity=\"1\" data-product_id=\"7961\" data-product_sku=\"\" data-price=\"0\" rel=\"nofollow\" class=\"wp-block-button__link  add_to_cart_button\" data-no-translation-aria-label=\"\">Inscribirme<\/a><\/div>\n\t\t\t<\/li><\/ul><\/div><\/div>\n<\/div>","protected":false},"excerpt":{"rendered":"","protected":false},"author":1,"featured_media":0,"parent":0,"menu_order":0,"comment_status":"closed","ping_status":"closed","template":"","meta":{"_acf_changed":false,"footnotes":""},"class_list":["post-814","page","type-page","status-publish","hentry"],"acf":[],"_links":{"self":[{"href":"https:\/\/previntegral.com\/es\/wp-json\/wp\/v2\/pages\/814","targetHints":{"allow":["GET"]}}],"collection":[{"href":"https:\/\/previntegral.com\/es\/wp-json\/wp\/v2\/pages"}],"about":[{"href":"https:\/\/previntegral.com\/es\/wp-json\/wp\/v2\/types\/page"}],"author":[{"embeddable":true,"href":"https:\/\/previntegral.com\/es\/wp-json\/wp\/v2\/users\/1"}],"replies":[{"embeddable":true,"href":"https:\/\/previntegral.com\/es\/wp-json\/wp\/v2\/comments?post=814"}],"version-history":[{"count":1,"href":"https:\/\/previntegral.com\/es\/wp-json\/wp\/v2\/pages\/814\/revisions"}],"predecessor-version":[{"id":1031,"href":"https:\/\/previntegral.com\/es\/wp-json\/wp\/v2\/pages\/814\/revisions\/1031"}],"wp:attachment":[{"href":"https:\/\/previntegral.com\/es\/wp-json\/wp\/v2\/media?parent=814"}],"curies":[{"name":"WordPress","href":"https:\/\/api.w.org\/{rel}","templated":true}]}}