{"id":3629,"date":"2025-12-03T14:09:44","date_gmt":"2025-12-03T14:09:44","guid":{"rendered":"https:\/\/previntegral.com\/producto\/formacio-per-a-directius-dempresa-de-la-fusta\/"},"modified":"2026-03-18T15:02:05","modified_gmt":"2026-03-18T15:02:05","slug":"formacion-para-directivos-del-sector-maderero","status":"publish","type":"product","link":"https:\/\/previntegral.com\/es\/producto\/formacio-per-a-directius-dempresa-de-la-fusta\/","title":{"rendered":"Formaci\u00f3n para directivos de la industria maderera"},"content":{"rendered":"<p>Este curso de 10 horas, impartido \u00edntegramente en un <strong>en l\u00ednea<\/strong>, est\u00e1 dirigido a los directivos de empresas del sector <strong>la madera y el mueble<\/strong> que necesitan formaci\u00f3n espec\u00edfica en <strong>prevenci\u00f3n de riesgos laborales<\/strong>. La formaci\u00f3n ofrece <strong>Competencias clave<\/strong> para la gesti\u00f3n segura y eficiente de las obras, garantizando el cumplimiento de la normativa vigente y los requisitos de la <strong>Ley 32\/2006<\/strong>, as\u00ed como la acreditaci\u00f3n para el <strong>Tarjeta profesional de construcci\u00f3n<\/strong> en este sector. Mediante una metodolog\u00eda flexible y pr\u00e1ctica, el curso permite a los directivos compaginar sus responsabilidades habituales con la tarea de garantizar una <strong>Cultura de seguridad en el trabajo<\/strong> y la protecci\u00f3n de la salud de los trabajadores. Esta formaci\u00f3n es fundamental para garantizar que las empresas cumplan las normas de prevenci\u00f3n, mejorando tanto la seguridad como la eficiencia en la gesti\u00f3n de los trabajos relacionados con la madera y el mobiliario.<\/p>","protected":false},"excerpt":{"rendered":"<p>Aquest curs de 10 hores, impartit \u00edntegrament en modalitat online, est\u00e0 dissenyat per a directius d&#8217;empreses del sector de la fusta i el moble que necessiten una formaci\u00f3 espec\u00edfica en prevenci\u00f3 de riscos laborals. La formaci\u00f3 proporciona les compet\u00e8ncies clau per a una gesti\u00f3 segura i eficient de les obres, assegurant el compliment de la [&hellip;]<\/p>\n","protected":false},"featured_media":3631,"comment_status":"open","ping_status":"closed","template":"","meta":{"_acf_changed":false},"product_brand":[],"product_cat":[42],"product_tag":[],"class_list":{"0":"post-3629","1":"product","2":"type-product","3":"status-publish","4":"has-post-thumbnail","6":"product_cat-fusta-i-moble","8":"first","9":"instock","10":"virtual","11":"taxable","12":"purchasable","13":"product-type-curso"},"acf":[],"precio_regular_curso":108.9,"precio_bonificado_curso":108.91,"_links":{"self":[{"href":"https:\/\/previntegral.com\/es\/wp-json\/wp\/v2\/product\/3629","targetHints":{"allow":["GET"]}}],"collection":[{"href":"https:\/\/previntegral.com\/es\/wp-json\/wp\/v2\/product"}],"about":[{"href":"https:\/\/previntegral.com\/es\/wp-json\/wp\/v2\/types\/product"}],"replies":[{"embeddable":true,"href":"https:\/\/previntegral.com\/es\/wp-json\/wp\/v2\/comments?post=3629"}],"wp:featuredmedia":[{"embeddable":true,"href":"https:\/\/previntegral.com\/es\/wp-json\/wp\/v2\/media\/3631"}],"wp:attachment":[{"href":"https:\/\/previntegral.com\/es\/wp-json\/wp\/v2\/media?parent=3629"}],"wp:term":[{"taxonomy":"product_brand","embeddable":true,"href":"https:\/\/previntegral.com\/es\/wp-json\/wp\/v2\/product_brand?post=3629"},{"taxonomy":"product_cat","embeddable":true,"href":"https:\/\/previntegral.com\/es\/wp-json\/wp\/v2\/product_cat?post=3629"},{"taxonomy":"product_tag","embeddable":true,"href":"https:\/\/previntegral.com\/es\/wp-json\/wp\/v2\/product_tag?post=3629"}],"curies":[{"name":"WordPress","href":"https:\/\/api.w.org\/{rel}","templated":true}]}}