{"id":3632,"date":"2025-12-03T14:16:56","date_gmt":"2025-12-03T14:16:56","guid":{"rendered":"https:\/\/previntegral.com\/producto\/instal%c2%b7ador-delements-de-fusteria-i-moble\/"},"modified":"2026-03-16T18:32:30","modified_gmt":"2026-03-16T18:32:30","slug":"instalador-de-elementos-de-carpinteria-y-mueble","status":"publish","type":"product","link":"https:\/\/previntegral.com\/es\/producto\/instal%c2%b7ador-delements-de-fusteria-i-moble\/","title":{"rendered":"Montador de carpinter\u00eda y muebles"},"content":{"rendered":"<p>Este curso de\u2019<strong>Montador de carpinter\u00eda y muebles<\/strong> se imparte en modalidad 100% <strong>presencial<\/strong> tiene una duraci\u00f3n de 20 horas, dirigido a profesionales del sector que quieren mejorar sus <strong>Habilidades t\u00e9cnicas<\/strong> operativos. La formaci\u00f3n combina teor\u00eda y pr\u00e1ctica para garantizar una adecuada interpretaci\u00f3n de <strong>planos<\/strong> i <strong>instrucciones t\u00e9cnicas<\/strong>, as\u00ed como un dominio avanzado de las <strong>t\u00e9cnicas de fijaci\u00f3n<\/strong> y ajuste de los elementos de carpinter\u00eda y mueble. Otro aspecto fundamental que se trabaja durante el curso es el cumplimiento de las <strong>normas de seguridad<\/strong> y la correcta aplicaci\u00f3n de <strong>Reglamento de la tarjeta profesional de la construcci\u00f3n<\/strong>. Adem\u00e1s, se incide en la <strong>responsabilidad ambiental<\/strong> promovemos la gesti\u00f3n eficiente de materiales y residuos para conseguir instalaciones m\u00e1s sostenibles. Esta formaci\u00f3n tambi\u00e9n facilita la mejora en la <strong>coordinaci\u00f3n y comunicaci\u00f3n<\/strong> en el equipo, impulsando la calidad y eficiencia del trabajo en conjunto.<\/p>","protected":false},"excerpt":{"rendered":"<p>Aquest curs d&#8217;Instal\u00b7lador d&#8217;elements de fusteria i moble s&#8217;imparteix en modalitat 100% presencial i t\u00e9 una durada de 20 hores, dirigit a professionals del sector que volen millorar les seves compet\u00e8ncies t\u00e8cniques i operatives. La formaci\u00f3 combina teoria i pr\u00e0ctica per garantir una adequada interpretaci\u00f3 de pl\u00e0nols i instruccions t\u00e8cniques, aix\u00ed com un domini avan\u00e7at [&hellip;]<\/p>\n","protected":false},"featured_media":3634,"comment_status":"open","ping_status":"closed","template":"","meta":{"_acf_changed":false},"product_brand":[],"product_cat":[42],"product_tag":[],"class_list":{"0":"post-3632","1":"product","2":"type-product","3":"status-publish","4":"has-post-thumbnail","6":"product_cat-fusta-i-moble","8":"first","9":"instock","10":"virtual","11":"taxable","12":"purchasable","13":"product-type-curso"},"acf":[],"precio_regular_curso":340.01,"precio_bonificado_curso":358.16,"_links":{"self":[{"href":"https:\/\/previntegral.com\/es\/wp-json\/wp\/v2\/product\/3632","targetHints":{"allow":["GET"]}}],"collection":[{"href":"https:\/\/previntegral.com\/es\/wp-json\/wp\/v2\/product"}],"about":[{"href":"https:\/\/previntegral.com\/es\/wp-json\/wp\/v2\/types\/product"}],"replies":[{"embeddable":true,"href":"https:\/\/previntegral.com\/es\/wp-json\/wp\/v2\/comments?post=3632"}],"wp:featuredmedia":[{"embeddable":true,"href":"https:\/\/previntegral.com\/es\/wp-json\/wp\/v2\/media\/3634"}],"wp:attachment":[{"href":"https:\/\/previntegral.com\/es\/wp-json\/wp\/v2\/media?parent=3632"}],"wp:term":[{"taxonomy":"product_brand","embeddable":true,"href":"https:\/\/previntegral.com\/es\/wp-json\/wp\/v2\/product_brand?post=3632"},{"taxonomy":"product_cat","embeddable":true,"href":"https:\/\/previntegral.com\/es\/wp-json\/wp\/v2\/product_cat?post=3632"},{"taxonomy":"product_tag","embeddable":true,"href":"https:\/\/previntegral.com\/es\/wp-json\/wp\/v2\/product_tag?post=3632"}],"curies":[{"name":"WordPress","href":"https:\/\/api.w.org\/{rel}","templated":true}]}}