{"id":3635,"date":"2025-12-03T14:31:07","date_gmt":"2025-12-03T14:31:07","guid":{"rendered":"https:\/\/previntegral.com\/producto\/delegats-de-prevencio\/"},"modified":"2026-03-16T18:32:30","modified_gmt":"2026-03-16T18:32:30","slug":"delegados-de-prevencion","status":"publish","type":"product","link":"https:\/\/previntegral.com\/es\/producto\/delegats-de-prevencio\/","title":{"rendered":"Representantes de salud y seguridad"},"content":{"rendered":"<p>El curso de <strong>Representantes de salud y seguridad<\/strong> del sector de la madera y el mueble est\u00e1 dise\u00f1ado para proporcionar a los participantes <strong>competencias b\u00e1sicas y espec\u00edficas<\/strong> necesario para garantizar la seguridad en el lugar de trabajo en las obras en las que participan. Con una duraci\u00f3n de 50 horas y impartido en formato de aprendizaje mixto. <strong>presencial<\/strong>, Este programa cumple con los requisitos establecidos por la Ley 32\/2006 y el reglamento de la <strong>Tarjeta profesional de construcci\u00f3n<\/strong> espec\u00edficos del sector. A lo largo de las sesiones, los participantes aprender\u00e1n a identificar y gestionar los riesgos laborales espec\u00edficos de la industria de la madera y el mueble, as\u00ed como a aplicar la legislaci\u00f3n vigente para garantizar un entorno de trabajo m\u00e1s seguro y saludable. Impartido por Previntegral, un centro acreditado por la Fundaci\u00f3n de Trabajadores de la Construcci\u00f3n, este curso prepara al personal con funciones preventivas para actuar de forma eficaz en la vigilancia y la prevenci\u00f3n dentro de su empresa.<\/p>","protected":false},"excerpt":{"rendered":"<p>El curs de Delegats de prevenci\u00f3 del sector de la fusta i el moble est\u00e0 dissenyat per dotar els participants de les compet\u00e8ncies b\u00e0siques i espec\u00edfiques necess\u00e0ries per garantir la seguretat laboral en les obres on intervenen. Amb una durada de 50 hores i impartit en modalitat presencial, aquest programa s\u2019ajusta als requeriments establerts per [&hellip;]<\/p>\n","protected":false},"featured_media":3637,"comment_status":"open","ping_status":"closed","template":"","meta":{"_acf_changed":false},"product_brand":[],"product_cat":[42],"product_tag":[],"class_list":{"0":"post-3635","1":"product","2":"type-product","3":"status-publish","4":"has-post-thumbnail","6":"product_cat-fusta-i-moble","8":"first","9":"instock","10":"virtual","11":"taxable","12":"purchasable","13":"product-type-curso"},"acf":[],"precio_regular_curso":724.79,"precio_bonificado_curso":762.3,"_links":{"self":[{"href":"https:\/\/previntegral.com\/es\/wp-json\/wp\/v2\/product\/3635","targetHints":{"allow":["GET"]}}],"collection":[{"href":"https:\/\/previntegral.com\/es\/wp-json\/wp\/v2\/product"}],"about":[{"href":"https:\/\/previntegral.com\/es\/wp-json\/wp\/v2\/types\/product"}],"replies":[{"embeddable":true,"href":"https:\/\/previntegral.com\/es\/wp-json\/wp\/v2\/comments?post=3635"}],"wp:featuredmedia":[{"embeddable":true,"href":"https:\/\/previntegral.com\/es\/wp-json\/wp\/v2\/media\/3637"}],"wp:attachment":[{"href":"https:\/\/previntegral.com\/es\/wp-json\/wp\/v2\/media?parent=3635"}],"wp:term":[{"taxonomy":"product_brand","embeddable":true,"href":"https:\/\/previntegral.com\/es\/wp-json\/wp\/v2\/product_brand?post=3635"},{"taxonomy":"product_cat","embeddable":true,"href":"https:\/\/previntegral.com\/es\/wp-json\/wp\/v2\/product_cat?post=3635"},{"taxonomy":"product_tag","embeddable":true,"href":"https:\/\/previntegral.com\/es\/wp-json\/wp\/v2\/product_tag?post=3635"}],"curies":[{"name":"WordPress","href":"https:\/\/api.w.org\/{rel}","templated":true}]}}