{"id":3638,"date":"2025-12-03T14:31:31","date_gmt":"2025-12-03T14:31:31","guid":{"rendered":"https:\/\/previntegral.com\/producto\/formacio-per-a-directius-dempresa-de-la-construccio\/"},"modified":"2026-03-18T15:02:00","modified_gmt":"2026-03-18T15:02:00","slug":"formacion-para-directivos-en-la-empresa-constructora","status":"publish","type":"product","link":"https:\/\/previntegral.com\/es\/producto\/formacio-per-a-directius-dempresa-de-la-construccio\/","title":{"rendered":"Formaci\u00f3n para ejecutivos del sector de la construcci\u00f3n"},"content":{"rendered":"<p>Este curso est\u00e1 dise\u00f1ado espec\u00edficamente para altos directivos del sector de la construcci\u00f3n y de la metalurgia, que deben cumplir con las <strong>Ley 32\/2006<\/strong> sobre la subcontrataci\u00f3n. Con una duraci\u00f3n de 10 horas y en un formato totalmente <strong>en l\u00ednea<\/strong>, el programa ofrece formaci\u00f3n acreditada por la <strong>Fundaci\u00f3n Laboral de la Construcci\u00f3n<\/strong>, garantizando as\u00ed el reconocimiento oficial y la validez de lo aprendido. Los participantes adquirir\u00e1n el <strong>competencias<\/strong> y los conocimientos necesarios para gestionar los procesos de subcontrataci\u00f3n de forma eficiente y segura, garantizando el cumplimiento normativo y mejorando la calidad de la gesti\u00f3n empresarial. La formaci\u00f3n tambi\u00e9n hace hincapi\u00e9 en la aplicaci\u00f3n de las mejores pr\u00e1cticas en materia de seguridad, coordinaci\u00f3n y gesti\u00f3n, elementos clave para el \u00e9xito de los proyectos en este sector tan exigente y regulado.<\/p>","protected":false},"excerpt":{"rendered":"<p>Aquest curs est\u00e0 dissenyat espec\u00edficament per als c\u00e0rrecs directius del sector de la construcci\u00f3 i del metall relacionat, que necessiten complir amb la Llei 32\/2006 sobre subcontractaci\u00f3. Amb una durada de 10 hores i en modalitat \u00edntegrament online, el programa ofereix una formaci\u00f3 homologada per la Fundaci\u00f3 Laboral de la Construcci\u00f3, assegurant aix\u00ed el reconeixement [&hellip;]<\/p>\n","protected":false},"featured_media":3640,"comment_status":"open","ping_status":"closed","template":"","meta":{"_acf_changed":false},"product_brand":[],"product_cat":[38],"product_tag":[],"class_list":{"0":"post-3638","1":"product","2":"type-product","3":"status-publish","4":"has-post-thumbnail","6":"product_cat-construccio","8":"first","9":"instock","10":"virtual","11":"taxable","12":"purchasable","13":"product-type-curso"},"acf":[],"precio_regular_curso":108.9,"precio_bonificado_curso":108.9,"_links":{"self":[{"href":"https:\/\/previntegral.com\/es\/wp-json\/wp\/v2\/product\/3638","targetHints":{"allow":["GET"]}}],"collection":[{"href":"https:\/\/previntegral.com\/es\/wp-json\/wp\/v2\/product"}],"about":[{"href":"https:\/\/previntegral.com\/es\/wp-json\/wp\/v2\/types\/product"}],"replies":[{"embeddable":true,"href":"https:\/\/previntegral.com\/es\/wp-json\/wp\/v2\/comments?post=3638"}],"wp:featuredmedia":[{"embeddable":true,"href":"https:\/\/previntegral.com\/es\/wp-json\/wp\/v2\/media\/3640"}],"wp:attachment":[{"href":"https:\/\/previntegral.com\/es\/wp-json\/wp\/v2\/media?parent=3638"}],"wp:term":[{"taxonomy":"product_brand","embeddable":true,"href":"https:\/\/previntegral.com\/es\/wp-json\/wp\/v2\/product_brand?post=3638"},{"taxonomy":"product_cat","embeddable":true,"href":"https:\/\/previntegral.com\/es\/wp-json\/wp\/v2\/product_cat?post=3638"},{"taxonomy":"product_tag","embeddable":true,"href":"https:\/\/previntegral.com\/es\/wp-json\/wp\/v2\/product_tag?post=3638"}],"curies":[{"name":"WordPress","href":"https:\/\/api.w.org\/{rel}","templated":true}]}}