{"id":3641,"date":"2025-12-03T14:32:09","date_gmt":"2025-12-03T14:32:09","guid":{"rendered":"https:\/\/previntegral.com\/producto\/col%c2%b7locacio-de-materials-de-cobriment\/"},"modified":"2026-03-16T18:32:30","modified_gmt":"2026-03-16T18:32:30","slug":"colocacion-de-materiales-de-recubrimiento","status":"publish","type":"product","link":"https:\/\/previntegral.com\/es\/producto\/col%c2%b7locacio-de-materials-de-cobriment\/","title":{"rendered":"Colocaci\u00f3n de materiales de recubrimiento"},"content":{"rendered":"<p>Este curso 100% <strong>presencial<\/strong> El curso de 20 horas est\u00e1 dise\u00f1ado para trabajadores del sector de la construcci\u00f3n que desean actualizar y mejorar sus habilidades en el <strong>Colocaci\u00f3n de materiales de recubrimiento<\/strong>. La formaci\u00f3n combina conocimientos b\u00e1sicos y espec\u00edficos para garantizar un <strong>ejecuci\u00f3n segura<\/strong> y profesional, con especial atenci\u00f3n a la <strong>t\u00e9cnicas adecuadas<\/strong> y sobre medidas de prevenci\u00f3n de riesgos laborales. Ambos aspectos son fundamentales para garantizar la protecci\u00f3n de los trabajadores durante el proceso y para cumplir con la normativa vigente. Este curso est\u00e1 acreditado por la Fundaci\u00f3n para la Seguridad y la Salud en la Construcci\u00f3n, cumpliendo estrictamente los requisitos de la <strong>convenio colectivo sectorial<\/strong>, y prepara a los participantes para adaptarse a las necesidades reales del trabajo, mejorando su profesionalidad y fomentando una actitud responsable y proactiva hacia la gesti\u00f3n de los riesgos laborales.<\/p>","protected":false},"excerpt":{"rendered":"<p>Aquest curs 100% presencial de 20 hores est\u00e0 dissenyat per a treballadors del sector de la construcci\u00f3 que volen actualitzar i millorar les seves compet\u00e8ncies en la col\u00b7locaci\u00f3 de materials de cobriment. La formaci\u00f3 combina coneixements b\u00e0sics i espec\u00edfics per garantir una execuci\u00f3 segura i professional, amb especial atenci\u00f3 a les t\u00e8cniques adequades i a [&hellip;]<\/p>\n","protected":false},"featured_media":3643,"comment_status":"open","ping_status":"closed","template":"","meta":{"_acf_changed":false},"product_brand":[],"product_cat":[38],"product_tag":[],"class_list":{"0":"post-3641","1":"product","2":"type-product","3":"status-publish","4":"has-post-thumbnail","6":"product_cat-construccio","8":"first","9":"instock","10":"virtual","11":"taxable","12":"purchasable","13":"product-type-curso"},"acf":[],"precio_regular_curso":340.01,"precio_bonificado_curso":358.16,"_links":{"self":[{"href":"https:\/\/previntegral.com\/es\/wp-json\/wp\/v2\/product\/3641","targetHints":{"allow":["GET"]}}],"collection":[{"href":"https:\/\/previntegral.com\/es\/wp-json\/wp\/v2\/product"}],"about":[{"href":"https:\/\/previntegral.com\/es\/wp-json\/wp\/v2\/types\/product"}],"replies":[{"embeddable":true,"href":"https:\/\/previntegral.com\/es\/wp-json\/wp\/v2\/comments?post=3641"}],"wp:featuredmedia":[{"embeddable":true,"href":"https:\/\/previntegral.com\/es\/wp-json\/wp\/v2\/media\/3643"}],"wp:attachment":[{"href":"https:\/\/previntegral.com\/es\/wp-json\/wp\/v2\/media?parent=3641"}],"wp:term":[{"taxonomy":"product_brand","embeddable":true,"href":"https:\/\/previntegral.com\/es\/wp-json\/wp\/v2\/product_brand?post=3641"},{"taxonomy":"product_cat","embeddable":true,"href":"https:\/\/previntegral.com\/es\/wp-json\/wp\/v2\/product_cat?post=3641"},{"taxonomy":"product_tag","embeddable":true,"href":"https:\/\/previntegral.com\/es\/wp-json\/wp\/v2\/product_tag?post=3641"}],"curies":[{"name":"WordPress","href":"https:\/\/api.w.org\/{rel}","templated":true}]}}