{"id":3644,"date":"2025-12-03T14:32:32","date_gmt":"2025-12-03T14:32:32","guid":{"rendered":"https:\/\/previntegral.com\/producto\/construccio-i-manteniment-de-vies-ferries\/"},"modified":"2026-03-16T18:32:30","modified_gmt":"2026-03-16T18:32:30","slug":"construccion-y-mantenimiento-de-rutas-de-transbordadores","status":"publish","type":"product","link":"https:\/\/previntegral.com\/es\/producto\/construccio-i-manteniment-de-vies-ferries\/","title":{"rendered":"Construcci\u00f3n y mantenimiento de l\u00edneas ferroviarias"},"content":{"rendered":"<p>Si trabajas o quieres trabajar en el sector de la construcci\u00f3n, este curso de <strong>Construcci\u00f3n y mantenimiento de l\u00edneas ferroviarias<\/strong> es fundamental garantizar una formaci\u00f3n adecuada en <strong>prevenci\u00f3n de riesgos laborales<\/strong>. Con una duraci\u00f3n de 20 horas e impartido seg\u00fan el m\u00e9todo 100%. <strong>presencial<\/strong>, El curso combina un m\u00f3dulo com\u00fan de 14 horas, obligatorio para todos los oficios del sector, con 6 horas de especializaci\u00f3n espec\u00edficas para las tareas relacionadas con las v\u00edas f\u00e9rreas. Esta formaci\u00f3n est\u00e1 dise\u00f1ada para garantizar que los profesionales adquieran las competencias necesarias. <strong>Habilidades necesarias<\/strong> para trabajar de forma segura y eficaz, cumpliendo con los requisitos de <strong>Convenio colectivo para el sector de la construcci\u00f3n<\/strong>. Es la oportunidad ideal para reforzar conocimientos, mejorar competencias y garantizar la calidad y la seguridad en las obras relacionadas con el ferrocarril, as\u00ed como para iniciar o seguir desarrollando tu carrera profesional en este \u00e1mbito.<\/p>","protected":false},"excerpt":{"rendered":"<p>Si treballes o vols treballar en el sector de la construcci\u00f3, aquest curs de Construcci\u00f3 i manteniment de vies f\u00e8rries \u00e9s imprescindible per garantir una formaci\u00f3 adequada en prevenci\u00f3 de riscos laborals. Amb una durada de 20 hores i impartit de manera 100% presencial, el curs combina una part comuna de 14 hores, obligat\u00f2ria per [&hellip;]<\/p>\n","protected":false},"featured_media":3646,"comment_status":"open","ping_status":"closed","template":"","meta":{"_acf_changed":false},"product_brand":[],"product_cat":[38],"product_tag":[],"class_list":{"0":"post-3644","1":"product","2":"type-product","3":"status-publish","4":"has-post-thumbnail","6":"product_cat-construccio","8":"first","9":"instock","10":"virtual","11":"taxable","12":"purchasable","13":"product-type-curso"},"acf":[],"precio_regular_curso":340.01,"precio_bonificado_curso":358.16,"_links":{"self":[{"href":"https:\/\/previntegral.com\/es\/wp-json\/wp\/v2\/product\/3644","targetHints":{"allow":["GET"]}}],"collection":[{"href":"https:\/\/previntegral.com\/es\/wp-json\/wp\/v2\/product"}],"about":[{"href":"https:\/\/previntegral.com\/es\/wp-json\/wp\/v2\/types\/product"}],"replies":[{"embeddable":true,"href":"https:\/\/previntegral.com\/es\/wp-json\/wp\/v2\/comments?post=3644"}],"wp:featuredmedia":[{"embeddable":true,"href":"https:\/\/previntegral.com\/es\/wp-json\/wp\/v2\/media\/3646"}],"wp:attachment":[{"href":"https:\/\/previntegral.com\/es\/wp-json\/wp\/v2\/media?parent=3644"}],"wp:term":[{"taxonomy":"product_brand","embeddable":true,"href":"https:\/\/previntegral.com\/es\/wp-json\/wp\/v2\/product_brand?post=3644"},{"taxonomy":"product_cat","embeddable":true,"href":"https:\/\/previntegral.com\/es\/wp-json\/wp\/v2\/product_cat?post=3644"},{"taxonomy":"product_tag","embeddable":true,"href":"https:\/\/previntegral.com\/es\/wp-json\/wp\/v2\/product_tag?post=3644"}],"curies":[{"name":"WordPress","href":"https:\/\/api.w.org\/{rel}","templated":true}]}}