{"id":3647,"date":"2025-12-03T14:33:07","date_gmt":"2025-12-03T14:33:07","guid":{"rendered":"https:\/\/previntegral.com\/producto\/electricitat-muntatge-i-manteniment-dinstal%c2%b7lacions-electriques-dalta-i-baixa-tensio\/"},"modified":"2026-03-16T18:32:30","modified_gmt":"2026-03-16T18:32:30","slug":"instalacion-y-mantenimiento-de-instalaciones-electricas-de-alta-y-baja-tension","status":"publish","type":"product","link":"https:\/\/previntegral.com\/es\/producto\/electricitat-muntatge-i-manteniment-dinstal%c2%b7lacions-electriques-dalta-i-baixa-tensio\/","title":{"rendered":"Montaje y mantenimiento de instalaciones el\u00e9ctricas de alta y baja tensi\u00f3n."},"content":{"rendered":"<p>Si formas parte del sector de la construcci\u00f3n y quieres especializarte en el montaje y mantenimiento de instalaciones el\u00e9ctricas de alta y baja tensi\u00f3n, este curso presencial de 20 horas est\u00e1 pensado para ti. Con esta formaci\u00f3n espec\u00edfica y actualizada, impartida en un centro homologado, adquirir\u00e1s las <strong>Habilidades t\u00e9cnicas<\/strong> y el conocimiento normativo necesario para trabajar con <strong>seguridad y eficacia<\/strong>. El curso contempla tanto la parte com\u00fan del sector como la especialidad el\u00e9ctrica, ofreciendo un enfoque claro hacia la <strong>prevenci\u00f3n de riesgos laborales<\/strong> y el cumplimiento de los requisitos del convenio colectivo. Esta formaci\u00f3n presencial te permitir\u00e1 desarrollar habilidades pr\u00e1cticas y garantizar la correcta aplicaci\u00f3n de medidas de <strong>mantenimiento, control y seguridad<\/strong> en las instalaciones, lo cual es imprescindible para acceder a las obras y obtener la validaci\u00f3n profesional oficial reconocida.<\/p>","protected":false},"excerpt":{"rendered":"<p>Si formes part del sector de la construcci\u00f3 i vols especialitzar-te en el muntatge i manteniment d\u2019instal\u00b7lacions el\u00e8ctriques d\u2019alta i baixa tensi\u00f3, aquest curs presencial de 20 hores est\u00e0 pensat per a tu. Amb aquesta formaci\u00f3 espec\u00edfica i actualitzada, impartida en un centre homologat, adquirir\u00e0s les compet\u00e8ncies t\u00e8cniques i el coneixement normatiu necessari per treballar [&hellip;]<\/p>\n","protected":false},"featured_media":3649,"comment_status":"open","ping_status":"closed","template":"","meta":{"_acf_changed":false},"product_brand":[],"product_cat":[38],"product_tag":[],"class_list":{"0":"post-3647","1":"product","2":"type-product","3":"status-publish","4":"has-post-thumbnail","6":"product_cat-construccio","8":"first","9":"instock","10":"virtual","11":"taxable","12":"purchasable","13":"product-type-curso"},"acf":[],"precio_regular_curso":340.01,"precio_bonificado_curso":358.16,"_links":{"self":[{"href":"https:\/\/previntegral.com\/es\/wp-json\/wp\/v2\/product\/3647","targetHints":{"allow":["GET"]}}],"collection":[{"href":"https:\/\/previntegral.com\/es\/wp-json\/wp\/v2\/product"}],"about":[{"href":"https:\/\/previntegral.com\/es\/wp-json\/wp\/v2\/types\/product"}],"replies":[{"embeddable":true,"href":"https:\/\/previntegral.com\/es\/wp-json\/wp\/v2\/comments?post=3647"}],"wp:featuredmedia":[{"embeddable":true,"href":"https:\/\/previntegral.com\/es\/wp-json\/wp\/v2\/media\/3649"}],"wp:attachment":[{"href":"https:\/\/previntegral.com\/es\/wp-json\/wp\/v2\/media?parent=3647"}],"wp:term":[{"taxonomy":"product_brand","embeddable":true,"href":"https:\/\/previntegral.com\/es\/wp-json\/wp\/v2\/product_brand?post=3647"},{"taxonomy":"product_cat","embeddable":true,"href":"https:\/\/previntegral.com\/es\/wp-json\/wp\/v2\/product_cat?post=3647"},{"taxonomy":"product_tag","embeddable":true,"href":"https:\/\/previntegral.com\/es\/wp-json\/wp\/v2\/product_tag?post=3647"}],"curies":[{"name":"WordPress","href":"https:\/\/api.w.org\/{rel}","templated":true}]}}