{"id":3650,"date":"2025-12-03T14:33:51","date_gmt":"2025-12-03T14:33:51","guid":{"rendered":"https:\/\/previntegral.com\/producto\/encofrats\/"},"modified":"2026-03-16T18:32:30","modified_gmt":"2026-03-16T18:32:30","slug":"encofrado","status":"publish","type":"product","link":"https:\/\/previntegral.com\/es\/producto\/encofrats\/","title":{"rendered":"Encofrado"},"content":{"rendered":"<p>Si trabajas en el sector de la construcci\u00f3n y necesitas demostrar tus competencias t\u00e9cnicas y de seguridad, este curso de encofrado es la mejor opci\u00f3n para ti. Con una duraci\u00f3n de 20 horas e impartido \u00edntegramente de forma presencial, te permitir\u00e1 profundizar en los aspectos espec\u00edficos del oficio de carpintero de encofrado, cumpliendo con los requisitos del Convenio Colectivo del Sector de la Construcci\u00f3n. Esta formaci\u00f3n ha sido dise\u00f1ada para asegurarte que adquieres los conocimientos necesarios para desempe\u00f1ar tus tareas de forma profesional y garantizar pr\u00e1cticas de trabajo seguras, especialmente en el \u00e1mbito de la prevenci\u00f3n de riesgos laborales. Se imparte en un centro acreditado por la Fundaci\u00f3n Laboral de la Construcci\u00f3n, lo que garantiza la validez y el reconocimiento del certificado obtenido. Es un curso imprescindible para cualquier trabajador que desee acceder a las obras de forma legal y con garant\u00edas.<\/p>","protected":false},"excerpt":{"rendered":"<p>Si treballes en el sector de la construcci\u00f3 i necessites acreditar les teves compet\u00e8ncies t\u00e8cniques i de seguretat, aquest curs d&#8217;Encofrats \u00e9s la millor opci\u00f3 per a tu. Amb una durada de 20 hores i format completament presencial, et permetr\u00e0 aprofundir en les especificitats de l\u2019ofici d\u2019encofrador, complint amb les demandes del Convenio Col\u00b7lectivo del [&hellip;]<\/p>\n","protected":false},"featured_media":3652,"comment_status":"open","ping_status":"closed","template":"","meta":{"_acf_changed":false},"product_brand":[],"product_cat":[38],"product_tag":[],"class_list":{"0":"post-3650","1":"product","2":"type-product","3":"status-publish","4":"has-post-thumbnail","6":"product_cat-construccio","8":"first","9":"instock","10":"virtual","11":"taxable","12":"purchasable","13":"product-type-curso"},"acf":[],"precio_regular_curso":340.01,"precio_bonificado_curso":358.16,"_links":{"self":[{"href":"https:\/\/previntegral.com\/es\/wp-json\/wp\/v2\/product\/3650","targetHints":{"allow":["GET"]}}],"collection":[{"href":"https:\/\/previntegral.com\/es\/wp-json\/wp\/v2\/product"}],"about":[{"href":"https:\/\/previntegral.com\/es\/wp-json\/wp\/v2\/types\/product"}],"replies":[{"embeddable":true,"href":"https:\/\/previntegral.com\/es\/wp-json\/wp\/v2\/comments?post=3650"}],"wp:featuredmedia":[{"embeddable":true,"href":"https:\/\/previntegral.com\/es\/wp-json\/wp\/v2\/media\/3652"}],"wp:attachment":[{"href":"https:\/\/previntegral.com\/es\/wp-json\/wp\/v2\/media?parent=3650"}],"wp:term":[{"taxonomy":"product_brand","embeddable":true,"href":"https:\/\/previntegral.com\/es\/wp-json\/wp\/v2\/product_brand?post=3650"},{"taxonomy":"product_cat","embeddable":true,"href":"https:\/\/previntegral.com\/es\/wp-json\/wp\/v2\/product_cat?post=3650"},{"taxonomy":"product_tag","embeddable":true,"href":"https:\/\/previntegral.com\/es\/wp-json\/wp\/v2\/product_tag?post=3650"}],"curies":[{"name":"WordPress","href":"https:\/\/api.w.org\/{rel}","templated":true}]}}