{"id":3653,"date":"2025-12-03T14:34:02","date_gmt":"2025-12-03T14:34:02","guid":{"rendered":"https:\/\/previntegral.com\/producto\/ferralla\/"},"modified":"2026-03-16T18:32:30","modified_gmt":"2026-03-16T18:32:30","slug":"chatarra","status":"publish","type":"product","link":"https:\/\/previntegral.com\/es\/producto\/ferralla\/","title":{"rendered":"Chatarra"},"content":{"rendered":"<p>Si trabajas en el sector de la construcci\u00f3n, es fundamental contar con una formaci\u00f3n espec\u00edfica en <strong>prevenci\u00f3n de riesgos laborales<\/strong> para trabajar de forma segura y eficaz. El curso de Ferralla, con una duraci\u00f3n de <strong>20 horas<\/strong> y se imparti\u00f3 en la modalidad <strong>presencial<\/strong>, est\u00e1 dise\u00f1ado para cumplir con los requisitos de la <strong>Convenio colectivo para el sector de la construcci\u00f3n<\/strong>. La formaci\u00f3n combina una parte com\u00fan sobre seguridad laboral, com\u00fan a diversos oficios, con una parte especializada que aborda las caracter\u00edsticas y los riesgos espec\u00edficos del sector de la chatarra. A lo largo del curso, aprender\u00e1s las t\u00e9cnicas y los protocolos esenciales necesarios para realizar las tareas de forma segura, garantizando el cumplimiento de la normativa vigente y mejorando tu competencia profesional. Esta formaci\u00f3n es impartida por un centro acreditado por la Construction Labour Foundation, lo que garantiza la m\u00e1xima calidad y validez.<\/p>","protected":false},"excerpt":{"rendered":"<p>Si formes part del sector de la construcci\u00f3, \u00e9s imprescindible comptar amb una formaci\u00f3 espec\u00edfica en prevenci\u00f3 de riscos laborals per treballar amb seguretat i efic\u00e0cia. El curs de Ferralla, amb una durada de 20 hores i impartit en modalitat presencial, est\u00e0 dissenyat per complir amb els requisits del Convenio Col\u00b7lectiu del Sector de la [&hellip;]<\/p>\n","protected":false},"featured_media":3655,"comment_status":"open","ping_status":"closed","template":"","meta":{"_acf_changed":false},"product_brand":[],"product_cat":[38],"product_tag":[],"class_list":{"0":"post-3653","1":"product","2":"type-product","3":"status-publish","4":"has-post-thumbnail","6":"product_cat-construccio","8":"first","9":"instock","10":"virtual","11":"taxable","12":"purchasable","13":"product-type-curso"},"acf":[],"precio_regular_curso":340.01,"precio_bonificado_curso":358.16,"_links":{"self":[{"href":"https:\/\/previntegral.com\/es\/wp-json\/wp\/v2\/product\/3653","targetHints":{"allow":["GET"]}}],"collection":[{"href":"https:\/\/previntegral.com\/es\/wp-json\/wp\/v2\/product"}],"about":[{"href":"https:\/\/previntegral.com\/es\/wp-json\/wp\/v2\/types\/product"}],"replies":[{"embeddable":true,"href":"https:\/\/previntegral.com\/es\/wp-json\/wp\/v2\/comments?post=3653"}],"wp:featuredmedia":[{"embeddable":true,"href":"https:\/\/previntegral.com\/es\/wp-json\/wp\/v2\/media\/3655"}],"wp:attachment":[{"href":"https:\/\/previntegral.com\/es\/wp-json\/wp\/v2\/media?parent=3653"}],"wp:term":[{"taxonomy":"product_brand","embeddable":true,"href":"https:\/\/previntegral.com\/es\/wp-json\/wp\/v2\/product_brand?post=3653"},{"taxonomy":"product_cat","embeddable":true,"href":"https:\/\/previntegral.com\/es\/wp-json\/wp\/v2\/product_cat?post=3653"},{"taxonomy":"product_tag","embeddable":true,"href":"https:\/\/previntegral.com\/es\/wp-json\/wp\/v2\/product_tag?post=3653"}],"curies":[{"name":"WordPress","href":"https:\/\/api.w.org\/{rel}","templated":true}]}}