{"id":3656,"date":"2025-12-03T14:34:33","date_gmt":"2025-12-03T14:34:33","guid":{"rendered":"https:\/\/previntegral.com\/producto\/fonaments-especials-sondatges-i-perforacions\/"},"modified":"2026-03-16T18:32:30","modified_gmt":"2026-03-16T18:32:30","slug":"cimentaciones-especiales-sondeos-y-perforaciones","status":"publish","type":"product","link":"https:\/\/previntegral.com\/es\/producto\/fonaments-especials-sondatges-i-perforacions\/","title":{"rendered":"Cimentaciones especiales, sondeos y perforaciones"},"content":{"rendered":"<p>Si eres un profesional del sector de la construcci\u00f3n o deseas especializarte en un \u00e1rea concreta, este curso presencial de 20 horas te ofrece una formaci\u00f3n adaptada a las necesidades del <strong>Convenio colectivo para el sector de la construcci\u00f3n<\/strong>. Aprender\u00e1s a <strong>buenas pr\u00e1cticas<\/strong> y las t\u00e9cnicas fundamentales para la correcta ejecuci\u00f3n de cimentaciones especiales, sondeos y perforaciones, garantizando al mismo tiempo la <strong>prevenci\u00f3n de riesgos laborales<\/strong> y la seguridad en la obra. Esta formaci\u00f3n combina un m\u00f3dulo b\u00e1sico de 14 horas con una especializaci\u00f3n de 6 horas para garantizar que adquieras los <strong>Competencias t\u00e9cnicas y habilidades espec\u00edficas<\/strong> necesario para desempe\u00f1ar tus funciones de forma responsable y eficaz. Impartido por un centro acreditado por la <strong>Fundaci\u00f3n Laboral de la Construcci\u00f3n<\/strong>, Este curso te ofrece una formaci\u00f3n reconocida, indispensable para trabajar en el \u00e1mbito de las garant\u00edas y mejorar tus perspectivas laborales en el sector.<\/p>","protected":false},"excerpt":{"rendered":"<p>Si ets professional del sector de la construcci\u00f3 o vols especialitzar-te en un \u00e0mbit espec\u00edfic, aquest curs presencial de 20 hores et proporciona una formaci\u00f3 adaptada als requisits del Conveni Col\u00b7lectiu del Sector de la Construcci\u00f3. Aprendr\u00e0s les bones pr\u00e0ctiques i les t\u00e8cniques essencials per a la correcta execuci\u00f3 de fonaments especials, sondatges i perforacions, [&hellip;]<\/p>\n","protected":false},"featured_media":3658,"comment_status":"open","ping_status":"closed","template":"","meta":{"_acf_changed":false},"product_brand":[],"product_cat":[38],"product_tag":[],"class_list":{"0":"post-3656","1":"product","2":"type-product","3":"status-publish","4":"has-post-thumbnail","6":"product_cat-construccio","8":"first","9":"instock","10":"virtual","11":"taxable","12":"purchasable","13":"product-type-curso"},"acf":[],"precio_regular_curso":340.01,"precio_bonificado_curso":358.16,"_links":{"self":[{"href":"https:\/\/previntegral.com\/es\/wp-json\/wp\/v2\/product\/3656","targetHints":{"allow":["GET"]}}],"collection":[{"href":"https:\/\/previntegral.com\/es\/wp-json\/wp\/v2\/product"}],"about":[{"href":"https:\/\/previntegral.com\/es\/wp-json\/wp\/v2\/types\/product"}],"replies":[{"embeddable":true,"href":"https:\/\/previntegral.com\/es\/wp-json\/wp\/v2\/comments?post=3656"}],"wp:featuredmedia":[{"embeddable":true,"href":"https:\/\/previntegral.com\/es\/wp-json\/wp\/v2\/media\/3658"}],"wp:attachment":[{"href":"https:\/\/previntegral.com\/es\/wp-json\/wp\/v2\/media?parent=3656"}],"wp:term":[{"taxonomy":"product_brand","embeddable":true,"href":"https:\/\/previntegral.com\/es\/wp-json\/wp\/v2\/product_brand?post=3656"},{"taxonomy":"product_cat","embeddable":true,"href":"https:\/\/previntegral.com\/es\/wp-json\/wp\/v2\/product_cat?post=3656"},{"taxonomy":"product_tag","embeddable":true,"href":"https:\/\/previntegral.com\/es\/wp-json\/wp\/v2\/product_tag?post=3656"}],"curies":[{"name":"WordPress","href":"https:\/\/api.w.org\/{rel}","templated":true}]}}