{"id":3659,"date":"2025-12-03T14:35:00","date_gmt":"2025-12-03T14:35:00","guid":{"rendered":"https:\/\/previntegral.com\/producto\/fontaneria-i-instalacions-de-climatitzacio\/"},"modified":"2026-03-16T18:32:30","modified_gmt":"2026-03-16T18:32:30","slug":"instalaciones-de-fontaneria-y-aire-acondicionado","status":"publish","type":"product","link":"https:\/\/previntegral.com\/es\/producto\/fontaneria-i-instalacions-de-climatitzacio\/","title":{"rendered":"Instalaciones de fontaner\u00eda y climatizaci\u00f3n"},"content":{"rendered":"<p>Si formas parte del sector de la construcci\u00f3n o quieres iniciarte en este campo, especialmente en las \u00e1reas de <strong>fontaner\u00eda<\/strong> i <strong>Instalaciones de climatizaci\u00f3n<\/strong>, Este curso presencial de 20 horas es ideal para ti. Esta formaci\u00f3n cumple con la normativa de prevenci\u00f3n de riesgos laborales establecida por <strong>Convenio colectivo para el sector de la construcci\u00f3n<\/strong>, que ofrece una combinaci\u00f3n de contenidos generales y especializados que te preparar\u00e1n para desempe\u00f1ar tus funciones al m\u00e1ximo nivel. <strong>seguridad<\/strong> i <strong>eficiencia<\/strong>. Adem\u00e1s, la formaci\u00f3n se imparte en un centro acreditado por la Construction Labour Foundation, lo que garantiza la calidad de los contenidos y su acreditaci\u00f3n. Se trata de una oportunidad para acceder a diversas obras con la preparaci\u00f3n necesaria, lo que garantiza el cumplimiento de la normativa vigente y, por lo tanto, protege tanto tu seguridad como la de tus compa\u00f1eros. El formato presencial fomenta el aprendizaje pr\u00e1ctico y hands-on, algo esencial en este sector.<\/p>","protected":false},"excerpt":{"rendered":"<p>Si formes part del sector de la construcci\u00f3 o vols iniciar-te en aquest \u00e0mbit, especialment en les \u00e0rees de fontaneria i instal\u00b7lacions de climatitzaci\u00f3, aquest curs presencial de 20 hores \u00e9s ideal per a tu. Aquesta formaci\u00f3 complix amb la normativa de prevenci\u00f3 de riscos laborals establerta pel Conveni Col\u00b7lectiu del Sector de la Construcci\u00f3, [&hellip;]<\/p>\n","protected":false},"featured_media":3661,"comment_status":"open","ping_status":"closed","template":"","meta":{"_acf_changed":false},"product_brand":[],"product_cat":[38],"product_tag":[],"class_list":{"0":"post-3659","1":"product","2":"type-product","3":"status-publish","4":"has-post-thumbnail","6":"product_cat-construccio","8":"first","9":"instock","10":"virtual","11":"taxable","12":"purchasable","13":"product-type-curso"},"acf":[],"precio_regular_curso":340.01,"precio_bonificado_curso":358.16,"_links":{"self":[{"href":"https:\/\/previntegral.com\/es\/wp-json\/wp\/v2\/product\/3659","targetHints":{"allow":["GET"]}}],"collection":[{"href":"https:\/\/previntegral.com\/es\/wp-json\/wp\/v2\/product"}],"about":[{"href":"https:\/\/previntegral.com\/es\/wp-json\/wp\/v2\/types\/product"}],"replies":[{"embeddable":true,"href":"https:\/\/previntegral.com\/es\/wp-json\/wp\/v2\/comments?post=3659"}],"wp:featuredmedia":[{"embeddable":true,"href":"https:\/\/previntegral.com\/es\/wp-json\/wp\/v2\/media\/3661"}],"wp:attachment":[{"href":"https:\/\/previntegral.com\/es\/wp-json\/wp\/v2\/media?parent=3659"}],"wp:term":[{"taxonomy":"product_brand","embeddable":true,"href":"https:\/\/previntegral.com\/es\/wp-json\/wp\/v2\/product_brand?post=3659"},{"taxonomy":"product_cat","embeddable":true,"href":"https:\/\/previntegral.com\/es\/wp-json\/wp\/v2\/product_cat?post=3659"},{"taxonomy":"product_tag","embeddable":true,"href":"https:\/\/previntegral.com\/es\/wp-json\/wp\/v2\/product_tag?post=3659"}],"curies":[{"name":"WordPress","href":"https:\/\/api.w.org\/{rel}","templated":true}]}}