{"id":3662,"date":"2025-12-03T14:35:33","date_gmt":"2025-12-03T14:35:33","guid":{"rendered":"https:\/\/previntegral.com\/producto\/manteniment-de-maquinaria-i-vehicles\/"},"modified":"2026-03-16T18:32:30","modified_gmt":"2026-03-16T18:32:30","slug":"mantenimiento-de-maquinaria-y-vehiculos","status":"publish","type":"product","link":"https:\/\/previntegral.com\/es\/producto\/manteniment-de-maquinaria-i-vehicles\/","title":{"rendered":"Mantenimiento de maquinaria y veh\u00edculos"},"content":{"rendered":"<p>Este curso de <strong>Mantenimiento de maquinaria y veh\u00edculos<\/strong> est\u00e1 dise\u00f1ado espec\u00edficamente para los trabajadores del sector de la construcci\u00f3n que deben cumplir con los requisitos de formaci\u00f3n en <strong>prevenci\u00f3n de riesgos laborales<\/strong> Establecido por el Convenio Colectivo del Sector de la Construcci\u00f3n. La formaci\u00f3n es 100% <strong>presencial<\/strong> y tiene una duraci\u00f3n de 20 horas, divididas en una parte com\u00fan o b\u00e1sica de 14 horas y una especializaci\u00f3n de 6 horas adaptada a tareas espec\u00edficas. Este curso no solo es obligatorio para poder trabajar en una obra, sino que adem\u00e1s proporciona la <strong>competencias<\/strong> i <strong>habilidades<\/strong> necesario para desempe\u00f1ar las funciones de forma segura y eficiente, minimizando los riesgos y las aver\u00edas. Adem\u00e1s, se lleva a cabo en un centro acreditado por la <strong>Fundaci\u00f3n Laboral de la Construcci\u00f3n<\/strong>, lo que garantiza la calidad y la validez de la formaci\u00f3n y del t\u00edtulo final.<\/p>","protected":false},"excerpt":{"rendered":"<p>Aquest curs de manteniment de maquin\u00e0ria i vehicles est\u00e0 dissenyat espec\u00edficament per a treballadors del sector de la construcci\u00f3 que necessiten complir amb la formaci\u00f3 en prevenci\u00f3 de riscos laborals establerta pel Conveni Col\u00b7lectiu del Sector de la Construcci\u00f3. La formaci\u00f3 \u00e9s 100% presencial i t\u00e9 una durada de 20 hores, dividides en una part [&hellip;]<\/p>\n","protected":false},"featured_media":3664,"comment_status":"open","ping_status":"closed","template":"","meta":{"_acf_changed":false},"product_brand":[],"product_cat":[38],"product_tag":[],"class_list":{"0":"post-3662","1":"product","2":"type-product","3":"status-publish","4":"has-post-thumbnail","6":"product_cat-construccio","8":"first","9":"instock","10":"virtual","11":"taxable","12":"purchasable","13":"product-type-curso"},"acf":[],"precio_regular_curso":340.01,"precio_bonificado_curso":358.16,"_links":{"self":[{"href":"https:\/\/previntegral.com\/es\/wp-json\/wp\/v2\/product\/3662","targetHints":{"allow":["GET"]}}],"collection":[{"href":"https:\/\/previntegral.com\/es\/wp-json\/wp\/v2\/product"}],"about":[{"href":"https:\/\/previntegral.com\/es\/wp-json\/wp\/v2\/types\/product"}],"replies":[{"embeddable":true,"href":"https:\/\/previntegral.com\/es\/wp-json\/wp\/v2\/comments?post=3662"}],"wp:featuredmedia":[{"embeddable":true,"href":"https:\/\/previntegral.com\/es\/wp-json\/wp\/v2\/media\/3664"}],"wp:attachment":[{"href":"https:\/\/previntegral.com\/es\/wp-json\/wp\/v2\/media?parent=3662"}],"wp:term":[{"taxonomy":"product_brand","embeddable":true,"href":"https:\/\/previntegral.com\/es\/wp-json\/wp\/v2\/product_brand?post=3662"},{"taxonomy":"product_cat","embeddable":true,"href":"https:\/\/previntegral.com\/es\/wp-json\/wp\/v2\/product_cat?post=3662"},{"taxonomy":"product_tag","embeddable":true,"href":"https:\/\/previntegral.com\/es\/wp-json\/wp\/v2\/product_tag?post=3662"}],"curies":[{"name":"WordPress","href":"https:\/\/api.w.org\/{rel}","templated":true}]}}