{"id":3665,"date":"2025-12-03T14:36:08","date_gmt":"2025-12-03T14:36:08","guid":{"rendered":"https:\/\/previntegral.com\/producto\/muntador-descaiola-plaques-de-guix-laminat-i-assimilats\/"},"modified":"2026-03-16T18:32:30","modified_gmt":"2026-03-16T18:32:30","slug":"montador-de-placas-de-yeso-laminado-y-asimilados","status":"publish","type":"product","link":"https:\/\/previntegral.com\/es\/producto\/muntador-descaiola-plaques-de-guix-laminat-i-assimilats\/","title":{"rendered":"Instalador de paneles de yeso laminado y materiales similares."},"content":{"rendered":"<p>Si quieres especializarte como <strong>instalador de escayola, placas de yeso laminado y asimilados<\/strong> En el sector de la construcci\u00f3n, este curso es imprescindible para ti. Con una duraci\u00f3n de 20 horas y en modalidad <strong>presencial<\/strong>, esta formaci\u00f3n est\u00e1 dise\u00f1ada seg\u00fan lo que estipula el <strong>Convenio colectivo para el sector de la construcci\u00f3n<\/strong>. A trav\u00e9s de una combinaci\u00f3n equilibrada entre teor\u00eda y pr\u00e1ctica, adquirir\u00e1s los conocimientos y <strong>Competencias clave<\/strong> en la <strong>prevenci\u00f3n de riesgos laborales<\/strong>, as\u00ed como las t\u00e9cnicas adecuadas para manipular y montar los materiales de escayola y yeso laminado con total seguridad. Este curso cumple con todas las <strong>obligaciones de formaci\u00f3n<\/strong> legales y profesionales, asegurando que est\u00e9s preparado para trabajar con calidad y responsabilidad, aumentando tu profesionalizaci\u00f3n y competitividad en el sector. La formaci\u00f3n presencial tambi\u00e9n facilita la interacci\u00f3n directa con expertos y compa\u00f1eros, lo que enriquece el aprendizaje y la pr\u00e1ctica.<\/p>","protected":false},"excerpt":{"rendered":"<p>Si vols especialitzar-te com a muntador d\u2019escaiola, plaques de guix laminat i assimilats en el sector de la construcci\u00f3, aquest curs \u00e9s imprescindible per a tu. Amb una durada de 20 hores i en modalitat presencial, aquesta formaci\u00f3 est\u00e0 dissenyada segons el que estipula el conveni col\u00b7lectiu del sector de la construcci\u00f3. A trav\u00e9s d\u2019una [&hellip;]<\/p>\n","protected":false},"featured_media":3667,"comment_status":"open","ping_status":"closed","template":"","meta":{"_acf_changed":false},"product_brand":[],"product_cat":[38],"product_tag":[],"class_list":{"0":"post-3665","1":"product","2":"type-product","3":"status-publish","4":"has-post-thumbnail","6":"product_cat-construccio","8":"first","9":"instock","10":"virtual","11":"taxable","12":"purchasable","13":"product-type-curso"},"acf":[],"precio_regular_curso":340.01,"precio_bonificado_curso":358.16,"_links":{"self":[{"href":"https:\/\/previntegral.com\/es\/wp-json\/wp\/v2\/product\/3665","targetHints":{"allow":["GET"]}}],"collection":[{"href":"https:\/\/previntegral.com\/es\/wp-json\/wp\/v2\/product"}],"about":[{"href":"https:\/\/previntegral.com\/es\/wp-json\/wp\/v2\/types\/product"}],"replies":[{"embeddable":true,"href":"https:\/\/previntegral.com\/es\/wp-json\/wp\/v2\/comments?post=3665"}],"wp:featuredmedia":[{"embeddable":true,"href":"https:\/\/previntegral.com\/es\/wp-json\/wp\/v2\/media\/3667"}],"wp:attachment":[{"href":"https:\/\/previntegral.com\/es\/wp-json\/wp\/v2\/media?parent=3665"}],"wp:term":[{"taxonomy":"product_brand","embeddable":true,"href":"https:\/\/previntegral.com\/es\/wp-json\/wp\/v2\/product_brand?post=3665"},{"taxonomy":"product_cat","embeddable":true,"href":"https:\/\/previntegral.com\/es\/wp-json\/wp\/v2\/product_cat?post=3665"},{"taxonomy":"product_tag","embeddable":true,"href":"https:\/\/previntegral.com\/es\/wp-json\/wp\/v2\/product_tag?post=3665"}],"curies":[{"name":"WordPress","href":"https:\/\/api.w.org\/{rel}","templated":true}]}}