{"id":3668,"date":"2025-12-03T14:36:34","date_gmt":"2025-12-03T14:36:34","guid":{"rendered":"https:\/\/previntegral.com\/producto\/muntatge-destructures-tubulars\/"},"modified":"2026-03-16T18:32:30","modified_gmt":"2026-03-16T18:32:30","slug":"montaje-de-estructuras-tubulares","status":"publish","type":"product","link":"https:\/\/previntegral.com\/es\/producto\/muntatge-destructures-tubulars\/","title":{"rendered":"Montaje de estructuras tubulares"},"content":{"rendered":"<p>Si formas parte del sector de la construcci\u00f3n y quieres garantizar el cumplimiento de la normativa vigente, este curso presencial de 20 horas en <strong>Montaje de estructuras tubulares<\/strong> Es la soluci\u00f3n perfecta. Gracias a una combinaci\u00f3n equilibrada de los contenidos b\u00e1sicos y una especializaci\u00f3n espec\u00edfica, te ayudar\u00e1 a adquirir las habilidades necesarias. <strong>Conocimientos t\u00e9cnicos y de seguridad<\/strong> necesario para trabajar de forma segura y eficaz. La formaci\u00f3n se ha dise\u00f1ado de acuerdo con los requisitos de la Ley de Prevenci\u00f3n de Riesgos Laborales y el convenio colectivo del sector, lo que garantiza el cumplimiento de todas las <strong>obligaciones de formaci\u00f3n<\/strong>. Gracias a la experiencia de un centro acreditado por la Construction Labour Foundation, el curso combina el aprendizaje pr\u00e1ctico con contenidos actualizados. Esta formaci\u00f3n presencial te permitir\u00e1 acceder con garant\u00edas a las obras de construcci\u00f3n, mejorar tu eficiencia y contribuir a la profesionalizaci\u00f3n de un sector clave en constante evoluci\u00f3n.<\/p>","protected":false},"excerpt":{"rendered":"<p>Si formes part del sector de la construcci\u00f3 i vols garantir el compliment de la normativa vigent, aquest curs presencial de 20 hores en muntatge d\u2019estructures tubulars \u00e9s la soluci\u00f3 perfecta. Amb una combinaci\u00f3 equilibrada entre la part troncal i una especialitzaci\u00f3 concreta, t\u2019ajudar\u00e0 a adquirir les compet\u00e8ncies t\u00e8cniques i de seguretat necess\u00e0ries per desenvolupar-te [&hellip;]<\/p>\n","protected":false},"featured_media":3670,"comment_status":"open","ping_status":"closed","template":"","meta":{"_acf_changed":false},"product_brand":[],"product_cat":[38],"product_tag":[],"class_list":{"0":"post-3668","1":"product","2":"type-product","3":"status-publish","4":"has-post-thumbnail","6":"product_cat-construccio","8":"first","9":"instock","10":"virtual","11":"taxable","12":"purchasable","13":"product-type-curso"},"acf":[],"precio_regular_curso":340.01,"precio_bonificado_curso":358.16,"_links":{"self":[{"href":"https:\/\/previntegral.com\/es\/wp-json\/wp\/v2\/product\/3668","targetHints":{"allow":["GET"]}}],"collection":[{"href":"https:\/\/previntegral.com\/es\/wp-json\/wp\/v2\/product"}],"about":[{"href":"https:\/\/previntegral.com\/es\/wp-json\/wp\/v2\/types\/product"}],"replies":[{"embeddable":true,"href":"https:\/\/previntegral.com\/es\/wp-json\/wp\/v2\/comments?post=3668"}],"wp:featuredmedia":[{"embeddable":true,"href":"https:\/\/previntegral.com\/es\/wp-json\/wp\/v2\/media\/3670"}],"wp:attachment":[{"href":"https:\/\/previntegral.com\/es\/wp-json\/wp\/v2\/media?parent=3668"}],"wp:term":[{"taxonomy":"product_brand","embeddable":true,"href":"https:\/\/previntegral.com\/es\/wp-json\/wp\/v2\/product_brand?post=3668"},{"taxonomy":"product_cat","embeddable":true,"href":"https:\/\/previntegral.com\/es\/wp-json\/wp\/v2\/product_cat?post=3668"},{"taxonomy":"product_tag","embeddable":true,"href":"https:\/\/previntegral.com\/es\/wp-json\/wp\/v2\/product_tag?post=3668"}],"curies":[{"name":"WordPress","href":"https:\/\/api.w.org\/{rel}","templated":true}]}}