{"id":3671,"date":"2025-12-03T14:36:56","date_gmt":"2025-12-03T14:36:56","guid":{"rendered":"https:\/\/previntegral.com\/producto\/operadors-daparells-elevadors\/"},"modified":"2026-03-16T18:32:30","modified_gmt":"2026-03-16T18:32:30","slug":"operadores-de-equipos-de-elevacion","status":"publish","type":"product","link":"https:\/\/previntegral.com\/es\/producto\/operadors-daparells-elevadors\/","title":{"rendered":"Operadores de equipos de elevaci\u00f3n"},"content":{"rendered":"<p>Si trabajas o quieres trabajar en el sector de la construcci\u00f3n, este curso de\u2019<strong>Operadores de equipos de elevaci\u00f3n<\/strong> te ofrece la formaci\u00f3n necesaria para cumplir con la <strong>obligaciones de formaci\u00f3n<\/strong> establecida en el convenio colectivo. La formaci\u00f3n es <strong>presencial<\/strong> y tiene una duraci\u00f3n de <strong>20 horas<\/strong>, dise\u00f1ado para garantizar que adquieras el <strong>habilidades y conocimientos<\/strong> necesario para que puedas manejar los equipos de elevaci\u00f3n en la obra de forma segura y eficaz. El programa combina contenidos comunes a diferentes oficios con una secci\u00f3n especializada centrada en la prevenci\u00f3n. <strong>Riesgos laborales<\/strong> espec\u00edficos para estas m\u00e1quinas. En Previntegral, como centro acreditado por la Fundaci\u00f3n para la Seguridad y la Salud en la Construcci\u00f3n, te ofrecemos un curso actualizado y adaptado a las necesidades reales del sector, que te permitir\u00e1 garantizar tu seguridad y profesionalidad en tu trabajo diario, al tiempo que te proporciona una acreditaci\u00f3n reconocida e imprescindible para acceder a la obra.<\/p>","protected":false},"excerpt":{"rendered":"<p>Si treballes o vols treballar en el sector de la construcci\u00f3, aquest curs d\u2019Operadors d\u2019aparells elevadors t\u2019ofereix la formaci\u00f3 imprescindible per complir amb les obligacions formatives establertes pel conveni col\u00b7lectiu. La formaci\u00f3 \u00e9s presencial i t\u00e9 una durada de 20 hores, dissenyada per assegurar que adquireixis les habilitats i coneixements necessaris perqu\u00e8 puguis operar amb [&hellip;]<\/p>\n","protected":false},"featured_media":3673,"comment_status":"open","ping_status":"closed","template":"","meta":{"_acf_changed":false},"product_brand":[],"product_cat":[38],"product_tag":[],"class_list":{"0":"post-3671","1":"product","2":"type-product","3":"status-publish","4":"has-post-thumbnail","6":"product_cat-construccio","8":"first","9":"instock","10":"virtual","11":"taxable","12":"purchasable","13":"product-type-curso"},"acf":[],"precio_regular_curso":340.01,"precio_bonificado_curso":358.16,"_links":{"self":[{"href":"https:\/\/previntegral.com\/es\/wp-json\/wp\/v2\/product\/3671","targetHints":{"allow":["GET"]}}],"collection":[{"href":"https:\/\/previntegral.com\/es\/wp-json\/wp\/v2\/product"}],"about":[{"href":"https:\/\/previntegral.com\/es\/wp-json\/wp\/v2\/types\/product"}],"replies":[{"embeddable":true,"href":"https:\/\/previntegral.com\/es\/wp-json\/wp\/v2\/comments?post=3671"}],"wp:featuredmedia":[{"embeddable":true,"href":"https:\/\/previntegral.com\/es\/wp-json\/wp\/v2\/media\/3673"}],"wp:attachment":[{"href":"https:\/\/previntegral.com\/es\/wp-json\/wp\/v2\/media?parent=3671"}],"wp:term":[{"taxonomy":"product_brand","embeddable":true,"href":"https:\/\/previntegral.com\/es\/wp-json\/wp\/v2\/product_brand?post=3671"},{"taxonomy":"product_cat","embeddable":true,"href":"https:\/\/previntegral.com\/es\/wp-json\/wp\/v2\/product_cat?post=3671"},{"taxonomy":"product_tag","embeddable":true,"href":"https:\/\/previntegral.com\/es\/wp-json\/wp\/v2\/product_tag?post=3671"}],"curies":[{"name":"WordPress","href":"https:\/\/api.w.org\/{rel}","templated":true}]}}