{"id":3674,"date":"2025-12-03T14:37:39","date_gmt":"2025-12-03T14:37:39","guid":{"rendered":"https:\/\/previntegral.com\/producto\/operadors-de-vehicles-i-maquinaria-de-moviment-de-terres\/"},"modified":"2026-03-16T18:32:30","modified_gmt":"2026-03-16T18:32:30","slug":"operadores-de-vehiculos-y-maquinaria-de-movimiento-de-tierras","status":"publish","type":"product","link":"https:\/\/previntegral.com\/es\/producto\/operadors-de-vehicles-i-maquinaria-de-moviment-de-terres\/","title":{"rendered":"Operadores de veh\u00edculos y maquinaria de movimiento de tierras"},"content":{"rendered":"<p>Si trabajas en el sector de la construcci\u00f3n y quieres especializarte como operador de veh\u00edculos y maquinaria de movimiento de tierras, este curso presencial de 20 horas est\u00e1 dise\u00f1ado para ti. Con esta formaci\u00f3n obtendr\u00e1s el <strong>Habilidades b\u00e1sicas<\/strong> y la preparaci\u00f3n necesaria para cumplir con la <strong>formaci\u00f3n en prevenci\u00f3n de riesgos laborales<\/strong> obligatorio seg\u00fan el convenio colectivo del sector. El curso combina un componente com\u00fan de conocimientos generales con formaci\u00f3n espec\u00edfica dirigida al uso seguro y eficiente de la maquinaria. De este modo, se garantizar\u00e1 no solo la\u2019<strong>acceso legal<\/strong> no solo en las obras, sino tambi\u00e9n la seguridad personal de usted mismo y de sus compa\u00f1eros de trabajo. Con el apoyo y el reconocimiento oficiales de la Fundaci\u00f3n para el Trabajo en la Construcci\u00f3n, esta formaci\u00f3n le ayudar\u00e1 a mejorar su capacidad para identificar riesgos y actuar correctamente en situaciones peligrosas.<\/p>","protected":false},"excerpt":{"rendered":"<p>Si treballes en el sector de la construcci\u00f3 i vols especialitzar-te com a operador de vehicles i maquin\u00e0ria de moviment de terres, aquest curs presencial de 20 hores est\u00e0 pensat per a tu. Amb aquesta formaci\u00f3 obtindr\u00e0s les compet\u00e8ncies b\u00e0siques i la preparaci\u00f3 necess\u00e0ria per complir amb la formaci\u00f3 en prevenci\u00f3 de riscos laborals obligat\u00f2ria [&hellip;]<\/p>\n","protected":false},"featured_media":3676,"comment_status":"open","ping_status":"closed","template":"","meta":{"_acf_changed":false},"product_brand":[],"product_cat":[38],"product_tag":[],"class_list":{"0":"post-3674","1":"product","2":"type-product","3":"status-publish","4":"has-post-thumbnail","6":"product_cat-construccio","8":"first","9":"instock","10":"virtual","11":"taxable","12":"purchasable","13":"product-type-curso"},"acf":[],"precio_regular_curso":340.01,"precio_bonificado_curso":358.16,"_links":{"self":[{"href":"https:\/\/previntegral.com\/es\/wp-json\/wp\/v2\/product\/3674","targetHints":{"allow":["GET"]}}],"collection":[{"href":"https:\/\/previntegral.com\/es\/wp-json\/wp\/v2\/product"}],"about":[{"href":"https:\/\/previntegral.com\/es\/wp-json\/wp\/v2\/types\/product"}],"replies":[{"embeddable":true,"href":"https:\/\/previntegral.com\/es\/wp-json\/wp\/v2\/comments?post=3674"}],"wp:featuredmedia":[{"embeddable":true,"href":"https:\/\/previntegral.com\/es\/wp-json\/wp\/v2\/media\/3676"}],"wp:attachment":[{"href":"https:\/\/previntegral.com\/es\/wp-json\/wp\/v2\/media?parent=3674"}],"wp:term":[{"taxonomy":"product_brand","embeddable":true,"href":"https:\/\/previntegral.com\/es\/wp-json\/wp\/v2\/product_brand?post=3674"},{"taxonomy":"product_cat","embeddable":true,"href":"https:\/\/previntegral.com\/es\/wp-json\/wp\/v2\/product_cat?post=3674"},{"taxonomy":"product_tag","embeddable":true,"href":"https:\/\/previntegral.com\/es\/wp-json\/wp\/v2\/product_tag?post=3674"}],"curies":[{"name":"WordPress","href":"https:\/\/api.w.org\/{rel}","templated":true}]}}