{"id":3677,"date":"2025-12-03T14:38:06","date_gmt":"2025-12-03T14:38:06","guid":{"rendered":"https:\/\/previntegral.com\/producto\/operadors-dequips-manuals\/"},"modified":"2026-03-16T18:32:30","modified_gmt":"2026-03-16T18:32:30","slug":"operadores-de-equipos-manuales","status":"publish","type":"product","link":"https:\/\/previntegral.com\/es\/producto\/operadors-dequips-manuals\/","title":{"rendered":"Operadores de equipos manuales"},"content":{"rendered":"<p>Si trabajas en el sector de la construcci\u00f3n o quieres acceder a \u00e9l, este curso de\u2019<strong>operadores de equipos manuales<\/strong> es clave para garantizar que cumples con la normativa de prevenci\u00f3n de riesgos laborales espec\u00edfica del convenio colectivo. La formaci\u00f3n, completamente <strong>presencial<\/strong> con una duraci\u00f3n de 20 horas, est\u00e1 dise\u00f1ada para aportarte las <strong>Habilidades necesarias<\/strong> para manejar de manera segura y eficaz los equipos manuales en entornos de obra. Se trata de un programa que combina una parte com\u00fan con una especialidad, ajustado a la normativa de la <strong>Fundaci\u00f3n Laboral de la Construcci\u00f3n<\/strong>, y el cual es obligatorio para todos los operadores dentro de este sector. Gracias a esta formaci\u00f3n, no solo podr\u00e1s trabajar con todas las garant\u00edas legales, sino que tambi\u00e9n aprender\u00e1s a identificar y prevenir riesgos espec\u00edficos relacionados con tu equipo de trabajo, asegurando un entorno laboral m\u00e1s seguro para ti y tus compa\u00f1eros.<\/p>","protected":false},"excerpt":{"rendered":"<p>Si treballes en el sector de la construcci\u00f3 o hi vols accedir, aquest curs d\u2019operadors d\u2019equips manuals \u00e9s clau per garantir que compleixes amb la normativa de prevenci\u00f3 de riscos laborals espec\u00edfica del conveni col\u00b7lectiu. La formaci\u00f3, completament presencial i amb una durada de 20 hores, est\u00e0 dissenyada per aportar-te les compet\u00e8ncies necess\u00e0ries per manejar [&hellip;]<\/p>\n","protected":false},"featured_media":3679,"comment_status":"open","ping_status":"closed","template":"","meta":{"_acf_changed":false},"product_brand":[],"product_cat":[38],"product_tag":[],"class_list":{"0":"post-3677","1":"product","2":"type-product","3":"status-publish","4":"has-post-thumbnail","6":"product_cat-construccio","8":"first","9":"instock","10":"virtual","11":"taxable","12":"purchasable","13":"product-type-curso"},"acf":[],"precio_regular_curso":340.01,"precio_bonificado_curso":358.16,"_links":{"self":[{"href":"https:\/\/previntegral.com\/es\/wp-json\/wp\/v2\/product\/3677","targetHints":{"allow":["GET"]}}],"collection":[{"href":"https:\/\/previntegral.com\/es\/wp-json\/wp\/v2\/product"}],"about":[{"href":"https:\/\/previntegral.com\/es\/wp-json\/wp\/v2\/types\/product"}],"replies":[{"embeddable":true,"href":"https:\/\/previntegral.com\/es\/wp-json\/wp\/v2\/comments?post=3677"}],"wp:featuredmedia":[{"embeddable":true,"href":"https:\/\/previntegral.com\/es\/wp-json\/wp\/v2\/media\/3679"}],"wp:attachment":[{"href":"https:\/\/previntegral.com\/es\/wp-json\/wp\/v2\/media?parent=3677"}],"wp:term":[{"taxonomy":"product_brand","embeddable":true,"href":"https:\/\/previntegral.com\/es\/wp-json\/wp\/v2\/product_brand?post=3677"},{"taxonomy":"product_cat","embeddable":true,"href":"https:\/\/previntegral.com\/es\/wp-json\/wp\/v2\/product_cat?post=3677"},{"taxonomy":"product_tag","embeddable":true,"href":"https:\/\/previntegral.com\/es\/wp-json\/wp\/v2\/product_tag?post=3677"}],"curies":[{"name":"WordPress","href":"https:\/\/api.w.org\/{rel}","templated":true}]}}