{"id":3680,"date":"2025-12-03T14:38:27","date_gmt":"2025-12-03T14:38:27","guid":{"rendered":"https:\/\/previntegral.com\/producto\/operari-de-taller-de-materials-pedres-industrials-tractament-o-transformacio-de-materials-picapedrers-i-similars\/"},"modified":"2026-03-16T18:32:30","modified_gmt":"2026-03-16T18:32:30","slug":"operario-de-taller-especializado-en-materiales-de-piedra-para-uso-industrial-tratamiento-o-transformacion-de-materiales-canteros-y-oficios-similares","status":"publish","type":"product","link":"https:\/\/previntegral.com\/es\/producto\/operari-de-taller-de-materials-pedres-industrials-tractament-o-transformacio-de-materials-picapedrers-i-similars\/","title":{"rendered":"Operario de taller de materiales: piedras industriales, tratamiento o transformaci\u00f3n de materiales, canteros y similares."},"content":{"rendered":"<p>Si eres un profesional o deseas incorporarte al sector de la construcci\u00f3n, este curso te ofrece una formaci\u00f3n esencial en prevenci\u00f3n de riesgos laborales relacionada con el oficio de operario de taller de materiales, especializado en el tratamiento y la transformaci\u00f3n de materiales. <strong>Piedras industriales<\/strong> y otros materiales similares. La formaci\u00f3n es 100% <strong>presencial<\/strong> y tiene una duraci\u00f3n de <strong>20 horas<\/strong>, que se divide en una parte com\u00fan o b\u00e1sica, v\u00e1lida para todas las especialidades, y una parte espec\u00edfica centrada en las particularidades de este campo, que cumple los requisitos de la <strong>Convenio colectivo para el sector de la construcci\u00f3n<\/strong>. Impartido por un centro acreditado por la Construction Labour Foundation, este curso te permitir\u00e1 adquirir los <strong>Habilidades necesarias<\/strong> para desempe\u00f1ar sus funciones de forma segura y de acuerdo con la normativa, garantizando la protecci\u00f3n personal y la gesti\u00f3n adecuada de los riesgos tanto en la obra como en el taller.<\/p>","protected":false},"excerpt":{"rendered":"<p>Si ets professional o vols incorporar-te al sector de la construcci\u00f3, aquest curs t\u2019ofereix una formaci\u00f3 imprescindible en prevenci\u00f3 de riscos laborals vinculada a l\u2019ofici d\u2019operari de taller de materials, especialitzat en el tractament i transformaci\u00f3 de pedres industrials i altres materials similars. La formaci\u00f3 \u00e9s 100% presencial i t\u00e9 una durada de 20 hores, [&hellip;]<\/p>\n","protected":false},"featured_media":3682,"comment_status":"open","ping_status":"closed","template":"","meta":{"_acf_changed":false},"product_brand":[],"product_cat":[38],"product_tag":[],"class_list":{"0":"post-3680","1":"product","2":"type-product","3":"status-publish","4":"has-post-thumbnail","6":"product_cat-construccio","8":"first","9":"instock","10":"virtual","11":"taxable","12":"purchasable","13":"product-type-curso"},"acf":[],"precio_regular_curso":340.01,"precio_bonificado_curso":358.16,"_links":{"self":[{"href":"https:\/\/previntegral.com\/es\/wp-json\/wp\/v2\/product\/3680","targetHints":{"allow":["GET"]}}],"collection":[{"href":"https:\/\/previntegral.com\/es\/wp-json\/wp\/v2\/product"}],"about":[{"href":"https:\/\/previntegral.com\/es\/wp-json\/wp\/v2\/types\/product"}],"replies":[{"embeddable":true,"href":"https:\/\/previntegral.com\/es\/wp-json\/wp\/v2\/comments?post=3680"}],"wp:featuredmedia":[{"embeddable":true,"href":"https:\/\/previntegral.com\/es\/wp-json\/wp\/v2\/media\/3682"}],"wp:attachment":[{"href":"https:\/\/previntegral.com\/es\/wp-json\/wp\/v2\/media?parent=3680"}],"wp:term":[{"taxonomy":"product_brand","embeddable":true,"href":"https:\/\/previntegral.com\/es\/wp-json\/wp\/v2\/product_brand?post=3680"},{"taxonomy":"product_cat","embeddable":true,"href":"https:\/\/previntegral.com\/es\/wp-json\/wp\/v2\/product_cat?post=3680"},{"taxonomy":"product_tag","embeddable":true,"href":"https:\/\/previntegral.com\/es\/wp-json\/wp\/v2\/product_tag?post=3680"}],"curies":[{"name":"WordPress","href":"https:\/\/api.w.org\/{rel}","templated":true}]}}