{"id":3683,"date":"2025-12-03T14:38:56","date_gmt":"2025-12-03T14:38:56","guid":{"rendered":"https:\/\/previntegral.com\/producto\/operari-dinstal%c2%b7lacions-temporals-dobra-i-auxiliars-plantes-daglomerat-de-formigo-de-trituracio-i-classificacio-darids\/"},"modified":"2026-03-16T18:32:30","modified_gmt":"2026-03-16T18:32:30","slug":"operario-de-instalaciones-temporales-de-obra-y-auxiliares-plantas-de-aglomerado-de-hormigon-de-trituracion-y-clasificacion-de-aridos","status":"publish","type":"product","link":"https:\/\/previntegral.com\/es\/producto\/operari-dinstal%c2%b7lacions-temporals-dobra-i-auxiliars-plantes-daglomerat-de-formigo-de-trituracio-i-classificacio-darids\/","title":{"rendered":"Operador de instalaciones temporales de construcci\u00f3n y plantas auxiliares: plantas de \u00e1ridos, plantas de hormig\u00f3n y plantas de trituraci\u00f3n y cribado de \u00e1ridos."},"content":{"rendered":"<p>Si treballes en el sector de la construcci\u00f3 o vols formar-te en aquest \u00e0mbit, aquest curs presencial de 20 hores t\u2019ofereix una formaci\u00f3 essencial i homologada per la Fundaci\u00f3 Laboral de la Construcci\u00f3. Es tracta d\u2019una formaci\u00f3 espec\u00edfica adaptada al conveni col\u00b7lectiu, que combina una part comuna i una altra m\u00e9s especialitzada en <strong>instal\u00b7lacions temporals d\u2019obra<\/strong> i <strong>instal\u00b7lacions auxiliars<\/strong> relacionades amb plantes d\u2019aglomerat, formig\u00f3, trituraci\u00f3 i classificaci\u00f3 d\u2019\u00e0rids. Amb aquest curs adquirir\u00e0s les <strong>Habilidades t\u00e9cnicas y pr\u00e1cticas<\/strong> que necessites per desenvolupar el teu treball amb seguretat, respectant la normativa vigent i els est\u00e0ndards del sector. \u00c9s una oportunitat id\u00f2nia per millorar la teva capacitaci\u00f3, refor\u00e7ar els teus coneixements en <strong>prevenci\u00f3n de riesgos laborales<\/strong> i assegurar el compliment de les obligacions formatives del conveni sectorial, tot aix\u00f2 en modalitat 100% presencial per garantir una experi\u00e8ncia din\u00e0mica i participativa.<\/p>","protected":false},"excerpt":{"rendered":"<p>Si treballes en el sector de la construcci\u00f3 o vols formar-te en aquest \u00e0mbit, aquest curs presencial de 20 hores t\u2019ofereix una formaci\u00f3 essencial i homologada per la Fundaci\u00f3 Laboral de la Construcci\u00f3. Es tracta d\u2019una formaci\u00f3 espec\u00edfica adaptada al conveni col\u00b7lectiu, que combina una part comuna i una altra m\u00e9s especialitzada en instal\u00b7lacions temporals [&hellip;]<\/p>\n","protected":false},"featured_media":3685,"comment_status":"open","ping_status":"closed","template":"","meta":{"_acf_changed":false},"product_brand":[],"product_cat":[38],"product_tag":[],"class_list":{"0":"post-3683","1":"product","2":"type-product","3":"status-publish","4":"has-post-thumbnail","6":"product_cat-construccio","8":"first","9":"instock","10":"virtual","11":"taxable","12":"purchasable","13":"product-type-curso"},"acf":[],"precio_regular_curso":340.01,"precio_bonificado_curso":358.16,"_links":{"self":[{"href":"https:\/\/previntegral.com\/es\/wp-json\/wp\/v2\/product\/3683","targetHints":{"allow":["GET"]}}],"collection":[{"href":"https:\/\/previntegral.com\/es\/wp-json\/wp\/v2\/product"}],"about":[{"href":"https:\/\/previntegral.com\/es\/wp-json\/wp\/v2\/types\/product"}],"replies":[{"embeddable":true,"href":"https:\/\/previntegral.com\/es\/wp-json\/wp\/v2\/comments?post=3683"}],"wp:featuredmedia":[{"embeddable":true,"href":"https:\/\/previntegral.com\/es\/wp-json\/wp\/v2\/media\/3685"}],"wp:attachment":[{"href":"https:\/\/previntegral.com\/es\/wp-json\/wp\/v2\/media?parent=3683"}],"wp:term":[{"taxonomy":"product_brand","embeddable":true,"href":"https:\/\/previntegral.com\/es\/wp-json\/wp\/v2\/product_brand?post=3683"},{"taxonomy":"product_cat","embeddable":true,"href":"https:\/\/previntegral.com\/es\/wp-json\/wp\/v2\/product_cat?post=3683"},{"taxonomy":"product_tag","embeddable":true,"href":"https:\/\/previntegral.com\/es\/wp-json\/wp\/v2\/product_tag?post=3683"}],"curies":[{"name":"WordPress","href":"https:\/\/api.w.org\/{rel}","templated":true}]}}