{"id":3690,"date":"2025-12-03T14:52:24","date_gmt":"2025-12-03T14:52:24","guid":{"rendered":"https:\/\/previntegral.com\/producto\/paleteria\/"},"modified":"2026-03-16T18:32:30","modified_gmt":"2026-03-16T18:32:30","slug":"paleteria","status":"publish","type":"product","link":"https:\/\/previntegral.com\/es\/producto\/paleteria\/","title":{"rendered":"Alba\u00f1iler\u00eda"},"content":{"rendered":"<p>Si quieres trabajar en el sector de la construcci\u00f3n como yesero, este curso de <strong>20 horas<\/strong> La asistencia presencial es fundamental para garantizar una formaci\u00f3n completa con el componente pr\u00e1ctico necesario. Dise\u00f1ado de acuerdo con el <strong>Convenio colectivo para el sector de la construcci\u00f3n<\/strong>, Este programa combina la parte <strong>com\u00fan o troncal<\/strong> de 14 horas que solo hay que realizar una vez, junto con la formaci\u00f3n <strong>espec\u00edfico<\/strong> de 6 horas centrado en las t\u00e9cnicas y habilidades espec\u00edficas de la alba\u00f1iler\u00eda. Con esta formaci\u00f3n, adquirir\u00e1s los conocimientos esenciales para trabajar con <strong>seguridad y eficiencia<\/strong>, de conformidad con la normativa vigente en materia de prevenci\u00f3n de riesgos laborales, seg\u00fan la Ley 31\/1995. Impartido por profesionales en un entorno <strong>presencial<\/strong>, La formaci\u00f3n ofrece una experiencia pr\u00e1ctica que te ayudar\u00e1 a desempe\u00f1ar tus funciones con seguridad y responsabilidad, cualidades imprescindibles para cualquier profesional del sector.<\/p>","protected":false},"excerpt":{"rendered":"<p>Si vols formar part del sector de la construcci\u00f3 com a paleta, aquest curs de 20 hores presencials \u00e9s fonamental per garantir una formaci\u00f3 completa i amb un component pr\u00e0ctic necessari. Dissenyat segons el Convenio Col\u00b7lectiu del Sector de la Construcci\u00f3, aquest programa combina la part comuna o troncal de 14 hores que nom\u00e9s cal [&hellip;]<\/p>\n","protected":false},"featured_media":3692,"comment_status":"open","ping_status":"closed","template":"","meta":{"_acf_changed":false},"product_brand":[],"product_cat":[38],"product_tag":[],"class_list":{"0":"post-3690","1":"product","2":"type-product","3":"status-publish","4":"has-post-thumbnail","6":"product_cat-construccio","8":"first","9":"instock","10":"virtual","11":"taxable","12":"purchasable","13":"product-type-curso"},"acf":[],"precio_regular_curso":340.01,"precio_bonificado_curso":358.16,"_links":{"self":[{"href":"https:\/\/previntegral.com\/es\/wp-json\/wp\/v2\/product\/3690","targetHints":{"allow":["GET"]}}],"collection":[{"href":"https:\/\/previntegral.com\/es\/wp-json\/wp\/v2\/product"}],"about":[{"href":"https:\/\/previntegral.com\/es\/wp-json\/wp\/v2\/types\/product"}],"replies":[{"embeddable":true,"href":"https:\/\/previntegral.com\/es\/wp-json\/wp\/v2\/comments?post=3690"}],"wp:featuredmedia":[{"embeddable":true,"href":"https:\/\/previntegral.com\/es\/wp-json\/wp\/v2\/media\/3692"}],"wp:attachment":[{"href":"https:\/\/previntegral.com\/es\/wp-json\/wp\/v2\/media?parent=3690"}],"wp:term":[{"taxonomy":"product_brand","embeddable":true,"href":"https:\/\/previntegral.com\/es\/wp-json\/wp\/v2\/product_brand?post=3690"},{"taxonomy":"product_cat","embeddable":true,"href":"https:\/\/previntegral.com\/es\/wp-json\/wp\/v2\/product_cat?post=3690"},{"taxonomy":"product_tag","embeddable":true,"href":"https:\/\/previntegral.com\/es\/wp-json\/wp\/v2\/product_tag?post=3690"}],"curies":[{"name":"WordPress","href":"https:\/\/api.w.org\/{rel}","templated":true}]}}