{"id":3693,"date":"2025-12-03T14:52:52","date_gmt":"2025-12-03T14:52:52","guid":{"rendered":"https:\/\/previntegral.com\/producto\/pintura\/"},"modified":"2026-03-16T18:32:30","modified_gmt":"2026-03-16T18:32:30","slug":"pintura","status":"publish","type":"product","link":"https:\/\/previntegral.com\/es\/producto\/pintura\/","title":{"rendered":"Pintura"},"content":{"rendered":"<p>Si trabajas o quieres formarte en el sector de la construcci\u00f3n, este curso de <strong>pintura<\/strong> es fundamental para adquirir las habilidades en <strong>prevenci\u00f3n de riesgos laborales<\/strong> espec\u00edfico de esta disciplina. Con una duraci\u00f3n de 20 horas y modalidad <strong>presencial<\/strong>, el programa est\u00e1 totalmente adaptado al <strong>Convenio colectivo para el sector de la construcci\u00f3n<\/strong>, Combina un m\u00f3dulo com\u00fan de 14 horas sobre seguridad general con una especializaci\u00f3n de 6 horas centrada en las tareas espec\u00edficas de un pintor. Esta formaci\u00f3n te proporciona los conocimientos te\u00f3ricos y pr\u00e1cticos esenciales para garantizar tu seguridad y eficiencia al trabajar con materiales, herramientas y maquinaria t\u00edpicos del sector. Impartido por un centro acreditado por la Fundaci\u00f3n para la Seguridad en la Construcci\u00f3n, el curso garantiza el cumplimiento de la normativa y facilita su acceso a cualquier obra con las garant\u00edas necesarias para realizar su trabajo con total seguridad.<\/p>","protected":false},"excerpt":{"rendered":"<p>Si treballes o vols formar-te en el sector de la construcci\u00f3, aquest curs de pintura \u00e9s fonamental per adquirir les compet\u00e8ncies en prevenci\u00f3 de riscos laborals espec\u00edfiques per aquesta disciplina. Amb una durada de 20 hores i modalitat presencial, el programa est\u00e0 totalment adaptat al Convenio Col\u00b7lectiu del Sector de la Construcci\u00f3, combinant una part [&hellip;]<\/p>\n","protected":false},"featured_media":3695,"comment_status":"open","ping_status":"closed","template":"","meta":{"_acf_changed":false},"product_brand":[],"product_cat":[38],"product_tag":[],"class_list":{"0":"post-3693","1":"product","2":"type-product","3":"status-publish","4":"has-post-thumbnail","6":"product_cat-construccio","8":"first","9":"instock","10":"virtual","11":"taxable","12":"purchasable","13":"product-type-curso"},"acf":[],"precio_regular_curso":340.01,"precio_bonificado_curso":358.16,"_links":{"self":[{"href":"https:\/\/previntegral.com\/es\/wp-json\/wp\/v2\/product\/3693","targetHints":{"allow":["GET"]}}],"collection":[{"href":"https:\/\/previntegral.com\/es\/wp-json\/wp\/v2\/product"}],"about":[{"href":"https:\/\/previntegral.com\/es\/wp-json\/wp\/v2\/types\/product"}],"replies":[{"embeddable":true,"href":"https:\/\/previntegral.com\/es\/wp-json\/wp\/v2\/comments?post=3693"}],"wp:featuredmedia":[{"embeddable":true,"href":"https:\/\/previntegral.com\/es\/wp-json\/wp\/v2\/media\/3695"}],"wp:attachment":[{"href":"https:\/\/previntegral.com\/es\/wp-json\/wp\/v2\/media?parent=3693"}],"wp:term":[{"taxonomy":"product_brand","embeddable":true,"href":"https:\/\/previntegral.com\/es\/wp-json\/wp\/v2\/product_brand?post=3693"},{"taxonomy":"product_cat","embeddable":true,"href":"https:\/\/previntegral.com\/es\/wp-json\/wp\/v2\/product_cat?post=3693"},{"taxonomy":"product_tag","embeddable":true,"href":"https:\/\/previntegral.com\/es\/wp-json\/wp\/v2\/product_tag?post=3693"}],"curies":[{"name":"WordPress","href":"https:\/\/api.w.org\/{rel}","templated":true}]}}