{"id":3696,"date":"2025-12-03T14:53:26","date_gmt":"2025-12-03T14:53:26","guid":{"rendered":"https:\/\/previntegral.com\/producto\/revestiments-de-guix\/"},"modified":"2026-03-16T18:32:30","modified_gmt":"2026-03-16T18:32:30","slug":"revestimientos-de-placas-de-yeso","status":"publish","type":"product","link":"https:\/\/previntegral.com\/es\/producto\/revestiments-de-guix\/","title":{"rendered":"Revestimiento de placas de yeso"},"content":{"rendered":"<p>Si trabajas en el sector de la construcci\u00f3n o quieres incorporarte a \u00e9l, es imprescindible tener un <strong>Formaci\u00f3n acreditada y especializada<\/strong> en materia de prevenci\u00f3n de riesgos laborales que cumpla con la <strong>Convenio colectivo para el sector de la construcci\u00f3n<\/strong>. Este curso de <strong>20 horas<\/strong> presentado en un formato <strong>presencial<\/strong> Est\u00e1 dise\u00f1ado para ofrecer una formaci\u00f3n pr\u00e1ctica y completa sobre la aplicaci\u00f3n segura y eficaz de <strong>revestimientos de placas de yeso<\/strong>. La formaci\u00f3n combina un componente com\u00fan y otro especializado para garantizar que los alumnos se familiaricen con las pr\u00e1cticas y los protocolos esenciales para trabajar de forma segura en la obra. Organizada por un centro acreditado por la <strong>Fundaci\u00f3n Laboral de la Construcci\u00f3n<\/strong>, Este curso te proporciona el reconocimiento y la calidad necesarios para trabajar en el sector con todas las garant\u00edas profesionales y legales, mejorando tus competencias y facilitando el cumplimiento normativo de tu empresa.<\/p>","protected":false},"excerpt":{"rendered":"<p>Si treballes en el sector de la construcci\u00f3 o vols accedir-hi, \u00e9s essencial comptar amb una formaci\u00f3 homologada i especialitzada en prevenci\u00f3 de riscos laborals que compleixi amb el Convenio Col\u00b7lectiu del Sector de la Construcci\u00f3. Aquest curs de 20 hores impartit en modalitat presencial est\u00e0 dissenyat per oferir una formaci\u00f3 pr\u00e0ctica i completa en [&hellip;]<\/p>\n","protected":false},"featured_media":3698,"comment_status":"open","ping_status":"closed","template":"","meta":{"_acf_changed":false},"product_brand":[],"product_cat":[38],"product_tag":[],"class_list":{"0":"post-3696","1":"product","2":"type-product","3":"status-publish","4":"has-post-thumbnail","6":"product_cat-construccio","8":"first","9":"instock","10":"virtual","11":"taxable","12":"purchasable","13":"product-type-curso"},"acf":[],"precio_regular_curso":340.01,"precio_bonificado_curso":358.16,"_links":{"self":[{"href":"https:\/\/previntegral.com\/es\/wp-json\/wp\/v2\/product\/3696","targetHints":{"allow":["GET"]}}],"collection":[{"href":"https:\/\/previntegral.com\/es\/wp-json\/wp\/v2\/product"}],"about":[{"href":"https:\/\/previntegral.com\/es\/wp-json\/wp\/v2\/types\/product"}],"replies":[{"embeddable":true,"href":"https:\/\/previntegral.com\/es\/wp-json\/wp\/v2\/comments?post=3696"}],"wp:featuredmedia":[{"embeddable":true,"href":"https:\/\/previntegral.com\/es\/wp-json\/wp\/v2\/media\/3698"}],"wp:attachment":[{"href":"https:\/\/previntegral.com\/es\/wp-json\/wp\/v2\/media?parent=3696"}],"wp:term":[{"taxonomy":"product_brand","embeddable":true,"href":"https:\/\/previntegral.com\/es\/wp-json\/wp\/v2\/product_brand?post=3696"},{"taxonomy":"product_cat","embeddable":true,"href":"https:\/\/previntegral.com\/es\/wp-json\/wp\/v2\/product_cat?post=3696"},{"taxonomy":"product_tag","embeddable":true,"href":"https:\/\/previntegral.com\/es\/wp-json\/wp\/v2\/product_tag?post=3696"}],"curies":[{"name":"WordPress","href":"https:\/\/api.w.org\/{rel}","templated":true}]}}