{"id":3699,"date":"2025-12-03T14:53:51","date_gmt":"2025-12-03T14:53:51","guid":{"rendered":"https:\/\/previntegral.com\/producto\/revestiments-exteriors\/"},"modified":"2026-03-16T18:32:30","modified_gmt":"2026-03-16T18:32:30","slug":"revestimientos-exteriores","status":"publish","type":"product","link":"https:\/\/previntegral.com\/es\/producto\/revestiments-exteriors\/","title":{"rendered":"Revestimiento exterior"},"content":{"rendered":"<p>Si trabajas o quieres incorporarte al sector de la construcci\u00f3n, este curso de <strong>revestimientos exteriores<\/strong> \u00e9s una formaci\u00f3 clau per a tu. Amb una durada de 20 hores i impartit de forma 100% <strong>presencial<\/strong>, el curso combina una parte com\u00fan de 14 horas, compartida con otros oficios, y una especializaci\u00f3n de 6 horas que se enfoca espec\u00edficamente en las t\u00e9cnicas y los riesgos asociados a los revestimientos exteriores. Esta formaci\u00f3n es obligatoria para cumplir con la normativa vigente del <strong>Convenio colectivo para el sector de la construcci\u00f3n<\/strong> est\u00e1 homologada por la Fundaci\u00f3n Laboral de la Construcci\u00f3n, lo que asegura que tu capacitaci\u00f3n es oficial y reconocida. Adem\u00e1s, te ofrece los conocimientos necesarios para identificar peligros y aplicar medidas de <strong>prevenci\u00f3n de riesgos laborales<\/strong>, mejorando as\u00ed la seguridad y la eficiencia en el entorno de obra, para garantizar un desarrollo profesional seguro y competente.<\/p>","protected":false},"excerpt":{"rendered":"<p>Si treballes o vols incorporar-te al sector de la construcci\u00f3, aquest curs de revestiments exteriors \u00e9s una formaci\u00f3 clau per a tu. Amb una durada de 20 hores i impartit de forma 100% presencial, el curs combina una part comuna de 14 hores, compartida amb altres oficis, i una especialitzaci\u00f3 de 6 hores que s\u2019enfoca [&hellip;]<\/p>\n","protected":false},"featured_media":3701,"comment_status":"open","ping_status":"closed","template":"","meta":{"_acf_changed":false},"product_brand":[],"product_cat":[38],"product_tag":[],"class_list":{"0":"post-3699","1":"product","2":"type-product","3":"status-publish","4":"has-post-thumbnail","6":"product_cat-construccio","8":"first","9":"instock","10":"virtual","11":"taxable","12":"purchasable","13":"product-type-curso"},"acf":[],"precio_regular_curso":340.01,"precio_bonificado_curso":358.16,"_links":{"self":[{"href":"https:\/\/previntegral.com\/es\/wp-json\/wp\/v2\/product\/3699","targetHints":{"allow":["GET"]}}],"collection":[{"href":"https:\/\/previntegral.com\/es\/wp-json\/wp\/v2\/product"}],"about":[{"href":"https:\/\/previntegral.com\/es\/wp-json\/wp\/v2\/types\/product"}],"replies":[{"embeddable":true,"href":"https:\/\/previntegral.com\/es\/wp-json\/wp\/v2\/comments?post=3699"}],"wp:featuredmedia":[{"embeddable":true,"href":"https:\/\/previntegral.com\/es\/wp-json\/wp\/v2\/media\/3701"}],"wp:attachment":[{"href":"https:\/\/previntegral.com\/es\/wp-json\/wp\/v2\/media?parent=3699"}],"wp:term":[{"taxonomy":"product_brand","embeddable":true,"href":"https:\/\/previntegral.com\/es\/wp-json\/wp\/v2\/product_brand?post=3699"},{"taxonomy":"product_cat","embeddable":true,"href":"https:\/\/previntegral.com\/es\/wp-json\/wp\/v2\/product_cat?post=3699"},{"taxonomy":"product_tag","embeddable":true,"href":"https:\/\/previntegral.com\/es\/wp-json\/wp\/v2\/product_tag?post=3699"}],"curies":[{"name":"WordPress","href":"https:\/\/api.w.org\/{rel}","templated":true}]}}