{"id":3702,"date":"2025-12-03T14:54:29","date_gmt":"2025-12-03T14:54:29","guid":{"rendered":"https:\/\/previntegral.com\/producto\/treballs-daillament-i-impermeabilitzacio\/"},"modified":"2026-03-16T18:32:30","modified_gmt":"2026-03-16T18:32:30","slug":"cubiertas-alicatados-e-impermeabilizacion","status":"publish","type":"product","link":"https:\/\/previntegral.com\/es\/producto\/treballs-daillament-i-impermeabilitzacio\/","title":{"rendered":"Trabajos de aislamiento e impermeabilizaci\u00f3n"},"content":{"rendered":"<p>Si trabajas en el sector de la construcci\u00f3n y quieres mejorar tus <strong>Habilidades profesionales<\/strong>, Este curso presencial de 20 horas es ideal para ti. Est\u00e1 dise\u00f1ado de acuerdo con los requisitos de la <strong>Convenio colectivo para el sector de la construcci\u00f3n<\/strong> y combina contenidos te\u00f3ricos y pr\u00e1cticos para garantizar una formaci\u00f3n integral en <strong>Trabajos de aislamiento e impermeabilizaci\u00f3n<\/strong>. Durante la formaci\u00f3n, aprender\u00e1s las t\u00e9cnicas m\u00e1s eficaces y seguras para realizar estas tareas, as\u00ed como las normas esenciales de <strong>prevenci\u00f3n de riesgos laborales<\/strong> espec\u00edfico para el sector. El curso se divide en una parte com\u00fan, \u00fatil para diversos oficios, y una especializaci\u00f3n que se centra en el aislamiento y la impermeabilizaci\u00f3n, lo que garantiza que adquieras los conocimientos necesarios para cumplir con la normativa vigente. Con el apoyo de un centro acreditado por la <strong>Fundaci\u00f3n Laboral de la Construcci\u00f3n<\/strong>, Esta formaci\u00f3n te ayudar\u00e1 a desarrollar tu pr\u00e1ctica con confianza, eficacia y calidad.<\/p>","protected":false},"excerpt":{"rendered":"<p>Si treballes en el sector de la construcci\u00f3 i vols millorar les teves compet\u00e8ncies professionals, aquest curs presencial de 20 hores \u00e9s ideal per a tu. Est\u00e0 dissenyat segons les exig\u00e8ncies del Convenio Col\u00b7lectivo del Sector de la Construcci\u00f3 i combina continguts te\u00f2rics i pr\u00e0ctics per garantir una formaci\u00f3 integral en treballs d\u2019a\u00efllament i impermeabilitzaci\u00f3. [&hellip;]<\/p>\n","protected":false},"featured_media":3704,"comment_status":"open","ping_status":"closed","template":"","meta":{"_acf_changed":false},"product_brand":[],"product_cat":[38],"product_tag":[],"class_list":{"0":"post-3702","1":"product","2":"type-product","3":"status-publish","4":"has-post-thumbnail","6":"product_cat-construccio","8":"first","9":"instock","10":"virtual","11":"taxable","12":"purchasable","13":"product-type-curso"},"acf":[],"precio_regular_curso":340.01,"precio_bonificado_curso":358.16,"_links":{"self":[{"href":"https:\/\/previntegral.com\/es\/wp-json\/wp\/v2\/product\/3702","targetHints":{"allow":["GET"]}}],"collection":[{"href":"https:\/\/previntegral.com\/es\/wp-json\/wp\/v2\/product"}],"about":[{"href":"https:\/\/previntegral.com\/es\/wp-json\/wp\/v2\/types\/product"}],"replies":[{"embeddable":true,"href":"https:\/\/previntegral.com\/es\/wp-json\/wp\/v2\/comments?post=3702"}],"wp:featuredmedia":[{"embeddable":true,"href":"https:\/\/previntegral.com\/es\/wp-json\/wp\/v2\/media\/3704"}],"wp:attachment":[{"href":"https:\/\/previntegral.com\/es\/wp-json\/wp\/v2\/media?parent=3702"}],"wp:term":[{"taxonomy":"product_brand","embeddable":true,"href":"https:\/\/previntegral.com\/es\/wp-json\/wp\/v2\/product_brand?post=3702"},{"taxonomy":"product_cat","embeddable":true,"href":"https:\/\/previntegral.com\/es\/wp-json\/wp\/v2\/product_cat?post=3702"},{"taxonomy":"product_tag","embeddable":true,"href":"https:\/\/previntegral.com\/es\/wp-json\/wp\/v2\/product_tag?post=3702"}],"curies":[{"name":"WordPress","href":"https:\/\/api.w.org\/{rel}","templated":true}]}}