{"id":3705,"date":"2025-12-03T14:55:04","date_gmt":"2025-12-03T14:55:04","guid":{"rendered":"https:\/\/previntegral.com\/producto\/treballs-darqueologia\/"},"modified":"2026-03-16T18:32:30","modified_gmt":"2026-03-16T18:32:30","slug":"trabajos-de-arqueologia","status":"publish","type":"product","link":"https:\/\/previntegral.com\/es\/producto\/treballs-darqueologia\/","title":{"rendered":"Trabajos arqueol\u00f3gicos."},"content":{"rendered":"<p>Si trabajas en el sector de la construcci\u00f3n y quieres especializarte en los <strong>trabajos de arqueolog\u00eda<\/strong>, este curso presencial de 20 horas es ideal para ti. Est\u00e1 dise\u00f1ado para cumplir con las exigencias del <strong>Convenio colectivo para el sector de la construcci\u00f3n<\/strong> en materia de prevenci\u00f3n de riesgos laborales, garantizando que adquieras las <strong>competencias<\/strong> necesarias para desarrollar las tareas de manera segura y eficaz. La formaci\u00f3n combina una parte com\u00fan de 14 horas que aborda conceptos esenciales para todos los oficios del sector, con una especialidad de 6 horas dirigida a las particularidades de los trabajos arqueol\u00f3gicos. Adem\u00e1s, est\u00e1 impartida por un centro homologado por la Fundaci\u00f3n Laboral de la Construcci\u00f3n, lo que asegura la calidad y vigencia del certificado que obtendr\u00e1s. Esta experiencia formativa presencial te preparar\u00e1 para afrontar las exigencias de tu puesto con una base s\u00f3lida y actualizada en <strong>prevenci\u00f3n de riesgos<\/strong>.<\/p>","protected":false},"excerpt":{"rendered":"<p>Si treballes en el sector de la construcci\u00f3 i vols especialitzar-te en els treballs d&#8217;arqueologia, aquest curs presencial de 20 hores \u00e9s ideal per a tu. Est\u00e0 dissenyat per complir amb les exig\u00e8ncies del Conven\u00ed Col\u00b7lectiu del Sector de la Construcci\u00f3 en mat\u00e8ria de prevenci\u00f3 de riscos laborals, garantint que adquireixis les compet\u00e8ncies necess\u00e0ries per [&hellip;]<\/p>\n","protected":false},"featured_media":3707,"comment_status":"open","ping_status":"closed","template":"","meta":{"_acf_changed":false},"product_brand":[],"product_cat":[38],"product_tag":[],"class_list":{"0":"post-3705","1":"product","2":"type-product","3":"status-publish","4":"has-post-thumbnail","6":"product_cat-construccio","8":"first","9":"instock","10":"virtual","11":"taxable","12":"purchasable","13":"product-type-curso"},"acf":[],"precio_regular_curso":340.01,"precio_bonificado_curso":358.16,"_links":{"self":[{"href":"https:\/\/previntegral.com\/es\/wp-json\/wp\/v2\/product\/3705","targetHints":{"allow":["GET"]}}],"collection":[{"href":"https:\/\/previntegral.com\/es\/wp-json\/wp\/v2\/product"}],"about":[{"href":"https:\/\/previntegral.com\/es\/wp-json\/wp\/v2\/types\/product"}],"replies":[{"embeddable":true,"href":"https:\/\/previntegral.com\/es\/wp-json\/wp\/v2\/comments?post=3705"}],"wp:featuredmedia":[{"embeddable":true,"href":"https:\/\/previntegral.com\/es\/wp-json\/wp\/v2\/media\/3707"}],"wp:attachment":[{"href":"https:\/\/previntegral.com\/es\/wp-json\/wp\/v2\/media?parent=3705"}],"wp:term":[{"taxonomy":"product_brand","embeddable":true,"href":"https:\/\/previntegral.com\/es\/wp-json\/wp\/v2\/product_brand?post=3705"},{"taxonomy":"product_cat","embeddable":true,"href":"https:\/\/previntegral.com\/es\/wp-json\/wp\/v2\/product_cat?post=3705"},{"taxonomy":"product_tag","embeddable":true,"href":"https:\/\/previntegral.com\/es\/wp-json\/wp\/v2\/product_tag?post=3705"}],"curies":[{"name":"WordPress","href":"https:\/\/api.w.org\/{rel}","templated":true}]}}