{"id":3708,"date":"2025-12-03T14:55:26","date_gmt":"2025-12-03T14:55:26","guid":{"rendered":"https:\/\/previntegral.com\/producto\/treballs-de-conservacio-i-explotacio-de-carreteres\/"},"modified":"2026-03-16T18:32:30","modified_gmt":"2026-03-16T18:32:30","slug":"trabajos-de-conservacion-y-explotacion-de-carreteras","status":"publish","type":"product","link":"https:\/\/previntegral.com\/es\/producto\/treballs-de-conservacio-i-explotacio-de-carreteres\/","title":{"rendered":"Trabajos de mantenimiento y explotaci\u00f3n de carreteras"},"content":{"rendered":"<p>Si trabajas en el sector de la construcci\u00f3n y quieres desarrollar tus tareas en conservaci\u00f3n y explotaci\u00f3n de carreteras con seguridad, este curso presencial de 20 horas es ideal para ti. Se trata de una formaci\u00f3n esencial que cumple con las obligaciones establecidas por el Convenio Colectivo del Sector de la Construcci\u00f3n y pone el acento en la <strong>formaci\u00f3n b\u00e1sica y espec\u00edfica en prevenci\u00f3n de riesgos laborales<\/strong>. La formaci\u00f3n se divide en una parte com\u00fan de 14 horas, que solo hay que hacer una vez, y una especialidad de 6 horas adaptada a tus tareas particulares dentro del oficio. A trav\u00e9s de esta modalidad presencial, obtendr\u00e1s las <strong>competencias y habilidades<\/strong> necesarias para promover un entorno de trabajo seguro y eficaz, garantizando la correcta aplicaci\u00f3n de los protocolos de seguridad seg\u00fan la normativa vigente. Previntegral, centro homologado por la Fundaci\u00f3n Laboral de la Construcci\u00f3n, te ofrece un aprendizaje pr\u00e1ctico, actualizado y reconocido que te ayudar\u00e1 a cumplir los requisitos legales y a avanzar profesionalmente.<\/p>","protected":false},"excerpt":{"rendered":"<p>Si treballes en el sector de la construcci\u00f3 i vols desenvolupar les teves tasques en conservaci\u00f3 i explotaci\u00f3 de carreteres amb seguretat, aquest curs presencial de 20 hores \u00e9s ideal per a tu. Es tracta d\u2019una formaci\u00f3 essencial que compleix amb les obligacions establertes pel Conveni Col\u00b7lectiu del Sector de la Construcci\u00f3 i posa l\u2019accent [&hellip;]<\/p>\n","protected":false},"featured_media":3710,"comment_status":"open","ping_status":"closed","template":"","meta":{"_acf_changed":false},"product_brand":[],"product_cat":[38],"product_tag":[],"class_list":{"0":"post-3708","1":"product","2":"type-product","3":"status-publish","4":"has-post-thumbnail","6":"product_cat-construccio","8":"first","9":"instock","10":"virtual","11":"taxable","12":"purchasable","13":"product-type-curso"},"acf":[],"precio_regular_curso":340.01,"precio_bonificado_curso":358.16,"_links":{"self":[{"href":"https:\/\/previntegral.com\/es\/wp-json\/wp\/v2\/product\/3708","targetHints":{"allow":["GET"]}}],"collection":[{"href":"https:\/\/previntegral.com\/es\/wp-json\/wp\/v2\/product"}],"about":[{"href":"https:\/\/previntegral.com\/es\/wp-json\/wp\/v2\/types\/product"}],"replies":[{"embeddable":true,"href":"https:\/\/previntegral.com\/es\/wp-json\/wp\/v2\/comments?post=3708"}],"wp:featuredmedia":[{"embeddable":true,"href":"https:\/\/previntegral.com\/es\/wp-json\/wp\/v2\/media\/3710"}],"wp:attachment":[{"href":"https:\/\/previntegral.com\/es\/wp-json\/wp\/v2\/media?parent=3708"}],"wp:term":[{"taxonomy":"product_brand","embeddable":true,"href":"https:\/\/previntegral.com\/es\/wp-json\/wp\/v2\/product_brand?post=3708"},{"taxonomy":"product_cat","embeddable":true,"href":"https:\/\/previntegral.com\/es\/wp-json\/wp\/v2\/product_cat?post=3708"},{"taxonomy":"product_tag","embeddable":true,"href":"https:\/\/previntegral.com\/es\/wp-json\/wp\/v2\/product_tag?post=3708"}],"curies":[{"name":"WordPress","href":"https:\/\/api.w.org\/{rel}","templated":true}]}}