{"id":3711,"date":"2025-12-03T14:56:00","date_gmt":"2025-12-03T14:56:00","guid":{"rendered":"https:\/\/previntegral.com\/producto\/treballs-de-demolicio-i-rehabilitacio\/"},"modified":"2026-03-16T18:32:30","modified_gmt":"2026-03-16T18:32:30","slug":"obras-de-demolicion-y-rehabilitacion","status":"publish","type":"product","link":"https:\/\/previntegral.com\/es\/producto\/treballs-de-demolicio-i-rehabilitacio\/","title":{"rendered":"Trabajos de demolici\u00f3n y remodelaci\u00f3n"},"content":{"rendered":"<p>Si trabajas en el sector de la construcci\u00f3n o quieres iniciar tu carrera profesional en este \u00e1mbito, el curso presencial de <strong>Trabajos de demolici\u00f3n y remodelaci\u00f3n<\/strong> es fundamental para ti. Con una duraci\u00f3n de 20 horas, esta formaci\u00f3n cumple los requisitos de la <strong>Convenio colectivo para el sector de la construcci\u00f3n<\/strong>, y est\u00e1 dise\u00f1ado para proporcionar los conocimientos b\u00e1sicos y espec\u00edficos en <strong>prevenci\u00f3n de riesgos laborales<\/strong> relacionadas con las tareas de demolici\u00f3n y rehabilitaci\u00f3n. El curso aborda tanto los aspectos comunes a todos los oficios de la construcci\u00f3n como las particularidades espec\u00edficas del trabajo en este tipo de proyectos, garantizando que los participantes adquieran las competencias necesarias. <strong>Habilidades necesarias<\/strong> para trabajar de forma segura y cumpliendo con la normativa vigente. Esta formaci\u00f3n presencial, impartida por un centro acreditado por la Construction Labour Foundation, permite acceder a la obra cumpliendo con las normas legales en materia de salud y seguridad en el trabajo.<\/p>","protected":false},"excerpt":{"rendered":"<p>Si treballes en el sector de la construcci\u00f3 o vols iniciar la teva carrera professional en aquest \u00e0mbit, el curs presencial de Treballs de demolici\u00f3 i rehabilitaci\u00f3 \u00e9s fonamental per a tu. Amb una durada de 20 hores, aquesta formaci\u00f3 compleix amb els requisits del Conven\u00ed Col\u00b7lectiu del Sector de la Construcci\u00f3, i est\u00e0 dissenyada [&hellip;]<\/p>\n","protected":false},"featured_media":3713,"comment_status":"open","ping_status":"closed","template":"","meta":{"_acf_changed":false},"product_brand":[],"product_cat":[38],"product_tag":[],"class_list":{"0":"post-3711","1":"product","2":"type-product","3":"status-publish","4":"has-post-thumbnail","6":"product_cat-construccio","8":"first","9":"instock","10":"virtual","11":"taxable","12":"purchasable","13":"product-type-curso"},"acf":[],"precio_regular_curso":340.01,"precio_bonificado_curso":358.16,"_links":{"self":[{"href":"https:\/\/previntegral.com\/es\/wp-json\/wp\/v2\/product\/3711","targetHints":{"allow":["GET"]}}],"collection":[{"href":"https:\/\/previntegral.com\/es\/wp-json\/wp\/v2\/product"}],"about":[{"href":"https:\/\/previntegral.com\/es\/wp-json\/wp\/v2\/types\/product"}],"replies":[{"embeddable":true,"href":"https:\/\/previntegral.com\/es\/wp-json\/wp\/v2\/comments?post=3711"}],"wp:featuredmedia":[{"embeddable":true,"href":"https:\/\/previntegral.com\/es\/wp-json\/wp\/v2\/media\/3713"}],"wp:attachment":[{"href":"https:\/\/previntegral.com\/es\/wp-json\/wp\/v2\/media?parent=3711"}],"wp:term":[{"taxonomy":"product_brand","embeddable":true,"href":"https:\/\/previntegral.com\/es\/wp-json\/wp\/v2\/product_brand?post=3711"},{"taxonomy":"product_cat","embeddable":true,"href":"https:\/\/previntegral.com\/es\/wp-json\/wp\/v2\/product_cat?post=3711"},{"taxonomy":"product_tag","embeddable":true,"href":"https:\/\/previntegral.com\/es\/wp-json\/wp\/v2\/product_tag?post=3711"}],"curies":[{"name":"WordPress","href":"https:\/\/api.w.org\/{rel}","templated":true}]}}