{"id":3714,"date":"2025-12-03T14:56:25","date_gmt":"2025-12-03T14:56:25","guid":{"rendered":"https:\/\/previntegral.com\/producto\/treballs-de-fabricacio-i-muntatge-delements-prefabricats\/"},"modified":"2026-03-16T18:32:30","modified_gmt":"2026-03-16T18:32:30","slug":"trabajos-de-fabricacion-y-montaje-de-elementos-prefabricados","status":"publish","type":"product","link":"https:\/\/previntegral.com\/es\/producto\/treballs-de-fabricacio-i-muntatge-delements-prefabricats\/","title":{"rendered":"Fabricaci\u00f3n y montaje de elementos prefabricados."},"content":{"rendered":"<p>Si formas parte o quieres integrarte en el sector de la construcci\u00f3n, este curso presencial de 20 horas es imprescindible para adquirir la <strong>formaci\u00f3n en prevenci\u00f3n de riesgos laborales<\/strong> que exige el convenio colectivo. Dise\u00f1ado espec\u00edficamente para quien realiza tareas de <strong>fabricaci\u00f3n y montaje de elementos prefabricados<\/strong>, combina una parte com\u00fan v\u00e1lida para todos los oficios con una especializaci\u00f3n que se adapta a tus responsabilidades concretas. Esta formaci\u00f3n, impartida por un centro homologado por la <strong>Fundaci\u00f3n Laboral de la Construcci\u00f3n<\/strong>, asegura que aprendas los protocolos y medidas de seguridad imprescindibles para trabajar con garant\u00edas, cumpliendo con la normativa vigente y facilitando el acceso legal a las obras. Con este curso, adquirir\u00e1s las competencias necesarias para desarrollar tu trabajo de manera segura, eficiente y responsable dentro de un sector en constante evoluci\u00f3n.<\/p>","protected":false},"excerpt":{"rendered":"<p>Si formes part o vols integrar-te en el sector de la construcci\u00f3, aquest curs presencial de 20 hores \u00e9s imprescindible per adquirir la formaci\u00f3 en prevenci\u00f3 de riscos laborals que exigeix el conveni col\u00b7lectiu. Dissenyat espec\u00edficament per a qui realitza tasques de fabricaci\u00f3 i muntatge d\u2019elements prefabricats, combina una part comuna v\u00e0lida per a tots [&hellip;]<\/p>\n","protected":false},"featured_media":3716,"comment_status":"open","ping_status":"closed","template":"","meta":{"_acf_changed":false},"product_brand":[],"product_cat":[38],"product_tag":[],"class_list":{"0":"post-3714","1":"product","2":"type-product","3":"status-publish","4":"has-post-thumbnail","6":"product_cat-construccio","8":"first","9":"instock","10":"virtual","11":"taxable","12":"purchasable","13":"product-type-curso"},"acf":[],"precio_regular_curso":340.01,"precio_bonificado_curso":358.16,"_links":{"self":[{"href":"https:\/\/previntegral.com\/es\/wp-json\/wp\/v2\/product\/3714","targetHints":{"allow":["GET"]}}],"collection":[{"href":"https:\/\/previntegral.com\/es\/wp-json\/wp\/v2\/product"}],"about":[{"href":"https:\/\/previntegral.com\/es\/wp-json\/wp\/v2\/types\/product"}],"replies":[{"embeddable":true,"href":"https:\/\/previntegral.com\/es\/wp-json\/wp\/v2\/comments?post=3714"}],"wp:featuredmedia":[{"embeddable":true,"href":"https:\/\/previntegral.com\/es\/wp-json\/wp\/v2\/media\/3716"}],"wp:attachment":[{"href":"https:\/\/previntegral.com\/es\/wp-json\/wp\/v2\/media?parent=3714"}],"wp:term":[{"taxonomy":"product_brand","embeddable":true,"href":"https:\/\/previntegral.com\/es\/wp-json\/wp\/v2\/product_brand?post=3714"},{"taxonomy":"product_cat","embeddable":true,"href":"https:\/\/previntegral.com\/es\/wp-json\/wp\/v2\/product_cat?post=3714"},{"taxonomy":"product_tag","embeddable":true,"href":"https:\/\/previntegral.com\/es\/wp-json\/wp\/v2\/product_tag?post=3714"}],"curies":[{"name":"WordPress","href":"https:\/\/api.w.org\/{rel}","templated":true}]}}