{"id":3717,"date":"2025-12-03T14:56:50","date_gmt":"2025-12-03T14:56:50","guid":{"rendered":"https:\/\/previntegral.com\/producto\/treballs-de-muntatge-de-prefabricats-de-formigo-en-obra\/"},"modified":"2026-03-16T18:32:30","modified_gmt":"2026-03-16T18:32:30","slug":"montaje-in-situ-de-elementos-prefabricados-de-hormigon","status":"publish","type":"product","link":"https:\/\/previntegral.com\/es\/producto\/treballs-de-muntatge-de-prefabricats-de-formigo-en-obra\/","title":{"rendered":"Montaje in situ de elementos prefabricados de hormig\u00f3n"},"content":{"rendered":"<p>Si trabajas en el sector de la construcci\u00f3n o quieres iniciarte en \u00e9l, es fundamental conocer el <strong>formaci\u00f3n en prevenci\u00f3n de riesgos laborales<\/strong> lo que garantiza tu seguridad y la de los dem\u00e1s en la obra. Este curso presencial de 20 horas es ideal para <strong>Convenio colectivo para el sector de la construcci\u00f3n<\/strong>, que combina un tronco com\u00fan de 14 horas con una especializaci\u00f3n de 6 horas centrada en <strong>Montaje de elementos prefabricados de hormig\u00f3n<\/strong>. Esta preparaci\u00f3n normativa y pr\u00e1ctica es imprescindible para llevar a cabo estas tareas especialmente exigentes, ya que te proporciona la <strong>Conocimientos t\u00e9cnicos y de seguridad<\/strong> necesario para cumplir con los requisitos legales. El formato presencial ofrece una experiencia de aprendizaje directa, en la que podr\u00e1s practicar y resolver cualquier duda con instructores especializados. Con este curso, te asegurar\u00e1s el acceso a las obras y aumentar\u00e1s la seguridad y la eficiencia en tu trabajo diario.<\/p>","protected":false},"excerpt":{"rendered":"<p>Si treballes en el sector de la construcci\u00f3 o vols comen\u00e7ar-hi, \u00e9s fonamental con\u00e8ixer la formaci\u00f3 en prevenci\u00f3 de riscos laborals que assegura la teva seguretat i la dels altres a l\u2019obra. Aquest curs presencial de 20 hores s\u2019adapta perfectament al conveni col\u00b7lectiu del sector de la construcci\u00f3, combinant una part comuna de 14 hores [&hellip;]<\/p>\n","protected":false},"featured_media":3719,"comment_status":"open","ping_status":"closed","template":"","meta":{"_acf_changed":false},"product_brand":[],"product_cat":[38],"product_tag":[],"class_list":{"0":"post-3717","1":"product","2":"type-product","3":"status-publish","4":"has-post-thumbnail","6":"product_cat-construccio","8":"first","9":"instock","10":"virtual","11":"taxable","12":"purchasable","13":"product-type-curso"},"acf":[],"precio_regular_curso":340.01,"precio_bonificado_curso":358.16,"_links":{"self":[{"href":"https:\/\/previntegral.com\/es\/wp-json\/wp\/v2\/product\/3717","targetHints":{"allow":["GET"]}}],"collection":[{"href":"https:\/\/previntegral.com\/es\/wp-json\/wp\/v2\/product"}],"about":[{"href":"https:\/\/previntegral.com\/es\/wp-json\/wp\/v2\/types\/product"}],"replies":[{"embeddable":true,"href":"https:\/\/previntegral.com\/es\/wp-json\/wp\/v2\/comments?post=3717"}],"wp:featuredmedia":[{"embeddable":true,"href":"https:\/\/previntegral.com\/es\/wp-json\/wp\/v2\/media\/3719"}],"wp:attachment":[{"href":"https:\/\/previntegral.com\/es\/wp-json\/wp\/v2\/media?parent=3717"}],"wp:term":[{"taxonomy":"product_brand","embeddable":true,"href":"https:\/\/previntegral.com\/es\/wp-json\/wp\/v2\/product_brand?post=3717"},{"taxonomy":"product_cat","embeddable":true,"href":"https:\/\/previntegral.com\/es\/wp-json\/wp\/v2\/product_cat?post=3717"},{"taxonomy":"product_tag","embeddable":true,"href":"https:\/\/previntegral.com\/es\/wp-json\/wp\/v2\/product_tag?post=3717"}],"curies":[{"name":"WordPress","href":"https:\/\/api.w.org\/{rel}","templated":true}]}}