{"id":3720,"date":"2025-12-03T14:57:22","date_gmt":"2025-12-03T14:57:22","guid":{"rendered":"https:\/\/previntegral.com\/producto\/treballs-de-soldadura\/"},"modified":"2026-03-16T18:32:30","modified_gmt":"2026-03-16T18:32:30","slug":"trabajos-de-soldadura","status":"publish","type":"product","link":"https:\/\/previntegral.com\/es\/producto\/treballs-de-soldadura\/","title":{"rendered":"Trabajos de soldadura"},"content":{"rendered":"<p>Si trabajas en el sector de la construcci\u00f3n o quieres iniciarte en \u00e9l, este curso presencial de 20 horas es imprescindible para adquirir una formaci\u00f3n completa en <strong>Trabajos de soldadura<\/strong>. De conformidad con el Convenio Colectivo del Sector de la Construcci\u00f3n, combina un bloque com\u00fan de 14 horas con un m\u00f3dulo de especializaci\u00f3n de 6 horas centrado en las particularidades del oficio. Esta formaci\u00f3n no se imparte en l\u00ednea, sino de forma presencial. <strong>presencial<\/strong>, est\u00e1 dise\u00f1ado para garantizar el conocimiento y el cumplimiento de la legislaci\u00f3n vigente en <strong>prevenci\u00f3n de riesgos laborales<\/strong>, garantizando tu seguridad y eficiencia en la obra. Adem\u00e1s, cuenta con la acreditaci\u00f3n de la Fundaci\u00f3n de Trabajadores de la Construcci\u00f3n, lo que certifica que cumple con los est\u00e1ndares y requisitos profesionales del sector. Con este curso, adquirir\u00e1s una experiencia pr\u00e1ctica y te\u00f3rica de gran calidad que te permitir\u00e1 realizar tareas de soldadura de forma responsable y segura.<\/p>","protected":false},"excerpt":{"rendered":"<p>Si treballes o vols comen\u00e7ar en el sector de la construcci\u00f3, aquest curs presencial de 20 hores \u00e9s fonamental per adquirir una formaci\u00f3 completa en treballs de soldadura. Adaptat al Conveni Col\u00b7lectiu del Sector de la Construcci\u00f3, combina un bloc com\u00fa de 14 hores amb una especialitzaci\u00f3 de 6 hores centrada en les particularitats de [&hellip;]<\/p>\n","protected":false},"featured_media":3722,"comment_status":"open","ping_status":"closed","template":"","meta":{"_acf_changed":false},"product_brand":[],"product_cat":[38],"product_tag":[],"class_list":{"0":"post-3720","1":"product","2":"type-product","3":"status-publish","4":"has-post-thumbnail","6":"product_cat-construccio","8":"first","9":"instock","10":"virtual","11":"taxable","12":"purchasable","13":"product-type-curso"},"acf":[],"precio_regular_curso":340.01,"precio_bonificado_curso":358.16,"_links":{"self":[{"href":"https:\/\/previntegral.com\/es\/wp-json\/wp\/v2\/product\/3720","targetHints":{"allow":["GET"]}}],"collection":[{"href":"https:\/\/previntegral.com\/es\/wp-json\/wp\/v2\/product"}],"about":[{"href":"https:\/\/previntegral.com\/es\/wp-json\/wp\/v2\/types\/product"}],"replies":[{"embeddable":true,"href":"https:\/\/previntegral.com\/es\/wp-json\/wp\/v2\/comments?post=3720"}],"wp:featuredmedia":[{"embeddable":true,"href":"https:\/\/previntegral.com\/es\/wp-json\/wp\/v2\/media\/3722"}],"wp:attachment":[{"href":"https:\/\/previntegral.com\/es\/wp-json\/wp\/v2\/media?parent=3720"}],"wp:term":[{"taxonomy":"product_brand","embeddable":true,"href":"https:\/\/previntegral.com\/es\/wp-json\/wp\/v2\/product_brand?post=3720"},{"taxonomy":"product_cat","embeddable":true,"href":"https:\/\/previntegral.com\/es\/wp-json\/wp\/v2\/product_cat?post=3720"},{"taxonomy":"product_tag","embeddable":true,"href":"https:\/\/previntegral.com\/es\/wp-json\/wp\/v2\/product_tag?post=3720"}],"curies":[{"name":"WordPress","href":"https:\/\/api.w.org\/{rel}","templated":true}]}}