{"id":3723,"date":"2025-12-03T14:57:57","date_gmt":"2025-12-03T14:57:57","guid":{"rendered":"https:\/\/previntegral.com\/producto\/treballs-de-xarxes-de-proveiment-i-sanejament-i-pous\/"},"modified":"2026-03-16T18:32:31","modified_gmt":"2026-03-16T18:32:31","slug":"trabajos-de-redes-de-suministro-y-saneamiento-y-pozos","status":"publish","type":"product","link":"https:\/\/previntegral.com\/es\/producto\/treballs-de-xarxes-de-proveiment-i-sanejament-i-pous\/","title":{"rendered":"Obras en redes de abastecimiento de agua y alcantarillado y en pozos"},"content":{"rendered":"<p>Este curso presencial de 20 horas est\u00e1 pensado para todos los trabajadores del sector de la construcci\u00f3n que necesiten adquirir una <strong>Formaci\u00f3n acreditada<\/strong> seg\u00fan el Convenio Colectivo del Sector de la Construcci\u00f3n. La formaci\u00f3n se centra en los trabajos relacionados con las <strong>redes de suministro, saneamiento y pozos<\/strong>, una especialidad con fuertes necesidades de <strong>prevenci\u00f3n de riesgos laborales<\/strong>. Durante el curso, se aportan tanto los elementos b\u00e1sicos de la normativa vigente como las <strong>habilidades espec\u00edficas<\/strong> imprescindibles para garantizar la seguridad y eficiencia en la obra. Al ser un curso presencial, se facilita el aprendizaje pr\u00e1ctico y la interacci\u00f3n directa con profesionales acreditados por la Fundaci\u00f3n Laboral de la Construcci\u00f3n, que aseguran la calidad y validez oficial de la formaci\u00f3n. Esta preparaci\u00f3n es imprescindible para trabajar legalmente en las obras y cumplir con las <strong>obligaciones de formaci\u00f3n<\/strong> del sector, protegiendo la salud y la seguridad de todos los involucrados.Los brit\u00e1nicos son<\/p>","protected":false},"excerpt":{"rendered":"<p>Aquest curs presencial de 20 hores est\u00e0 pensat per a tots els treballadors del sector de la construcci\u00f3 que necessiten adquirir una formaci\u00f3 homologada segons el Conveni Col\u00b7lectiu del Sector de la Construcci\u00f3. La formaci\u00f3 es centra en els treballs relacionats amb les xarxes de prove\u00efment, sanejament i pous, una especialitat amb fortes necessitats de [&hellip;]<\/p>\n","protected":false},"featured_media":3725,"comment_status":"open","ping_status":"closed","template":"","meta":{"_acf_changed":false},"product_brand":[],"product_cat":[38],"product_tag":[],"class_list":{"0":"post-3723","1":"product","2":"type-product","3":"status-publish","4":"has-post-thumbnail","6":"product_cat-construccio","8":"first","9":"instock","10":"virtual","11":"taxable","12":"purchasable","13":"product-type-curso"},"acf":[],"precio_regular_curso":340.01,"precio_bonificado_curso":358.16,"_links":{"self":[{"href":"https:\/\/previntegral.com\/es\/wp-json\/wp\/v2\/product\/3723","targetHints":{"allow":["GET"]}}],"collection":[{"href":"https:\/\/previntegral.com\/es\/wp-json\/wp\/v2\/product"}],"about":[{"href":"https:\/\/previntegral.com\/es\/wp-json\/wp\/v2\/types\/product"}],"replies":[{"embeddable":true,"href":"https:\/\/previntegral.com\/es\/wp-json\/wp\/v2\/comments?post=3723"}],"wp:featuredmedia":[{"embeddable":true,"href":"https:\/\/previntegral.com\/es\/wp-json\/wp\/v2\/media\/3725"}],"wp:attachment":[{"href":"https:\/\/previntegral.com\/es\/wp-json\/wp\/v2\/media?parent=3723"}],"wp:term":[{"taxonomy":"product_brand","embeddable":true,"href":"https:\/\/previntegral.com\/es\/wp-json\/wp\/v2\/product_brand?post=3723"},{"taxonomy":"product_cat","embeddable":true,"href":"https:\/\/previntegral.com\/es\/wp-json\/wp\/v2\/product_cat?post=3723"},{"taxonomy":"product_tag","embeddable":true,"href":"https:\/\/previntegral.com\/es\/wp-json\/wp\/v2\/product_tag?post=3723"}],"curies":[{"name":"WordPress","href":"https:\/\/api.w.org\/{rel}","templated":true}]}}