{"id":3729,"date":"2025-12-03T14:59:06","date_gmt":"2025-12-03T14:59:06","guid":{"rendered":"https:\/\/previntegral.com\/producto\/treballs-especifics-dexecucio-de-tunels-i-sosteniment-de-les-excavacions-subterranies-i-els-talussos\/"},"modified":"2026-03-16T18:32:31","modified_gmt":"2026-03-16T18:32:31","slug":"treballs-especifics-dexecucio-de-tunels-i-sosteniment-de-les-excavacions-subterranies-i-els-talussos","status":"publish","type":"product","link":"https:\/\/previntegral.com\/es\/producto\/treballs-especifics-dexecucio-de-tunels-i-sosteniment-de-les-excavacions-subterranies-i-els-talussos\/","title":{"rendered":"Trabajos espec\u00edficos de ejecuci\u00f3n de t\u00faneles y sostenimiento de las excavaciones subterr\u00e1neas y los taludes"},"content":{"rendered":"<p>Aquest curs presencial de 20 hores \u00e9s imprescindible per a tots els professionals del sector de la construcci\u00f3 que realitzen treballs espec\u00edfics d&#8217;execuci\u00f3 de t\u00fanels i sosteniment d&#8217;excavacions subterr\u00e0nies i talussos. Adaptat estrictament al <strong>conveni col\u00b7lectiu del sector construcci\u00f3<\/strong>, ofereix la formaci\u00f3 obligat\u00f2ria en <strong>prevenci\u00f3n de riesgos laborales<\/strong> relacionada amb aquest tipus de tasques. A trav\u00e9s d\u2019un enfocament pr\u00e0ctic i segur, el curs permet adquirir les <strong>competencias y habilidades<\/strong> necess\u00e0ries per garantir una execuci\u00f3 efica\u00e7 i respectuosa amb les normes vigents. \u00c9s una oportunitat perqu\u00e8 els treballadors assoleixin la certificaci\u00f3 adequada, facilitant la seva integraci\u00f3 en obres soterrades amb plena confian\u00e7a i responsabilitat. A m\u00e9s, s\u2019hi treballen aspectes clau com la identificaci\u00f3 i gesti\u00f3 de riscos, aix\u00ed com l\u2019\u00fas correcte dels equips de protecci\u00f3 <strong>individuals i col\u00b7lectius<\/strong>, promovent una cultura de prevenci\u00f3 i seguretat fonamental en aquest \u00e0mbit laboral.<\/p>","protected":false},"excerpt":{"rendered":"<p>Aquest curs presencial de 20 hores \u00e9s imprescindible per a tots els professionals del sector de la construcci\u00f3 que realitzen treballs espec\u00edfics d&#8217;execuci\u00f3 de t\u00fanels i sosteniment d&#8217;excavacions subterr\u00e0nies i talussos. Adaptat estrictament al conveni col\u00b7lectiu del sector construcci\u00f3, ofereix la formaci\u00f3 obligat\u00f2ria en prevenci\u00f3 de riscos laborals relacionada amb aquest tipus de tasques. A [&hellip;]<\/p>\n","protected":false},"featured_media":3731,"comment_status":"open","ping_status":"closed","template":"","meta":{"_acf_changed":false},"product_brand":[],"product_cat":[38],"product_tag":[],"class_list":{"0":"post-3729","1":"product","2":"type-product","3":"status-publish","4":"has-post-thumbnail","6":"product_cat-construccio","8":"first","9":"instock","10":"virtual","11":"taxable","12":"purchasable","13":"product-type-curso"},"acf":[],"precio_regular_curso":340.01,"precio_bonificado_curso":358.16,"_links":{"self":[{"href":"https:\/\/previntegral.com\/es\/wp-json\/wp\/v2\/product\/3729","targetHints":{"allow":["GET"]}}],"collection":[{"href":"https:\/\/previntegral.com\/es\/wp-json\/wp\/v2\/product"}],"about":[{"href":"https:\/\/previntegral.com\/es\/wp-json\/wp\/v2\/types\/product"}],"replies":[{"embeddable":true,"href":"https:\/\/previntegral.com\/es\/wp-json\/wp\/v2\/comments?post=3729"}],"wp:featuredmedia":[{"embeddable":true,"href":"https:\/\/previntegral.com\/es\/wp-json\/wp\/v2\/media\/3731"}],"wp:attachment":[{"href":"https:\/\/previntegral.com\/es\/wp-json\/wp\/v2\/media?parent=3729"}],"wp:term":[{"taxonomy":"product_brand","embeddable":true,"href":"https:\/\/previntegral.com\/es\/wp-json\/wp\/v2\/product_brand?post=3729"},{"taxonomy":"product_cat","embeddable":true,"href":"https:\/\/previntegral.com\/es\/wp-json\/wp\/v2\/product_cat?post=3729"},{"taxonomy":"product_tag","embeddable":true,"href":"https:\/\/previntegral.com\/es\/wp-json\/wp\/v2\/product_tag?post=3729"}],"curies":[{"name":"WordPress","href":"https:\/\/api.w.org\/{rel}","templated":true}]}}