{"id":3732,"date":"2025-12-03T14:59:28","date_gmt":"2025-12-03T14:59:28","guid":{"rendered":"https:\/\/previntegral.com\/producto\/treballs-maritims\/"},"modified":"2026-03-16T18:32:31","modified_gmt":"2026-03-16T18:32:31","slug":"treballs-maritims","status":"publish","type":"product","link":"https:\/\/previntegral.com\/es\/producto\/treballs-maritims\/","title":{"rendered":"Trabajos mar\u00edtimos"},"content":{"rendered":"<p>Si treballes o vols entrar en el sector de la construcci\u00f3, \u00e9s fonamental comptar amb una s\u00f2lida formaci\u00f3 en <strong>prevenci\u00f3n de riesgos laborales<\/strong>, una exig\u00e8ncia legal que vetlla per la teva seguretat i la de tot l\u2019equip. Aquest curs de Treballs mar\u00edtims, impartit en modalitat <strong>presencial<\/strong>, tiene una duraci\u00f3n de <strong>20 horas<\/strong> i es divideix en una part comuna o troncal m\u00e9s una especialitat que s\u2019adapta a les necessitats espec\u00edfiques del teu ofici. Amb aquesta formaci\u00f3, que est\u00e0 homologada per la Fundaci\u00f3 Laboral de la Construcci\u00f3, adquirir\u00e0s les <strong>habilitats i compet\u00e8ncies<\/strong> necess\u00e0ries per desenvolupar-te amb garanties en qualsevol obra del sector, sempre complint amb el que estableix el <strong>Convenio colectivo para el sector de la construcci\u00f3n<\/strong>. Aix\u00ed, podr\u00e0s treballar amb m\u00e9s efic\u00e0cia i seguretat, reduint riscos i millorant la qualitat del teu entorn laboral.<\/p>","protected":false},"excerpt":{"rendered":"<p>Si treballes o vols entrar en el sector de la construcci\u00f3, \u00e9s fonamental comptar amb una s\u00f2lida formaci\u00f3 en prevenci\u00f3 de riscos laborals, una exig\u00e8ncia legal que vetlla per la teva seguretat i la de tot l\u2019equip. Aquest curs de Treballs mar\u00edtims, impartit en modalitat presencial, t\u00e9 una durada de 20 hores i es divideix [&hellip;]<\/p>\n","protected":false},"featured_media":3734,"comment_status":"open","ping_status":"closed","template":"","meta":{"_acf_changed":false},"product_brand":[],"product_cat":[38],"product_tag":[],"class_list":{"0":"post-3732","1":"product","2":"type-product","3":"status-publish","4":"has-post-thumbnail","6":"product_cat-construccio","8":"first","9":"instock","10":"virtual","11":"taxable","12":"purchasable","13":"product-type-curso"},"acf":[],"precio_regular_curso":340.01,"precio_bonificado_curso":358.16,"_links":{"self":[{"href":"https:\/\/previntegral.com\/es\/wp-json\/wp\/v2\/product\/3732","targetHints":{"allow":["GET"]}}],"collection":[{"href":"https:\/\/previntegral.com\/es\/wp-json\/wp\/v2\/product"}],"about":[{"href":"https:\/\/previntegral.com\/es\/wp-json\/wp\/v2\/types\/product"}],"replies":[{"embeddable":true,"href":"https:\/\/previntegral.com\/es\/wp-json\/wp\/v2\/comments?post=3732"}],"wp:featuredmedia":[{"embeddable":true,"href":"https:\/\/previntegral.com\/es\/wp-json\/wp\/v2\/media\/3734"}],"wp:attachment":[{"href":"https:\/\/previntegral.com\/es\/wp-json\/wp\/v2\/media?parent=3732"}],"wp:term":[{"taxonomy":"product_brand","embeddable":true,"href":"https:\/\/previntegral.com\/es\/wp-json\/wp\/v2\/product_brand?post=3732"},{"taxonomy":"product_cat","embeddable":true,"href":"https:\/\/previntegral.com\/es\/wp-json\/wp\/v2\/product_cat?post=3732"},{"taxonomy":"product_tag","embeddable":true,"href":"https:\/\/previntegral.com\/es\/wp-json\/wp\/v2\/product_tag?post=3732"}],"curies":[{"name":"WordPress","href":"https:\/\/api.w.org\/{rel}","templated":true}]}}