{"id":3735,"date":"2025-12-03T14:59:58","date_gmt":"2025-12-03T14:59:58","guid":{"rendered":"https:\/\/previntegral.com\/producto\/especialitat-en-col%c2%b7locacio-de-materials-de-cobriment\/"},"modified":"2026-03-16T18:32:31","modified_gmt":"2026-03-16T18:32:31","slug":"especialidad-en-la-colocacion-de-materiales-de-revestimiento","status":"publish","type":"product","link":"https:\/\/previntegral.com\/es\/producto\/especialitat-en-col%c2%b7locacio-de-materials-de-cobriment\/","title":{"rendered":"Especializados en la colocaci\u00f3n de materiales de revestimiento."},"content":{"rendered":"<p>Si trabajas en el sector de la construcci\u00f3n y quieres especializarte en la <strong>Colocaci\u00f3n de materiales de recubrimiento<\/strong>, Este curso presencial de seis horas est\u00e1 dise\u00f1ado para ti. Esta formaci\u00f3n se adapta a las obligaciones establecidas por la <strong>Convenio colectivo para el sector de la construcci\u00f3n<\/strong> y de conformidad con la normativa vigente, asegur\u00e1ndose de que adquiere el <strong>Competencias clave<\/strong> para llevar a cabo la instalaci\u00f3n de materiales con la m\u00e1xima <strong>seguridad<\/strong> i <strong>eficiencia<\/strong>. Con una metodolog\u00eda pr\u00e1ctica orientada a las necesidades reales del proyecto, el curso combina contenidos b\u00e1sicos y espec\u00edficos para que puedas llevar a cabo tus tareas con confianza. Tambi\u00e9n pone especial \u00e9nfasis en el <strong>prevenci\u00f3n de riesgos laborales<\/strong>, esencial para garantizar un entorno seguro en el lugar de trabajo. Esta formaci\u00f3n presencial es ideal para mejorar su preparaci\u00f3n profesional y cumplir con los requisitos del sector.<\/p>","protected":false},"excerpt":{"rendered":"<p>Si treballes en el sector de la construcci\u00f3 i vols especialitzar-te en la col\u00b7locaci\u00f3 de materials de cobriment, aquest curs presencial de 6 hores est\u00e0 dissenyat per a tu. Aquesta formaci\u00f3 s&#8217;adapta a les obligacions establertes pel conveni col\u00b7lectiu del sector de la construcci\u00f3 i a la normativa vigent, garantint que adquireixis les compet\u00e8ncies clau [&hellip;]<\/p>\n","protected":false},"featured_media":3737,"comment_status":"open","ping_status":"closed","template":"","meta":{"_acf_changed":false},"product_brand":[],"product_cat":[38],"product_tag":[],"class_list":{"0":"post-3735","1":"product","2":"type-product","3":"status-publish","4":"has-post-thumbnail","6":"product_cat-construccio","8":"first","9":"instock","10":"virtual","11":"taxable","12":"purchasable","13":"product-type-curso"},"acf":[],"precio_regular_curso":150.04,"precio_bonificado_curso":157.3,"_links":{"self":[{"href":"https:\/\/previntegral.com\/es\/wp-json\/wp\/v2\/product\/3735","targetHints":{"allow":["GET"]}}],"collection":[{"href":"https:\/\/previntegral.com\/es\/wp-json\/wp\/v2\/product"}],"about":[{"href":"https:\/\/previntegral.com\/es\/wp-json\/wp\/v2\/types\/product"}],"replies":[{"embeddable":true,"href":"https:\/\/previntegral.com\/es\/wp-json\/wp\/v2\/comments?post=3735"}],"wp:featuredmedia":[{"embeddable":true,"href":"https:\/\/previntegral.com\/es\/wp-json\/wp\/v2\/media\/3737"}],"wp:attachment":[{"href":"https:\/\/previntegral.com\/es\/wp-json\/wp\/v2\/media?parent=3735"}],"wp:term":[{"taxonomy":"product_brand","embeddable":true,"href":"https:\/\/previntegral.com\/es\/wp-json\/wp\/v2\/product_brand?post=3735"},{"taxonomy":"product_cat","embeddable":true,"href":"https:\/\/previntegral.com\/es\/wp-json\/wp\/v2\/product_cat?post=3735"},{"taxonomy":"product_tag","embeddable":true,"href":"https:\/\/previntegral.com\/es\/wp-json\/wp\/v2\/product_tag?post=3735"}],"curies":[{"name":"WordPress","href":"https:\/\/api.w.org\/{rel}","templated":true}]}}