{"id":3738,"date":"2025-12-03T15:00:19","date_gmt":"2025-12-03T15:00:19","guid":{"rendered":"https:\/\/previntegral.com\/producto\/especialitat-en-construccio-i-manteniment-de-vies-ferries\/"},"modified":"2026-03-16T18:32:31","modified_gmt":"2026-03-16T18:32:31","slug":"especializados-en-la-construccion-y-mantenimiento-de-lineas-ferroviarias","status":"publish","type":"product","link":"https:\/\/previntegral.com\/es\/producto\/especialitat-en-construccio-i-manteniment-de-vies-ferries\/","title":{"rendered":"Especialista en la construcci\u00f3n y mantenimiento de v\u00edas f\u00e9rreas."},"content":{"rendered":"<p>Este curso presencial de 6 horas est\u00e1 dise\u00f1ado espec\u00edficamente para profesionales del sector de la construcci\u00f3n que trabajan en el <strong>Construcci\u00f3n y mantenimiento de l\u00edneas ferroviarias<\/strong>. Con la formaci\u00f3n acreditada por la Fundaci\u00f3n para el Trabajo en la Construcci\u00f3n, garantizar\u00e1 el cumplimiento de la <strong>obligaciones de formaci\u00f3n<\/strong> establecido por el convenio colectivo sectorial. La propuesta combina conocimientos sobre <strong>prevenci\u00f3n de riesgos laborales<\/strong> con el <strong>t\u00e9cnicas y procedimientos espec\u00edficos<\/strong> necesario para realizar el trabajo de forma segura y eficiente. Este curso presencial es una oportunidad para adquirir los <strong>Habilidades profesionales<\/strong> que le permitir\u00e1 trabajar de forma responsable en un entorno tan delicado como el de las v\u00edas f\u00e9rreas, cumpliendo con la normativa vigente y garantizando su propio bienestar y el de sus compa\u00f1eros. Se trata, por tanto, de un curso de formaci\u00f3n clave para cualquiera que desee mantenerse al d\u00eda y garantizar un entorno de trabajo seguro y eficiente dentro del sector de la construcci\u00f3n.<\/p>","protected":false},"excerpt":{"rendered":"<p>Aquest curs presencial de 6 hores est\u00e0 dissenyat espec\u00edficament per als professionals del sector de la construcci\u00f3 que treballen en la construcci\u00f3 i manteniment de vies f\u00e8rries. Amb una formaci\u00f3 homologada per la Fundaci\u00f3 Laboral de la Construcci\u00f3, garantir\u00e0s el compliment de les obligacions formatives establertes pel conveni col\u00b7lectiu del sector. La proposta combina coneixements [&hellip;]<\/p>\n","protected":false},"featured_media":3740,"comment_status":"open","ping_status":"closed","template":"","meta":{"_acf_changed":false},"product_brand":[],"product_cat":[38],"product_tag":[],"class_list":{"0":"post-3738","1":"product","2":"type-product","3":"status-publish","4":"has-post-thumbnail","6":"product_cat-construccio","8":"first","9":"instock","10":"virtual","11":"taxable","12":"purchasable","13":"product-type-curso"},"acf":[],"precio_regular_curso":150.04,"precio_bonificado_curso":157.3,"_links":{"self":[{"href":"https:\/\/previntegral.com\/es\/wp-json\/wp\/v2\/product\/3738","targetHints":{"allow":["GET"]}}],"collection":[{"href":"https:\/\/previntegral.com\/es\/wp-json\/wp\/v2\/product"}],"about":[{"href":"https:\/\/previntegral.com\/es\/wp-json\/wp\/v2\/types\/product"}],"replies":[{"embeddable":true,"href":"https:\/\/previntegral.com\/es\/wp-json\/wp\/v2\/comments?post=3738"}],"wp:featuredmedia":[{"embeddable":true,"href":"https:\/\/previntegral.com\/es\/wp-json\/wp\/v2\/media\/3740"}],"wp:attachment":[{"href":"https:\/\/previntegral.com\/es\/wp-json\/wp\/v2\/media?parent=3738"}],"wp:term":[{"taxonomy":"product_brand","embeddable":true,"href":"https:\/\/previntegral.com\/es\/wp-json\/wp\/v2\/product_brand?post=3738"},{"taxonomy":"product_cat","embeddable":true,"href":"https:\/\/previntegral.com\/es\/wp-json\/wp\/v2\/product_cat?post=3738"},{"taxonomy":"product_tag","embeddable":true,"href":"https:\/\/previntegral.com\/es\/wp-json\/wp\/v2\/product_tag?post=3738"}],"curies":[{"name":"WordPress","href":"https:\/\/api.w.org\/{rel}","templated":true}]}}