{"id":3741,"date":"2025-12-03T15:00:58","date_gmt":"2025-12-03T15:00:58","guid":{"rendered":"https:\/\/previntegral.com\/producto\/especialitat-en-electricitat-muntatge-i-manteniment-dinstal%c2%b7lacions-electriques-dalta-i-baixa-tensio\/"},"modified":"2026-03-16T18:32:31","modified_gmt":"2026-03-16T18:32:31","slug":"especializados-en-la-instalacion-y-mantenimiento-de-instalaciones-electricas-de-alta-y-baja-tension-2","status":"publish","type":"product","link":"https:\/\/previntegral.com\/es\/producto\/especialitat-en-electricitat-muntatge-i-manteniment-dinstal%c2%b7lacions-electriques-dalta-i-baixa-tensio\/","title":{"rendered":"Especializados en la instalaci\u00f3n y mantenimiento de sistemas el\u00e9ctricos de alta y baja tensi\u00f3n."},"content":{"rendered":"<p>Este curso presencial de 6 horas de duraci\u00f3n en <strong>Montaje y mantenimiento de instalaciones el\u00e9ctricas de alta y baja tensi\u00f3n.<\/strong> est\u00e1 dise\u00f1ado espec\u00edficamente para los trabajadores del sector de la construcci\u00f3n que deben cumplir con los requisitos de formaci\u00f3n establecidos en el <strong>Convenio colectivo para el sector de la construcci\u00f3n<\/strong>. A trav\u00e9s de la formaci\u00f3n pr\u00e1ctica y te\u00f3rica, los estudiantes aprender\u00e1n a llevar a cabo con <strong>seguridad y eficiencia<\/strong> Las tareas relacionadas con la instalaci\u00f3n, inspecci\u00f3n y mantenimiento de instalaciones el\u00e9ctricas, adaptadas a los requisitos tanto de alta como de baja tensi\u00f3n. Esta especializaci\u00f3n es impartida por un centro acreditado por el <strong>Fundaci\u00f3n Laboral de la Construcci\u00f3n<\/strong>, Garantiza la validez y calidad de la formaci\u00f3n, promoviendo la profesionalizaci\u00f3n y el perfeccionamiento de los trabajadores en su oficio. La modalidad exclusiva <strong>presencial<\/strong> Permite una experiencia formativa directa adaptada a las realidades del sector.<\/p>","protected":false},"excerpt":{"rendered":"<p>Aquest curs presencial de 6 hores en Electricitat muntatge i manteniment d\u2019instal\u00b7lacions el\u00e8ctriques d\u2019alta i baixa tensi\u00f3 est\u00e0 dissenyat especialment per a treballadors del sector de la construcci\u00f3 que han de complir amb les obligacions formatives establertes en el Conveni Col\u00b7lectiu del Sector de la Construcci\u00f3. A trav\u00e9s d\u2019una formaci\u00f3 pr\u00e0ctica i te\u00f2rica, els alumnes [&hellip;]<\/p>\n","protected":false},"featured_media":3743,"comment_status":"open","ping_status":"closed","template":"","meta":{"_acf_changed":false},"product_brand":[],"product_cat":[38],"product_tag":[],"class_list":{"0":"post-3741","1":"product","2":"type-product","3":"status-publish","4":"has-post-thumbnail","6":"product_cat-construccio","8":"first","9":"instock","10":"virtual","11":"taxable","12":"purchasable","13":"product-type-curso"},"acf":[],"precio_regular_curso":150.04,"precio_bonificado_curso":157.3,"_links":{"self":[{"href":"https:\/\/previntegral.com\/es\/wp-json\/wp\/v2\/product\/3741","targetHints":{"allow":["GET"]}}],"collection":[{"href":"https:\/\/previntegral.com\/es\/wp-json\/wp\/v2\/product"}],"about":[{"href":"https:\/\/previntegral.com\/es\/wp-json\/wp\/v2\/types\/product"}],"replies":[{"embeddable":true,"href":"https:\/\/previntegral.com\/es\/wp-json\/wp\/v2\/comments?post=3741"}],"wp:featuredmedia":[{"embeddable":true,"href":"https:\/\/previntegral.com\/es\/wp-json\/wp\/v2\/media\/3743"}],"wp:attachment":[{"href":"https:\/\/previntegral.com\/es\/wp-json\/wp\/v2\/media?parent=3741"}],"wp:term":[{"taxonomy":"product_brand","embeddable":true,"href":"https:\/\/previntegral.com\/es\/wp-json\/wp\/v2\/product_brand?post=3741"},{"taxonomy":"product_cat","embeddable":true,"href":"https:\/\/previntegral.com\/es\/wp-json\/wp\/v2\/product_cat?post=3741"},{"taxonomy":"product_tag","embeddable":true,"href":"https:\/\/previntegral.com\/es\/wp-json\/wp\/v2\/product_tag?post=3741"}],"curies":[{"name":"WordPress","href":"https:\/\/api.w.org\/{rel}","templated":true}]}}