{"id":3744,"date":"2025-12-03T15:01:28","date_gmt":"2025-12-03T15:01:28","guid":{"rendered":"https:\/\/previntegral.com\/producto\/especialitat-en-encofrats\/"},"modified":"2026-03-16T18:32:31","modified_gmt":"2026-03-16T18:32:31","slug":"especialidad-en-encofrados","status":"publish","type":"product","link":"https:\/\/previntegral.com\/es\/producto\/especialitat-en-encofrats\/","title":{"rendered":"Especializados en encofrados"},"content":{"rendered":"<p>Si trabajas en el sector de la construcci\u00f3n o tienes pensado hacerlo, es imprescindible tener uno. <strong>Formaci\u00f3n espec\u00edfica en prevenci\u00f3n de riesgos laborales.<\/strong>, especialmente para actividades como la\u2019<strong>con marco cerrado<\/strong>. Este curso de 6 horas, impartido de manera <strong>presencial<\/strong>, se adapta a las exigencias de <strong>Convenio colectivo para el sector de la construcci\u00f3n<\/strong>, ofreciendo una formaci\u00f3n integral que combina el componente com\u00fan con contenidos espec\u00edficos para encofrados. Durante el curso, los participantes ampliar\u00e1n sus <strong>Habilidades y conocimientos t\u00e9cnicos<\/strong>, facilit\u00e1ndoles el desempe\u00f1o pleno de sus funciones. <strong>seguridad y eficacia<\/strong>. Adem\u00e1s, esta formaci\u00f3n, que se imparte en un centro certificado por la <strong>Fundaci\u00f3n Laboral de la Construcci\u00f3n<\/strong>, Garantiza el cumplimiento de las obligaciones de formaci\u00f3n y mejora la capacidad de trabajar de manera coordinada dentro de la normativa del sector.<\/p>","protected":false},"excerpt":{"rendered":"<p>Si treballes en el sector de la construcci\u00f3 o tens previst fer-ho, \u00e9s imprescindible comptar amb una formaci\u00f3 espec\u00edfica en prevenci\u00f3 de riscos laborals, especialment per a activitats com l\u2019enco-frat. Aquest curs, de 6 hores i impartit de manera presencial, s\u2019adapta a les exig\u00e8ncies del Conven\u00ed Col\u00b7lectiu del Sector de la Construcci\u00f3, oferint una formaci\u00f3 [&hellip;]<\/p>\n","protected":false},"featured_media":3746,"comment_status":"open","ping_status":"closed","template":"","meta":{"_acf_changed":false},"product_brand":[],"product_cat":[38],"product_tag":[],"class_list":{"0":"post-3744","1":"product","2":"type-product","3":"status-publish","4":"has-post-thumbnail","6":"product_cat-construccio","8":"first","9":"instock","10":"virtual","11":"taxable","12":"purchasable","13":"product-type-curso"},"acf":[],"precio_regular_curso":150.04,"precio_bonificado_curso":157.3,"_links":{"self":[{"href":"https:\/\/previntegral.com\/es\/wp-json\/wp\/v2\/product\/3744","targetHints":{"allow":["GET"]}}],"collection":[{"href":"https:\/\/previntegral.com\/es\/wp-json\/wp\/v2\/product"}],"about":[{"href":"https:\/\/previntegral.com\/es\/wp-json\/wp\/v2\/types\/product"}],"replies":[{"embeddable":true,"href":"https:\/\/previntegral.com\/es\/wp-json\/wp\/v2\/comments?post=3744"}],"wp:featuredmedia":[{"embeddable":true,"href":"https:\/\/previntegral.com\/es\/wp-json\/wp\/v2\/media\/3746"}],"wp:attachment":[{"href":"https:\/\/previntegral.com\/es\/wp-json\/wp\/v2\/media?parent=3744"}],"wp:term":[{"taxonomy":"product_brand","embeddable":true,"href":"https:\/\/previntegral.com\/es\/wp-json\/wp\/v2\/product_brand?post=3744"},{"taxonomy":"product_cat","embeddable":true,"href":"https:\/\/previntegral.com\/es\/wp-json\/wp\/v2\/product_cat?post=3744"},{"taxonomy":"product_tag","embeddable":true,"href":"https:\/\/previntegral.com\/es\/wp-json\/wp\/v2\/product_tag?post=3744"}],"curies":[{"name":"WordPress","href":"https:\/\/api.w.org\/{rel}","templated":true}]}}