{"id":3747,"date":"2025-12-03T15:01:53","date_gmt":"2025-12-03T15:01:53","guid":{"rendered":"https:\/\/previntegral.com\/producto\/especialitat-en-ferralla\/"},"modified":"2026-03-16T18:32:31","modified_gmt":"2026-03-16T18:32:31","slug":"especialidad-en-chatarra","status":"publish","type":"product","link":"https:\/\/previntegral.com\/es\/producto\/especialitat-en-ferralla\/","title":{"rendered":"Especializados en ferreter\u00eda"},"content":{"rendered":"<p>Si trabajas en el sector de la construcci\u00f3n y quieres garantizar la seguridad en la obra, este curso presencial de 6 horas de duraci\u00f3n de <strong>chatarra<\/strong> es la formaci\u00f3n que necesitas. Desarrollada espec\u00edficamente para cumplir con la <strong>obligaciones de formaci\u00f3n<\/strong> establecido por el Convenio Colectivo del Sector de la Construcci\u00f3n, ofrece una combinaci\u00f3n de conocimientos generales y especializados para los trabajadores del hierro. Durante el curso, adquirir\u00e1s los <strong>competencias<\/strong> esencial para llevar a cabo tus tareas con <strong>eficiencia<\/strong> y dentro de los est\u00e1ndares de la legislaci\u00f3n vigente en <strong>prevenci\u00f3n de riesgos laborales<\/strong>. Impartida por Previntegral, centro acreditado por la Fundaci\u00f3n para la Seguridad y la Salud en la Construcci\u00f3n, esta formaci\u00f3n te ayudar\u00e1 a cumplir los requisitos necesarios para trabajar en el sector de la construcci\u00f3n, mejorando la seguridad y reduciendo la probabilidad de accidentes en un entorno complejo y exigente.<\/p>","protected":false},"excerpt":{"rendered":"<p>Si treballes en el sector de la construcci\u00f3 i vols garantir la seguretat en obra, aquest curs presencial de 6 hores de ferralla \u00e9s la formaci\u00f3 que necessites. Desenvolupat espec\u00edficament per complir amb les obligacions formatives establertes pel Conveni Col\u00b7lectiu del Sector de la Construcci\u00f3, ofereix una combinaci\u00f3 de coneixements generals i especialitzats per a [&hellip;]<\/p>\n","protected":false},"featured_media":3749,"comment_status":"open","ping_status":"closed","template":"","meta":{"_acf_changed":false},"product_brand":[],"product_cat":[38],"product_tag":[],"class_list":{"0":"post-3747","1":"product","2":"type-product","3":"status-publish","4":"has-post-thumbnail","6":"product_cat-construccio","8":"first","9":"instock","10":"virtual","11":"taxable","12":"purchasable","13":"product-type-curso"},"acf":[],"precio_regular_curso":150.04,"precio_bonificado_curso":157.3,"_links":{"self":[{"href":"https:\/\/previntegral.com\/es\/wp-json\/wp\/v2\/product\/3747","targetHints":{"allow":["GET"]}}],"collection":[{"href":"https:\/\/previntegral.com\/es\/wp-json\/wp\/v2\/product"}],"about":[{"href":"https:\/\/previntegral.com\/es\/wp-json\/wp\/v2\/types\/product"}],"replies":[{"embeddable":true,"href":"https:\/\/previntegral.com\/es\/wp-json\/wp\/v2\/comments?post=3747"}],"wp:featuredmedia":[{"embeddable":true,"href":"https:\/\/previntegral.com\/es\/wp-json\/wp\/v2\/media\/3749"}],"wp:attachment":[{"href":"https:\/\/previntegral.com\/es\/wp-json\/wp\/v2\/media?parent=3747"}],"wp:term":[{"taxonomy":"product_brand","embeddable":true,"href":"https:\/\/previntegral.com\/es\/wp-json\/wp\/v2\/product_brand?post=3747"},{"taxonomy":"product_cat","embeddable":true,"href":"https:\/\/previntegral.com\/es\/wp-json\/wp\/v2\/product_cat?post=3747"},{"taxonomy":"product_tag","embeddable":true,"href":"https:\/\/previntegral.com\/es\/wp-json\/wp\/v2\/product_tag?post=3747"}],"curies":[{"name":"WordPress","href":"https:\/\/api.w.org\/{rel}","templated":true}]}}