{"id":3750,"date":"2025-12-03T15:02:29","date_gmt":"2025-12-03T15:02:29","guid":{"rendered":"https:\/\/previntegral.com\/producto\/especialitat-en-fonaments-especials-sondatges-i-perforacions\/"},"modified":"2026-03-16T18:32:31","modified_gmt":"2026-03-16T18:32:31","slug":"especialidad-en-cimentaciones-especiales-sondeos-y-perforaciones","status":"publish","type":"product","link":"https:\/\/previntegral.com\/es\/producto\/especialitat-en-fonaments-especials-sondatges-i-perforacions\/","title":{"rendered":"Especialidad en cimentaciones especiales, pilotaje y perforaci\u00f3n."},"content":{"rendered":"<p>Si trabajas en el sector de la construcci\u00f3n y deseas ampliar tus habilidades profesionales, este curso presencial de 6 horas sobre <strong>Cimentaciones especiales, sondeos y perforaciones.<\/strong> Es justo lo que necesitas. Dirigido a los empleados de empresas que entran dentro del <strong>Convenio colectivo para el sector de la construcci\u00f3n<\/strong>, La formaci\u00f3n cubre las necesidades formativas para garantizar la correcta ejecuci\u00f3n de las tareas relacionadas con estas t\u00e9cnicas espec\u00edficas. Con un enfoque pr\u00e1ctico y te\u00f3rico, garantiza que los participantes adquieran las habilidades necesarias para trabajar seg\u00fan los criterios establecidos. <strong>Seguridad y prevenci\u00f3n de riesgos laborales<\/strong>. Adem\u00e1s, este curso es esencial para completar la parte de\u2019<strong>especialidad<\/strong> Obligatorio para trabajar en obras de construcci\u00f3n que impliquen procesos de perforaci\u00f3n y sondeo. Impartido por un centro acreditado por la Fundaci\u00f3n para el Trabajo en la Construcci\u00f3n, ofrece una metodolog\u00eda actualizada que prioriza la calidad y la profesionalizaci\u00f3n dentro del sector.<\/p>","protected":false},"excerpt":{"rendered":"<p>Si treballes en el sector de la construcci\u00f3 i vols ampliar les teves compet\u00e8ncies professionals, aquest curs presencial de 6 hores sobre fonaments especials, sondatges i perforacions \u00e9s just el que necessites. Adre\u00e7at a treballadors d\u2019empreses que s\u2019emmarquen dins el Conveni Col\u00b7lectiu del Sector de la Construcci\u00f3, la formaci\u00f3 cobreix les necessitats formatives per garantir [&hellip;]<\/p>\n","protected":false},"featured_media":3752,"comment_status":"open","ping_status":"closed","template":"","meta":{"_acf_changed":false},"product_brand":[],"product_cat":[38],"product_tag":[],"class_list":{"0":"post-3750","1":"product","2":"type-product","3":"status-publish","4":"has-post-thumbnail","6":"product_cat-construccio","8":"first","9":"instock","10":"virtual","11":"taxable","12":"purchasable","13":"product-type-curso"},"acf":[],"precio_regular_curso":150.04,"precio_bonificado_curso":157.3,"_links":{"self":[{"href":"https:\/\/previntegral.com\/es\/wp-json\/wp\/v2\/product\/3750","targetHints":{"allow":["GET"]}}],"collection":[{"href":"https:\/\/previntegral.com\/es\/wp-json\/wp\/v2\/product"}],"about":[{"href":"https:\/\/previntegral.com\/es\/wp-json\/wp\/v2\/types\/product"}],"replies":[{"embeddable":true,"href":"https:\/\/previntegral.com\/es\/wp-json\/wp\/v2\/comments?post=3750"}],"wp:featuredmedia":[{"embeddable":true,"href":"https:\/\/previntegral.com\/es\/wp-json\/wp\/v2\/media\/3752"}],"wp:attachment":[{"href":"https:\/\/previntegral.com\/es\/wp-json\/wp\/v2\/media?parent=3750"}],"wp:term":[{"taxonomy":"product_brand","embeddable":true,"href":"https:\/\/previntegral.com\/es\/wp-json\/wp\/v2\/product_brand?post=3750"},{"taxonomy":"product_cat","embeddable":true,"href":"https:\/\/previntegral.com\/es\/wp-json\/wp\/v2\/product_cat?post=3750"},{"taxonomy":"product_tag","embeddable":true,"href":"https:\/\/previntegral.com\/es\/wp-json\/wp\/v2\/product_tag?post=3750"}],"curies":[{"name":"WordPress","href":"https:\/\/api.w.org\/{rel}","templated":true}]}}