{"id":3753,"date":"2025-12-03T15:03:03","date_gmt":"2025-12-03T15:03:03","guid":{"rendered":"https:\/\/previntegral.com\/producto\/especialitat-en-fontaneria-i-instalacions-de-climatitzacio\/"},"modified":"2026-03-16T18:32:31","modified_gmt":"2026-03-16T18:32:31","slug":"especializados-en-instalaciones-de-fontaneria-y-aire-acondicionado","status":"publish","type":"product","link":"https:\/\/previntegral.com\/es\/producto\/especialitat-en-fontaneria-i-instalacions-de-climatitzacio\/","title":{"rendered":"Especializados en instalaciones de fontaner\u00eda y climatizaci\u00f3n."},"content":{"rendered":"<p>Este curso de 6 horas, impartido en un <strong>presencial<\/strong>, est\u00e1 dise\u00f1ado para profesionales de la construcci\u00f3n que desean especializarse en <strong>Instalaciones de fontaner\u00eda y climatizaci\u00f3n<\/strong>. La formaci\u00f3n ofrece una combinaci\u00f3n equilibrada entre la parte com\u00fan de <strong>prevenci\u00f3n de riesgos laborales<\/strong> y los conocimientos t\u00e9cnicos espec\u00edficos necesarios para desempe\u00f1ar las funciones de forma segura y con un alto nivel de calidad. Con este curso, podr\u00e1 garantizar el cumplimiento de las obligaciones de formaci\u00f3n establecidas por la <strong>Convenio colectivo para el sector de la construcci\u00f3n<\/strong>, adquiriendo las habilidades necesarias para trabajar de acuerdo con la normativa vigente y los requisitos de la obra. Est\u00e1 dise\u00f1ado para trabajadores de empresas del sector que deseen acreditar su <strong>Habilidades profesionales<\/strong> y seguridad, con el apoyo de un centro acreditado por la Fundaci\u00f3n para la Seguridad y la Salud en la Construcci\u00f3n, lo que garantiza una formaci\u00f3n fiable y actualizada.<\/p>","protected":false},"excerpt":{"rendered":"<p>Aquest curs de 6 hores, impartit en modalitat presencial, est\u00e0 dissenyat per a professionals del sector construcci\u00f3 que volen especialitzar-se en fontaneria i instal\u00b7lacions de climatitzaci\u00f3. La formaci\u00f3 ofereix una combinaci\u00f3 equilibrada entre la part comuna de prevenci\u00f3 de riscos laborals i els coneixements t\u00e8cnics espec\u00edfics necessaris per desenvolupar les funcions amb seguretat i qualitat. [&hellip;]<\/p>\n","protected":false},"featured_media":3755,"comment_status":"open","ping_status":"closed","template":"","meta":{"_acf_changed":false},"product_brand":[],"product_cat":[38],"product_tag":[],"class_list":{"0":"post-3753","1":"product","2":"type-product","3":"status-publish","4":"has-post-thumbnail","6":"product_cat-construccio","8":"first","9":"instock","10":"virtual","11":"taxable","12":"purchasable","13":"product-type-curso"},"acf":[],"precio_regular_curso":150.04,"precio_bonificado_curso":157.3,"_links":{"self":[{"href":"https:\/\/previntegral.com\/es\/wp-json\/wp\/v2\/product\/3753","targetHints":{"allow":["GET"]}}],"collection":[{"href":"https:\/\/previntegral.com\/es\/wp-json\/wp\/v2\/product"}],"about":[{"href":"https:\/\/previntegral.com\/es\/wp-json\/wp\/v2\/types\/product"}],"replies":[{"embeddable":true,"href":"https:\/\/previntegral.com\/es\/wp-json\/wp\/v2\/comments?post=3753"}],"wp:featuredmedia":[{"embeddable":true,"href":"https:\/\/previntegral.com\/es\/wp-json\/wp\/v2\/media\/3755"}],"wp:attachment":[{"href":"https:\/\/previntegral.com\/es\/wp-json\/wp\/v2\/media?parent=3753"}],"wp:term":[{"taxonomy":"product_brand","embeddable":true,"href":"https:\/\/previntegral.com\/es\/wp-json\/wp\/v2\/product_brand?post=3753"},{"taxonomy":"product_cat","embeddable":true,"href":"https:\/\/previntegral.com\/es\/wp-json\/wp\/v2\/product_cat?post=3753"},{"taxonomy":"product_tag","embeddable":true,"href":"https:\/\/previntegral.com\/es\/wp-json\/wp\/v2\/product_tag?post=3753"}],"curies":[{"name":"WordPress","href":"https:\/\/api.w.org\/{rel}","templated":true}]}}