{"id":3756,"date":"2025-12-03T15:03:28","date_gmt":"2025-12-03T15:03:28","guid":{"rendered":"https:\/\/previntegral.com\/producto\/especialitat-en-manteniment-de-maquinaria-i-vehicles\/"},"modified":"2026-03-16T18:32:31","modified_gmt":"2026-03-16T18:32:31","slug":"especializados-en-el-mantenimiento-de-maquinaria-y-vehiculos","status":"publish","type":"product","link":"https:\/\/previntegral.com\/es\/producto\/especialitat-en-manteniment-de-maquinaria-i-vehicles\/","title":{"rendered":"Especializados en el mantenimiento de maquinaria y veh\u00edculos."},"content":{"rendered":"<p>Este curso de <strong>Mantenimiento de maquinaria y veh\u00edculos<\/strong> est\u00e1 especialmente dise\u00f1ado para profesionales del sector de la construcci\u00f3n que necesitan completar su formaci\u00f3n de acuerdo con <strong>Convenio colectivo<\/strong>. Con una duraci\u00f3n de <strong>6 horas<\/strong> y modo <strong>presencial<\/strong>, ofrece formaci\u00f3n pr\u00e1ctica y te\u00f3rica que te permite adquirir los <strong>Habilidades necesarias<\/strong> para el mantenimiento seguro y eficiente de los equipos y veh\u00edculos utilizados en las obras de construcci\u00f3n. Esta formaci\u00f3n es fundamental para prevenir incidentes y garantizar que todos los procesos se lleven a cabo seg\u00fan las normas de seguridad exigidas. Adem\u00e1s, el curso es impartido por un centro acreditado por la Fundaci\u00f3n para la Seguridad en la Construcci\u00f3n, lo que garantiza que la formaci\u00f3n sea reconocida y cumpla con la normativa vigente. Se trata de una excelente oportunidad para mejorar la seguridad, aumentar la profesionalidad y cumplir con la <strong>obligaciones de formaci\u00f3n<\/strong> del acuerdo en el \u00e1mbito del mantenimiento.<\/p>","protected":false},"excerpt":{"rendered":"<p>Aquest curs de Manteniment de maquin\u00e0ria i vehicles est\u00e0 especialment dissenyat per a professionals del sector de la construcci\u00f3 que necessiten completar la seva formaci\u00f3 segons el Convenio Col\u00b7lectiu. Amb una durada de 6 hores i modalitat presencial, ofereix una formaci\u00f3 pr\u00e0ctica i te\u00f2rica que permet adquirir les compet\u00e8ncies necess\u00e0ries per al manteniment segur i [&hellip;]<\/p>\n","protected":false},"featured_media":3758,"comment_status":"open","ping_status":"closed","template":"","meta":{"_acf_changed":false},"product_brand":[],"product_cat":[38],"product_tag":[],"class_list":{"0":"post-3756","1":"product","2":"type-product","3":"status-publish","4":"has-post-thumbnail","6":"product_cat-construccio","8":"first","9":"instock","10":"virtual","11":"taxable","12":"purchasable","13":"product-type-curso"},"acf":[],"precio_regular_curso":150.04,"precio_bonificado_curso":157.3,"_links":{"self":[{"href":"https:\/\/previntegral.com\/es\/wp-json\/wp\/v2\/product\/3756","targetHints":{"allow":["GET"]}}],"collection":[{"href":"https:\/\/previntegral.com\/es\/wp-json\/wp\/v2\/product"}],"about":[{"href":"https:\/\/previntegral.com\/es\/wp-json\/wp\/v2\/types\/product"}],"replies":[{"embeddable":true,"href":"https:\/\/previntegral.com\/es\/wp-json\/wp\/v2\/comments?post=3756"}],"wp:featuredmedia":[{"embeddable":true,"href":"https:\/\/previntegral.com\/es\/wp-json\/wp\/v2\/media\/3758"}],"wp:attachment":[{"href":"https:\/\/previntegral.com\/es\/wp-json\/wp\/v2\/media?parent=3756"}],"wp:term":[{"taxonomy":"product_brand","embeddable":true,"href":"https:\/\/previntegral.com\/es\/wp-json\/wp\/v2\/product_brand?post=3756"},{"taxonomy":"product_cat","embeddable":true,"href":"https:\/\/previntegral.com\/es\/wp-json\/wp\/v2\/product_cat?post=3756"},{"taxonomy":"product_tag","embeddable":true,"href":"https:\/\/previntegral.com\/es\/wp-json\/wp\/v2\/product_tag?post=3756"}],"curies":[{"name":"WordPress","href":"https:\/\/api.w.org\/{rel}","templated":true}]}}