{"id":3759,"date":"2025-12-03T15:03:58","date_gmt":"2025-12-03T15:03:58","guid":{"rendered":"https:\/\/previntegral.com\/producto\/especialitat-en-muntador-descaiola-plaques-de-guix-laminat-i-assimilats\/"},"modified":"2026-03-16T18:32:31","modified_gmt":"2026-03-16T18:32:31","slug":"especialista-en-la-instalacion-de-placas-de-yeso-y-materiales-similares","status":"publish","type":"product","link":"https:\/\/previntegral.com\/es\/producto\/especialitat-en-muntador-descaiola-plaques-de-guix-laminat-i-assimilats\/","title":{"rendered":"Especialista en instalaci\u00f3n de placas de yeso laminado y materiales similares."},"content":{"rendered":"<p>Si quieres desarrollar tu carrera como <strong>Instalador de placas de yeso laminado y materiales similares<\/strong> Dentro del sector de la construcci\u00f3n, este curso presencial de 6 horas es ideal para ti. Con una formaci\u00f3n adaptada a las necesidades de los trabajadores, este curso te permitir\u00e1 adquirir los conocimientos necesarios para realizar trabajos de construcci\u00f3n de forma segura. <strong>Convenio colectivo para el sector de la construcci\u00f3n<\/strong>, obtendr\u00e1 el <strong>Competencias y habilidades espec\u00edficas<\/strong> necesario para llevar a cabo tus tareas con total <strong>seguridad<\/strong> y de conformidad con la normativa aplicable <strong>prevenci\u00f3n de riesgos laborales<\/strong>. La metodolog\u00eda presencial garantiza una experiencia pr\u00e1ctica y directa, esencial para la correcta asimilaci\u00f3n de los contenidos. Esta formaci\u00f3n, impartida por un centro acreditado por la <strong>Fundaci\u00f3n Laboral de la Construcci\u00f3n<\/strong>, Es reconocido y valorado por empresas y profesionales, lo que te ayuda a incorporarte al mercado laboral con confianza y eficacia, y cumple con todas las obligaciones formativas establecidas por el sector laboral.<\/p>","protected":false},"excerpt":{"rendered":"<p>Si vols desenvolupar la teva carrera com a muntador d\u2019escaiola, plaques de guix laminat i materials assimilats dins del sector de la construcci\u00f3, aquest curs presencial de 6 hores \u00e9s ideal per a tu. Amb una formaci\u00f3 adaptada al conveni col\u00b7lectiu de la construcci\u00f3, adquirir\u00e0s les compet\u00e8ncies i habilitats espec\u00edfiques necess\u00e0ries per executar les teves [&hellip;]<\/p>\n","protected":false},"featured_media":3761,"comment_status":"open","ping_status":"closed","template":"","meta":{"_acf_changed":false},"product_brand":[],"product_cat":[38],"product_tag":[],"class_list":{"0":"post-3759","1":"product","2":"type-product","3":"status-publish","4":"has-post-thumbnail","6":"product_cat-construccio","8":"first","9":"instock","10":"virtual","11":"taxable","12":"purchasable","13":"product-type-curso"},"acf":[],"precio_regular_curso":150.04,"precio_bonificado_curso":157.3,"_links":{"self":[{"href":"https:\/\/previntegral.com\/es\/wp-json\/wp\/v2\/product\/3759","targetHints":{"allow":["GET"]}}],"collection":[{"href":"https:\/\/previntegral.com\/es\/wp-json\/wp\/v2\/product"}],"about":[{"href":"https:\/\/previntegral.com\/es\/wp-json\/wp\/v2\/types\/product"}],"replies":[{"embeddable":true,"href":"https:\/\/previntegral.com\/es\/wp-json\/wp\/v2\/comments?post=3759"}],"wp:featuredmedia":[{"embeddable":true,"href":"https:\/\/previntegral.com\/es\/wp-json\/wp\/v2\/media\/3761"}],"wp:attachment":[{"href":"https:\/\/previntegral.com\/es\/wp-json\/wp\/v2\/media?parent=3759"}],"wp:term":[{"taxonomy":"product_brand","embeddable":true,"href":"https:\/\/previntegral.com\/es\/wp-json\/wp\/v2\/product_brand?post=3759"},{"taxonomy":"product_cat","embeddable":true,"href":"https:\/\/previntegral.com\/es\/wp-json\/wp\/v2\/product_cat?post=3759"},{"taxonomy":"product_tag","embeddable":true,"href":"https:\/\/previntegral.com\/es\/wp-json\/wp\/v2\/product_tag?post=3759"}],"curies":[{"name":"WordPress","href":"https:\/\/api.w.org\/{rel}","templated":true}]}}